{"id":530958,"date":"2024-06-17T12:40:35","date_gmt":"2024-06-17T10:40:35","guid":{"rendered":"https:\/\/locabarcelona.egluu.com\/?page_id=530958"},"modified":"2024-08-19T12:03:41","modified_gmt":"2024-08-19T10:03:41","slug":"sant-marti","status":"publish","type":"page","link":"https:\/\/locabarcelona.egluu.com\/fr\/vente-appartements-barcelone\/sant-marti\/","title":{"rendered":"Apartements en vente \u00e0 Sant Marti"},"content":{"rendered":"\t\t<div data-elementor-type=\"wp-page\" data-elementor-id=\"530958\" class=\"elementor elementor-530958 elementor-530916\" data-elementor-post-type=\"page\">\n\t\t\t\t\t\t<section class=\"elementor-section elementor-top-section elementor-element elementor-element-2fd2862a elementor-section-boxed elementor-section-height-default elementor-section-height-default\" data-id=\"2fd2862a\" data-element_type=\"section\">\n\t\t\t\t\t\t<div class=\"elementor-container elementor-column-gap-default\">\n\t\t\t\t\t<div class=\"elementor-column elementor-col-100 elementor-top-column elementor-element elementor-element-a3df5d7\" data-id=\"a3df5d7\" data-element_type=\"column\">\n\t\t\t<div class=\"elementor-widget-wrap elementor-element-populated\">\n\t\t\t\t\t\t<div class=\"elementor-element elementor-element-d447453 elementor-widget elementor-widget-heading\" data-id=\"d447453\" data-element_type=\"widget\" data-widget_type=\"heading.default\">\n\t\t\t\t<div class=\"elementor-widget-container\">\n\t\t\t<h2 class=\"elementor-heading-title elementor-size-default\">Pourquoi devriez-vous acheter un appartement \u00e0 Sant Mart\u00ed ?<\/h2>\t\t<\/div>\n\t\t\t\t<\/div>\n\t\t\t\t<div class=\"elementor-element elementor-element-4b68348 elementor-widget elementor-widget-text-editor\" data-id=\"4b68348\" data-element_type=\"widget\" data-widget_type=\"text-editor.default\">\n\t\t\t\t<div class=\"elementor-widget-container\">\n\t\t\t\t\t\t\t<p><b>Acheter un appartement \u00e0 Sant Mart\u00ed<\/b><span style=\"font-weight: 400;\"> est synonyme d&#8217;acheter une vie tranquille. La <\/span><a href=\"https:\/\/locabarcelona.egluu.com\/fr\/vivre-barcelone\/sant-marti\/\"><span style=\"font-weight: 400;\">vie \u00e0 Sant Mart\u00ed<\/span><\/a><span style=\"font-weight: 400;\"> est largement reconnue pour ses espaces verts et son ambiance r\u00e9sidentielle paisible.<\/span><\/p><p><span style=\"font-weight: 400;\">Il poss\u00e8de l&#8217;une des localisations les plus privil\u00e9gi\u00e9es de toute la ville, car la plage se trouve \u00e0 seulement 20 minutes \u00e0 pied. De plus, il est tr\u00e8s proche des quartiers Sagrera et Clot, qui ont les meilleures communications en transport public, \u00e0 l&#8217;exception de Sants.<\/span><\/p><p><span style=\"font-weight: 400;\">Le prix de l&#8217;immobilier \u00e0 Sant Mart\u00ed, associ\u00e9 \u00e0 la grande activit\u00e9 commerciale du quartier, en fait une grande attraction pour les personnes qui cherchent \u00e0 d\u00e9m\u00e9nager \u00e0 Barcelone.<\/span><\/p>\t\t\t\t\t\t<\/div>\n\t\t\t\t<\/div>\n\t\t\t\t<div class=\"elementor-element elementor-element-c1d95ea elementor-widget elementor-widget-heading\" data-id=\"c1d95ea\" data-element_type=\"widget\" data-widget_type=\"heading.default\">\n\t\t\t\t<div class=\"elementor-widget-container\">\n\t\t\t<h2 class=\"elementor-heading-title elementor-size-default\">Acheter un appartement \u00e0 Sant Mart\u00ed est facile avec Loca Barcelona<\/h2>\t\t<\/div>\n\t\t\t\t<\/div>\n\t\t\t\t<div class=\"elementor-element elementor-element-33a3cbf elementor-widget elementor-widget-text-editor\" data-id=\"33a3cbf\" data-element_type=\"widget\" data-widget_type=\"text-editor.default\">\n\t\t\t\t<div class=\"elementor-widget-container\">\n\t\t\t\t\t\t\t<p><span style=\"font-weight: 400;\">En tant qu&#8217;experts du march\u00e9 immobilier local, nous savons que trouver les meilleures offres d&#8217;appartements \u00e0 vendre \u00e0 Sant Mart\u00ed n&#8217;est pas une t\u00e2che facile. C&#8217;est pourquoi nous sommes fiers de pouvoir dire que nous aidons nos clients avec tout ce qui est n\u00e9cessaire dans le processus d&#8217;achat pour que vous puissiez profiter d&#8217;une excellente exp\u00e9rience.<\/span><\/p><p><span style=\"font-weight: 400;\">Nous connaissons chaque recoin de Sant Mart\u00ed, ce qui nous permet de nous adapter parfaitement aux besoins individuels de chaque personne. De plus, nous proposons plusieurs services pour vous offrir l&#8217;attention dont vous avez besoin :<\/span><\/p><ul><li style=\"font-weight: 400;\" aria-level=\"1\"><b>Personal shopper:<\/b><span style=\"font-weight: 400;\"> Avec notre <\/span><a href=\"https:\/\/locabarcelona.egluu.com\/fr\/vente-appartements-barcelone\/personal-shopper-immobilier-a-barcelone\/\"><span style=\"font-weight: 400;\"><span style=\"text-decoration: underline;\">personal shopper immobilier<\/span><\/span><\/a><span style=\"font-weight: 400;\">, vous b\u00e9n\u00e9ficierez de la s\u00e9curit\u00e9 et du soutien d&#8217;un de nos experts immobiliers, qui vous accompagnera tout au long du processus d&#8217;achat.<\/span><\/li><li style=\"font-weight: 400;\" aria-level=\"1\"><b>Conseils et aide \u00e0 l&#8217;obtention de la Golden Visa :<\/b><span style=\"font-weight: 400;\"> Si vous ne vivez pas en Espagne mais que vous souhaitez investir dans le march\u00e9 immobilier local, ce service vous int\u00e9resse beaucoup. Chez Loca Barcelona, nous vous aidons et vous informons de tout ce qui concerne le processus d&#8217;obtention de la <\/span><a href=\"https:\/\/locabarcelona.egluu.com\/fr\/vente-appartements-barcelone\/golden-visa-espagne\/\"><span style=\"font-weight: 400;\"><span style=\"text-decoration: underline;\">Golden Visa<\/span><\/span><\/a><span style=\"font-weight: 400;\">. Avec ce visa, vous obtiendrez un permis de r\u00e9sidence plus rapidement et pourrez investir en territoire espagnol.<\/span><\/li><\/ul><p><span style=\"font-weight: 400;\">Comme vous pouvez le voir, Loca Barcelona offre tous les services et conseils dont vous pourriez avoir besoin pour rendre votre processus d&#8217;<\/span><span style=\"text-decoration: underline;\"><a href=\"https:\/\/locabarcelona.egluu.com\/fr\/property-status\/vente\/\"><span style=\"font-weight: 400;\">achat d&#8217;appartement \u00e0 Sant Mart\u00ed<\/span><\/a><\/span><span style=\"font-weight: 400;\"> aussi simple que possible.<\/span><\/p>\t\t\t\t\t\t<\/div>\n\t\t\t\t<\/div>\n\t\t\t\t<div class=\"elementor-element elementor-element-1544067 elementor-widget elementor-widget-heading\" data-id=\"1544067\" data-element_type=\"widget\" data-widget_type=\"heading.default\">\n\t\t\t\t<div class=\"elementor-widget-container\">\n\t\t\t<h2 class=\"elementor-heading-title elementor-size-default\">Vous voulez vendre votre appartement \u00e0 Sant Mart\u00ed ?<\/h2>\t\t<\/div>\n\t\t\t\t<\/div>\n\t\t\t\t<div class=\"elementor-element elementor-element-1a8a150 elementor-widget elementor-widget-text-editor\" data-id=\"1a8a150\" data-element_type=\"widget\" data-widget_type=\"text-editor.default\">\n\t\t\t\t<div class=\"elementor-widget-container\">\n\t\t\t\t\t\t\t<p><span style=\"font-weight: 400;\">Si vous envisagez de vendre votre maison \u00e0 Sant Mart\u00ed, nous pouvons vous aider. Chez Loca Barcelona, nous nous engageons \u00e0 simplifier au maximum tout le processus de vente pour que vous puissiez obtenir le meilleur prix possible pour votre propri\u00e9t\u00e9 avec le moindre effort. Pour cela, il vous suffit de suivre ce processus :<\/span><\/p><ol><li style=\"font-weight: 400;\" aria-level=\"1\"><span style=\"font-weight: 400;\">Remplissez le <\/span><span style=\"text-decoration: underline;\"><a href=\"https:\/\/locabarcelona.egluu.com\/fr\/qui-sommes-nous\/contactez-nous\/\"><span style=\"font-weight: 400;\">formulaire de contact<\/span><\/a><\/span><span style=\"font-weight: 400;\"> pour que nous puissions vous contacter d\u00e8s que possible.<\/span><\/li><li style=\"font-weight: 400;\" aria-level=\"1\"><span style=\"font-weight: 400;\">Nous organiserons une visite de votre logement \u00e0 Sant Mart\u00ed pour pouvoir l&#8217;\u00e9valuer de mani\u00e8re pr\u00e9cise.<\/span><\/li><li style=\"font-weight: 400;\" aria-level=\"1\"><span style=\"font-weight: 400;\">Chez Loca Barcelona, nous nous occuperons de tout ce qui concerne la promotion de votre propri\u00e9t\u00e9 \u00e0 Sant Marti et de la montrer \u00e0 des acheteurs potentiels.\u00a0<\/span><\/li><li style=\"font-weight: 400;\" aria-level=\"1\"><span style=\"font-weight: 400;\">Nous r\u00e9digerons le contrat et vous assisterons avec toute la documentation n\u00e9cessaire sous la supervision d&#8217;un avocat.<\/span><\/li><li style=\"font-weight: 400;\" aria-level=\"1\"><span style=\"font-weight: 400;\">Nous terminerons la proc\u00e9dure sous notaire.<\/span><\/li><\/ol><p><span style=\"font-weight: 400;\">N&#8217;oubliez pas que si vous souhaitez conna\u00eetre la valeur approximative de votre appartement, vous pouvez recourir gratuitement \u00e0 <\/span><a href=\"https:\/\/locabarcelona.egluu.com\/fr\/vente-appartements-barcelone\/estimation-bien-immobilier\/\"><span style=\"font-weight: 400;\"><span style=\"text-decoration: underline;\">notre estimateur en ligne<\/span><\/span><\/a><span style=\"font-weight: 400;\">. Mais n&#8217;oubliez pas que c&#8217;est une valeur approximative, il est toujours pr\u00e9f\u00e9rable d&#8217;obtenir l&#8217;\u00e9valuation r\u00e9elle d&#8217;un expert. Il tiendra compte de divers facteurs et vous conseillera \u00e9galement sur les tendances actuelles des prix au m\u00b2 de Sant Mart\u00ed.<\/span><\/p>\t\t\t\t\t\t<\/div>\n\t\t\t\t<\/div>\n\t\t\t\t<div class=\"elementor-element elementor-element-d4e0925 elementor-widget elementor-widget-heading\" data-id=\"d4e0925\" data-element_type=\"widget\" data-widget_type=\"heading.default\">\n\t\t\t\t<div class=\"elementor-widget-container\">\n\t\t\t<h2 class=\"elementor-heading-title elementor-size-default\">Loca Barcelona : votre agence immobili\u00e8re de confiance \u00e0 Sant Mart\u00ed<\/h2>\t\t<\/div>\n\t\t\t\t<\/div>\n\t\t\t\t<div class=\"elementor-element elementor-element-8ab9fc0 elementor-widget elementor-widget-text-editor\" data-id=\"8ab9fc0\" data-element_type=\"widget\" data-widget_type=\"text-editor.default\">\n\t\t\t\t<div class=\"elementor-widget-container\">\n\t\t\t\t\t\t\t<p><span style=\"font-weight: 400;\">Chez <\/span><span style=\"text-decoration: underline;\"><a href=\"https:\/\/locabarcelona.egluu.com\/fr\/\"><span style=\"font-weight: 400;\">Loca Barcelona<\/span><\/a><\/span><span style=\"font-weight: 400;\">, nous sommes fiers d&#8217;\u00eatre l&#8217;agence immobili\u00e8re de Sant Mart\u00ed en laquelle de plus en plus de personnes ont confiance. Notre grande exp\u00e9rience dans le secteur immobilier et une s\u00e9lection des meilleures maisons \u00e0 vendre \u00e0 Sant Mart\u00ed font que nous faire confiance est une garantie de succ\u00e8s.<\/span><\/p>\t\t\t\t\t\t<\/div>\n\t\t\t\t<\/div>\n\t\t\t\t<div class=\"elementor-element elementor-element-d516972 elementor-widget elementor-widget-heading\" data-id=\"d516972\" data-element_type=\"widget\" data-widget_type=\"heading.default\">\n\t\t\t\t<div class=\"elementor-widget-container\">\n\t\t\t<h2 class=\"elementor-heading-title elementor-size-default\">Appartements \u00e0 vendre \u00e0 Barcelone par quartier<\/h2>\t\t<\/div>\n\t\t\t\t<\/div>\n\t\t\t\t\t<\/div>\n\t\t<\/div>\n\t\t\t\t\t<\/div>\n\t\t<\/section>\n\t\t<div class=\"elementor-element elementor-element-85ae83e e-flex e-con-boxed e-con e-parent\" data-id=\"85ae83e\" data-element_type=\"container\">\n\t\t\t\t\t<div class=\"e-con-inner\">\n\t\t\t\t<div class=\"elementor-element elementor-element-d5ac2cf elementor-widget elementor-widget-template\" data-id=\"d5ac2cf\" data-element_type=\"widget\" data-widget_type=\"template.default\">\n\t\t\t\t<div class=\"elementor-widget-container\">\n\t\t\t\t\t<div class=\"elementor-template\">\n\t\t\t\t\t<div data-elementor-type=\"container\" data-elementor-id=\"522718\" class=\"elementor elementor-522718 elementor-521623\" data-elementor-post-type=\"elementor_library\">\n\t\t\t\t<div class=\"elementor-element elementor-element-3f969113 e-flex e-con-boxed e-con e-parent\" data-id=\"3f969113\" data-element_type=\"container\">\n\t\t\t\t\t<div class=\"e-con-inner\">\n\t\t<div class=\"elementor-element elementor-element-65ff43a5 e-con-full e-flex e-con e-child\" data-id=\"65ff43a5\" data-element_type=\"container\">\n\t\t\t\t<div class=\"elementor-element elementor-element-778fdbed elementor-widget elementor-widget-text-editor\" data-id=\"778fdbed\" data-element_type=\"widget\" data-widget_type=\"text-editor.default\">\n\t\t\t\t<div class=\"elementor-widget-container\">\n\t\t\t\t\t\t\t<p><a href=\"https:\/\/locabarcelona.egluu.com\/fr\/vente-appartements-barcelone\/eixample\/\">Appartements \u00e0 vendre \u00e0 l&#8217;Eixample<\/a><br \/>Appartements \u00e0 vendre \u00e0 Eixample Dreta<br \/>Appartements \u00e0 Antiga Esquerra de l&#8217;Eixample<br \/>Appartements \u00e0 Nova Esquerra de l&#8217;Eixample<br \/>Appartements \u00e0 vendre \u00e0 Fort Pienc<br \/><a href=\"https:\/\/locabarcelona.egluu.com\/fr\/vente-appartements-barcelone\/sagrada-familia\/\">Appartements \u00e0 vendre \u00e0 Sagrada Familia<\/a><br \/><a href=\"https:\/\/locabarcelona.egluu.com\/fr\/vente-appartements-barcelone\/nou-barris\/\">Appartements \u00e0 vendre \u00e0 Sant Antoni<\/a><br \/><a href=\"https:\/\/locabarcelona.egluu.com\/fr\/vente-appartements-barcelone\/ciutat-vella\/\">Appartements \u00e0 vendre \u00e0 Ciutat Vella<\/a><br \/>Appartements \u00e0 vendre \u00e0 El Gotico<br \/><a href=\"https:\/\/locabarcelona.egluu.com\/fr\/vente-appartements-barcelone\/el-raval\/\">Appartements \u00e0 vendre dans le Raval<\/a><br \/><a href=\"https:\/\/locabarcelona.egluu.com\/fr\/vente-appartements-barcelone\/el-born\/\">Appartements \u00e0 vendre \u00e0 El Born<\/a><br \/><a href=\"https:\/\/locabarcelona.egluu.com\/fr\/vente-appartements-barcelone\/barceloneta\/\">Appartements \u00e0 vendre \u00e0 Barceloneta<\/a><br \/><a href=\"https:\/\/locabarcelona.egluu.com\/fr\/vente-appartements-barcelone\/sants-montjuic\/\">Appartements \u00e0 vendre \u00e0 Sants-Montju\u00efc<\/a><br \/><a href=\"https:\/\/locabarcelona.egluu.com\/fr\/vente-appartements-barcelone\/poble-sec\/\">Appartements \u00e0 vendre \u00e0 Poble Sec<\/a><br \/><a href=\"https:\/\/locabarcelona.egluu.com\/fr\/vente-appartements-barcelone\/sants\/\">Appartements \u00e0 vendre \u00e0 Sants<\/a><br \/>Appartements \u00e0 vendre \u00e0 El Putxet i Farr\u00f3<br \/>Appartements \u00e0 vendre \u00e0 Las Tres Torres<br \/>Appartements \u00e0 vendre \u00e0 Montju\u00efc<\/p>\t\t\t\t\t\t<\/div>\n\t\t\t\t<\/div>\n\t\t\t\t<\/div>\n\t\t<div class=\"elementor-element elementor-element-57de031d e-con-full e-flex e-con e-child\" data-id=\"57de031d\" data-element_type=\"container\">\n\t\t\t\t<div class=\"elementor-element elementor-element-12264ea9 elementor-widget elementor-widget-text-editor\" data-id=\"12264ea9\" data-element_type=\"widget\" data-widget_type=\"text-editor.default\">\n\t\t\t\t<div class=\"elementor-widget-container\">\n\t\t\t\t\t\t\t<p><a href=\"https:\/\/locabarcelona.egluu.com\/fr\/vente-appartements-barcelone\/les-corts\/\">Appartements \u00e0 vendre \u00e0 les Corts<\/a><br \/>Appartements \u00e0 vendre \u00e0 Pedralbes<br \/><a href=\"https:\/\/locabarcelona.egluu.com\/fr\/vente-appartements-barcelone\/sarria-sant-gervasi\/\">Appartements \u00e0 vendre \u00e0 Sarria Sant Gervasi<\/a><br \/>Appartements \u00e0 vendre \u00e0 Gr\u00e0cia<br \/>Appartements \u00e0 vendre \u00e0 Vila de Gr\u00e0cia<br \/><a href=\"https:\/\/locabarcelona.egluu.com\/fr\/vente-appartements-barcelone\/horta-guinardo\/\">Appartements \u00e0 vendre \u00e0 Horta-Guinardo<\/a><br \/><a href=\"https:\/\/locabarcelona.egluu.com\/fr\/vente-appartements-barcelone\/nou-barris\/\">Appartements \u00e0 vendre \u00e0 Nou Barris<\/a><br \/><a href=\"https:\/\/locabarcelona.egluu.com\/fr\/vente-appartements-barcelone\/nou-barris\/\">Appartements \u00e0 vendre \u00e0 Sant Andreu<\/a><br \/><a href=\"https:\/\/locabarcelona.egluu.com\/fr\/vente-appartements-barcelone\/sant-antoni\/\">Appartements \u00e0 vendre \u00e0 Sant Antoni<\/a><br \/><a href=\"https:\/\/locabarcelona.egluu.com\/fr\/vente-appartements-barcelone\/sant-marti\/\">Appartements \u00e0 vendre \u00e0 Sant Mart\u00ed<\/a><br \/><a href=\"https:\/\/locabarcelona.egluu.com\/fr\/vente-appartements-barcelone\/el-clot\/\">Appartements \u00e0 vendre \u00e0 El Clot<\/a><br \/>Appartements \u00e0 La Vila Ol\u00edmpica del Poblenou<br \/><a href=\"https:\/\/locabarcelona.egluu.com\/fr\/vente-appartements-barcelone\/poble-nou\/\">Appartements \u00e0 vendre \u00e0 Poblenou<\/a><br \/>Appartements \u00e0 vendre \u00e0 Diagonal Mar<br \/>Appartements \u00e0 vendre \u00e0 Sant Gervasi \u2013 la bonanova<br \/>Appartements \u00e0 vendre \u00e0 Sant Gervasi Galvany<br \/>Appartements \u00e0 vendre dans la Zone Franche<br \/>Appartements \u00e0 vendre \u00e0 Sants Badal<\/p>\t\t\t\t\t\t<\/div>\n\t\t\t\t<\/div>\n\t\t\t\t<\/div>\n\t\t\t\t\t<\/div>\n\t\t\t\t<\/div>\n\t\t\t\t<\/div>\n\t\t\t\t<\/div>\n\t\t\t\t<\/div>\n\t\t\t\t<\/div>\n\t\t\t\t\t<\/div>\n\t\t\t\t<\/div>\n\t\t\t\t<\/div>\n\t\t","protected":false},"excerpt":{"rendered":"<p>Pourquoi devriez-vous acheter un appartement \u00e0 Sant Mart\u00ed ? Acheter un appartement \u00e0 Sant Mart\u00ed est synonyme d&#8217;acheter une vie tranquille. La vie \u00e0 Sant Mart\u00ed est largement reconnue pour ses espaces verts et son ambiance r\u00e9sidentielle paisible. Il poss\u00e8de l&#8217;une des localisations les plus privil\u00e9gi\u00e9es de toute la ville, car la plage se trouve&#8230;<\/p>\n","protected":false},"author":344,"featured_media":0,"parent":506318,"menu_order":0,"comment_status":"closed","ping_status":"closed","template":"templates\/list-layout.php","meta":{"inline_featured_image":false,"footnotes":""},"yoast_head":"<!-- This site is optimized with the Yoast SEO Premium plugin v22.6 (Yoast SEO v22.6) - https:\/\/yoast.com\/wordpress\/plugins\/seo\/ -->\n<title>Apartements en vente \u00e0 Sant Marti | Locabarcelona<\/title>\n<meta name=\"description\" content=\"Agence locale, nous connaissons les avantages de Sant Marti et garantissons le meilleur prix pour votre appartement.\" \/>\n<meta name=\"robots\" content=\"noindex, follow, max-snippet:-1, max-image-preview:large, max-video-preview:-1\" \/>\n<meta property=\"og:locale\" content=\"fr_FR\" \/>\n<meta property=\"og:type\" content=\"article\" \/>\n<meta property=\"og:title\" content=\"Apartements en vente \u00e0 Sant Marti | Locabarcelona\" \/>\n<meta property=\"og:description\" content=\"Agence locale, nous connaissons les avantages de Sant Marti et garantissons le meilleur prix pour votre appartement.\" \/>\n<meta property=\"og:url\" content=\"https:\/\/locabarcelona.egluu.com\/fr\/vente-appartements-barcelone\/sant-marti\/\" \/>\n<meta property=\"og:site_name\" content=\"Locabarcelona\" \/>\n<meta property=\"article:modified_time\" content=\"2024-08-19T10:03:41+00:00\" \/>\n<meta name=\"twitter:card\" content=\"summary_large_image\" \/>\n<meta name=\"twitter:label1\" content=\"Est. reading time\" \/>\n\t<meta name=\"twitter:data1\" content=\"6 minutes\" \/>\n<script type=\"application\/ld+json\" class=\"yoast-schema-graph\">{\"@context\":\"https:\/\/schema.org\",\"@graph\":[{\"@type\":\"WebPage\",\"@id\":\"https:\/\/locabarcelona.egluu.com\/fr\/vente-appartements-barcelone\/sant-marti\/\",\"url\":\"https:\/\/locabarcelona.egluu.com\/fr\/vente-appartements-barcelone\/sant-marti\/\",\"name\":\"Apartements en vente \u00e0 Sant Marti | Locabarcelona\",\"isPartOf\":{\"@id\":\"https:\/\/locabarcelona.egluu.com\/fr\/#website\"},\"datePublished\":\"2024-06-17T10:40:35+00:00\",\"dateModified\":\"2024-08-19T10:03:41+00:00\",\"description\":\"Agence locale, nous connaissons les avantages de Sant Marti et garantissons le meilleur prix pour votre appartement.\",\"breadcrumb\":{\"@id\":\"https:\/\/locabarcelona.egluu.com\/fr\/vente-appartements-barcelone\/sant-marti\/#breadcrumb\"},\"inLanguage\":\"fr-FR\",\"potentialAction\":[{\"@type\":\"ReadAction\",\"target\":[\"https:\/\/locabarcelona.egluu.com\/fr\/vente-appartements-barcelone\/sant-marti\/\"]}]},{\"@type\":\"BreadcrumbList\",\"@id\":\"https:\/\/locabarcelona.egluu.com\/fr\/vente-appartements-barcelone\/sant-marti\/#breadcrumb\",\"itemListElement\":[{\"@type\":\"ListItem\",\"position\":1,\"name\":\"Inicio\",\"item\":\"https:\/\/www.locabarcelona.com\/fr\/home\/\"},{\"@type\":\"ListItem\",\"position\":2,\"name\":\"Vente d\u2019appartements \u00e0 Barcelone\",\"item\":\"https:\/\/www.locabarcelona.com\/fr\/vente-appartements-barcelone\/\"},{\"@type\":\"ListItem\",\"position\":3,\"name\":\"Apartements en vente \u00e0 Sant Marti\"}]},{\"@type\":\"WebSite\",\"@id\":\"https:\/\/locabarcelona.egluu.com\/fr\/#website\",\"url\":\"https:\/\/locabarcelona.egluu.com\/fr\/\",\"name\":\"Loca Barcelona\",\"description\":\"Real Estate Services\",\"publisher\":{\"@id\":\"https:\/\/locabarcelona.egluu.com\/fr\/#organization\"},\"potentialAction\":[{\"@type\":\"SearchAction\",\"target\":{\"@type\":\"EntryPoint\",\"urlTemplate\":\"https:\/\/locabarcelona.egluu.com\/fr\/?s={search_term_string}\"},\"query-input\":\"required name=search_term_string\"}],\"inLanguage\":\"fr-FR\"},{\"@type\":\"Organization\",\"@id\":\"https:\/\/locabarcelona.egluu.com\/fr\/#organization\",\"name\":\"Loca Barcelona\",\"url\":\"https:\/\/locabarcelona.egluu.com\/fr\/\",\"logo\":{\"@type\":\"ImageObject\",\"inLanguage\":\"fr-FR\",\"@id\":\"https:\/\/locabarcelona.egluu.com\/fr\/#\/schema\/logo\/image\/\",\"url\":\"https:\/\/locabarcelona.egluu.com\/wp-content\/uploads\/2021\/10\/logo_locabarcelona_small.png\",\"contentUrl\":\"https:\/\/locabarcelona.egluu.com\/wp-content\/uploads\/2021\/10\/logo_locabarcelona_small.png\",\"width\":250,\"height\":149,\"caption\":\"Loca Barcelona\"},\"image\":{\"@id\":\"https:\/\/locabarcelona.egluu.com\/fr\/#\/schema\/logo\/image\/\"}}]}<\/script>\n<!-- \/ Yoast SEO Premium plugin. -->","yoast_head_json":{"title":"Apartements en vente \u00e0 Sant Marti | Locabarcelona","description":"Agence locale, nous connaissons les avantages de Sant Marti et garantissons le meilleur prix pour votre appartement.","robots":{"index":"noindex","follow":"follow","max-snippet":"max-snippet:-1","max-image-preview":"max-image-preview:large","max-video-preview":"max-video-preview:-1"},"og_locale":"fr_FR","og_type":"article","og_title":"Apartements en vente \u00e0 Sant Marti | Locabarcelona","og_description":"Agence locale, nous connaissons les avantages de Sant Marti et garantissons le meilleur prix pour votre appartement.","og_url":"https:\/\/locabarcelona.egluu.com\/fr\/vente-appartements-barcelone\/sant-marti\/","og_site_name":"Locabarcelona","article_modified_time":"2024-08-19T10:03:41+00:00","twitter_card":"summary_large_image","twitter_misc":{"Est. reading time":"6 minutes"},"schema":{"@context":"https:\/\/schema.org","@graph":[{"@type":"WebPage","@id":"https:\/\/locabarcelona.egluu.com\/fr\/vente-appartements-barcelone\/sant-marti\/","url":"https:\/\/locabarcelona.egluu.com\/fr\/vente-appartements-barcelone\/sant-marti\/","name":"Apartements en vente \u00e0 Sant Marti | Locabarcelona","isPartOf":{"@id":"https:\/\/locabarcelona.egluu.com\/fr\/#website"},"datePublished":"2024-06-17T10:40:35+00:00","dateModified":"2024-08-19T10:03:41+00:00","description":"Agence locale, nous connaissons les avantages de Sant Marti et garantissons le meilleur prix pour votre appartement.","breadcrumb":{"@id":"https:\/\/locabarcelona.egluu.com\/fr\/vente-appartements-barcelone\/sant-marti\/#breadcrumb"},"inLanguage":"fr-FR","potentialAction":[{"@type":"ReadAction","target":["https:\/\/locabarcelona.egluu.com\/fr\/vente-appartements-barcelone\/sant-marti\/"]}]},{"@type":"BreadcrumbList","@id":"https:\/\/locabarcelona.egluu.com\/fr\/vente-appartements-barcelone\/sant-marti\/#breadcrumb","itemListElement":[{"@type":"ListItem","position":1,"name":"Inicio","item":"https:\/\/www.locabarcelona.com\/fr\/home\/"},{"@type":"ListItem","position":2,"name":"Vente d\u2019appartements \u00e0 Barcelone","item":"https:\/\/www.locabarcelona.com\/fr\/vente-appartements-barcelone\/"},{"@type":"ListItem","position":3,"name":"Apartements en vente \u00e0 Sant Marti"}]},{"@type":"WebSite","@id":"https:\/\/locabarcelona.egluu.com\/fr\/#website","url":"https:\/\/locabarcelona.egluu.com\/fr\/","name":"Loca Barcelona","description":"Real Estate Services","publisher":{"@id":"https:\/\/locabarcelona.egluu.com\/fr\/#organization"},"potentialAction":[{"@type":"SearchAction","target":{"@type":"EntryPoint","urlTemplate":"https:\/\/locabarcelona.egluu.com\/fr\/?s={search_term_string}"},"query-input":"required name=search_term_string"}],"inLanguage":"fr-FR"},{"@type":"Organization","@id":"https:\/\/locabarcelona.egluu.com\/fr\/#organization","name":"Loca Barcelona","url":"https:\/\/locabarcelona.egluu.com\/fr\/","logo":{"@type":"ImageObject","inLanguage":"fr-FR","@id":"https:\/\/locabarcelona.egluu.com\/fr\/#\/schema\/logo\/image\/","url":"https:\/\/locabarcelona.egluu.com\/wp-content\/uploads\/2021\/10\/logo_locabarcelona_small.png","contentUrl":"https:\/\/locabarcelona.egluu.com\/wp-content\/uploads\/2021\/10\/logo_locabarcelona_small.png","width":250,"height":149,"caption":"Loca Barcelona"},"image":{"@id":"https:\/\/locabarcelona.egluu.com\/fr\/#\/schema\/logo\/image\/"}}]}},"_links":{"self":[{"href":"https:\/\/locabarcelona.egluu.com\/fr\/wp-json\/wp\/v2\/pages\/530958"}],"collection":[{"href":"https:\/\/locabarcelona.egluu.com\/fr\/wp-json\/wp\/v2\/pages"}],"about":[{"href":"https:\/\/locabarcelona.egluu.com\/fr\/wp-json\/wp\/v2\/types\/page"}],"author":[{"embeddable":true,"href":"https:\/\/locabarcelona.egluu.com\/fr\/wp-json\/wp\/v2\/users\/344"}],"replies":[{"embeddable":true,"href":"https:\/\/locabarcelona.egluu.com\/fr\/wp-json\/wp\/v2\/comments?post=530958"}],"version-history":[{"count":14,"href":"https:\/\/locabarcelona.egluu.com\/fr\/wp-json\/wp\/v2\/pages\/530958\/revisions"}],"predecessor-version":[{"id":537620,"href":"https:\/\/locabarcelona.egluu.com\/fr\/wp-json\/wp\/v2\/pages\/530958\/revisions\/537620"}],"up":[{"embeddable":true,"href":"https:\/\/locabarcelona.egluu.com\/fr\/wp-json\/wp\/v2\/pages\/506318"}],"wp:attachment":[{"href":"https:\/\/locabarcelona.egluu.com\/fr\/wp-json\/wp\/v2\/media?parent=530958"}],"curies":[{"name":"wp","href":"https:\/\/api.w.org\/{rel}","templated":true}]}}