{"id":531175,"date":"2024-06-17T12:43:21","date_gmt":"2024-06-17T10:43:21","guid":{"rendered":"https:\/\/locabarcelona.egluu.com\/?page_id=531175"},"modified":"2024-06-17T12:43:21","modified_gmt":"2024-06-17T10:43:21","slug":"zona-franca","status":"publish","type":"page","link":"https:\/\/locabarcelona.egluu.com\/fr\/vente-appartements-barcelone\/zona-franca\/","title":{"rendered":"Apartements en vente \u00e0 Zona Franca"},"content":{"rendered":"\t\t<div data-elementor-type=\"wp-page\" data-elementor-id=\"531175\" class=\"elementor elementor-531175 elementor-530943\" data-elementor-post-type=\"page\">\n\t\t\t\t\t\t<section class=\"elementor-section elementor-top-section elementor-element elementor-element-2fd2862a elementor-section-boxed elementor-section-height-default elementor-section-height-default\" data-id=\"2fd2862a\" data-element_type=\"section\">\n\t\t\t\t\t\t<div class=\"elementor-container elementor-column-gap-default\">\n\t\t\t\t\t<div class=\"elementor-column elementor-col-100 elementor-top-column elementor-element elementor-element-a3df5d7\" data-id=\"a3df5d7\" data-element_type=\"column\">\n\t\t\t<div class=\"elementor-widget-wrap elementor-element-populated\">\n\t\t\t\t\t\t<div class=\"elementor-element elementor-element-d447453 elementor-widget elementor-widget-heading\" data-id=\"d447453\" data-element_type=\"widget\" data-widget_type=\"heading.default\">\n\t\t\t\t<div class=\"elementor-widget-container\">\n\t\t\t<h2 class=\"elementor-heading-title elementor-size-default\">Pourquoi devriez-vous acheter un appartement \u00e0 Zona Franca?<\/h2>\t\t<\/div>\n\t\t\t\t<\/div>\n\t\t\t\t<div class=\"elementor-element elementor-element-4b68348 elementor-widget elementor-widget-text-editor\" data-id=\"4b68348\" data-element_type=\"widget\" data-widget_type=\"text-editor.default\">\n\t\t\t\t<div class=\"elementor-widget-container\">\n\t\t\t\t\t\t\t<p><strong>Le quartier de Zona Franca<\/strong> est largement connu \u00e0 Barcelone pour ses nouveaux appartements en vente et ses prix abordables. Cette zone se situe dans la partie sud du <span style=\"text-decoration: underline;\"><a href=\"https:\/\/locabarcelona.egluu.com\/fr\/vivre-barcelone\/sants-montjuic\/\">district de Sants-Montju\u00efc<\/a><\/span>, ce qui en fait l&#8217;option id\u00e9ale si vous souhaitez avoir la plage et la montagne \u00e0 quelques minutes de chez vous.<\/p><p><strong>Acheter un appartement \u00e0 Zona Franca<\/strong> garantit une vie tranquille en p\u00e9riph\u00e9rie de la ville. Si vous voulez profiter des <span style=\"text-decoration: underline;\"><a href=\"https:\/\/locabarcelona.egluu.com\/fr\/vivre-barcelone\/\">avantages de Barcelone<\/a><\/span> tout en \u00e9vitant son agitation, ce quartier est la solution parfaite pour vous.<\/p><p>Donc, si vous cherchez un endroit calme, bien desservi et \u00e0 un prix abordable, les maisons en vente \u00e0 Zona Franca sont ce qu&#8217;il vous faut.<\/p>\t\t\t\t\t\t<\/div>\n\t\t\t\t<\/div>\n\t\t\t\t<div class=\"elementor-element elementor-element-c1d95ea elementor-widget elementor-widget-heading\" data-id=\"c1d95ea\" data-element_type=\"widget\" data-widget_type=\"heading.default\">\n\t\t\t\t<div class=\"elementor-widget-container\">\n\t\t\t<h2 class=\"elementor-heading-title elementor-size-default\">Acheter un appartement \u00e0 Zona Franca est facile avec Loca Barcelona\n<\/h2>\t\t<\/div>\n\t\t\t\t<\/div>\n\t\t\t\t<div class=\"elementor-element elementor-element-33a3cbf elementor-widget elementor-widget-text-editor\" data-id=\"33a3cbf\" data-element_type=\"widget\" data-widget_type=\"text-editor.default\">\n\t\t\t\t<div class=\"elementor-widget-container\">\n\t\t\t\t\t\t\t<p>Chez Loca Barcelona, nous comprenons l&#8217;importance de trouver l&#8217;appartement parfait \u00e0 Zona Franca. C&#8217;est pourquoi nous sommes fiers de dire que nous sommes l\u00e0 pour rendre ce processus aussi simple que possible. Nous connaissons chaque recoin de ce merveilleux quartier, ce qui nous permet de vous fournir des informations d\u00e9taill\u00e9es sur les diff\u00e9rentes zones, leurs services locaux et les tendances du march\u00e9.<\/p><p>Notre \u00e9quipe d&#8217;experts en immobilier s&#8217;engage chaque jour \u00e0 vous fournir toute l&#8217;assistance n\u00e9cessaire, depuis l&#8217;exploration des options disponibles jusqu&#8217;\u00e0 la finalisation de l&#8217;achat.<\/p><p>De plus, nous offrons divers services \u00e0 nos clients pour assurer l&#8217;excellence de nos ventes. Nous veillons \u00e0 ce que chaque personne soit prise en charge en fonction de ses besoins. Voici ce que nous vous proposons :<\/p><p><span style=\"text-decoration: underline;\"><a href=\"https:\/\/locabarcelona.egluu.com\/fr\/vente-appartements-barcelone\/personal-shopper-immobilier-a-barcelone\/\"><strong>Personal shopper immobilier<\/strong><\/a><\/span> : Si vous souhaitez b\u00e9n\u00e9ficier du soutien et de la s\u00e9curit\u00e9 offerts par un expert immobilier d\u00e9di\u00e9 exclusivement \u00e0 vous, ce service est fait pour vous. Un expert de notre \u00e9quipe r\u00e9pondra \u00e0 vos questions et besoins, et cherchera l&#8217;appartement en vente \u00e0 Zona Franca qui correspond le mieux \u00e0 vos attentes.<\/p><p><strong>Informations et aide pour l&#8217;obtention de la Golden Visa<\/strong> : Vous \u00eates int\u00e9ress\u00e9 par un investissement immobilier en Espagne mais vous ne r\u00e9sidez pas dans le pays ? Pas de souci ! Avec la <span style=\"text-decoration: underline;\"><a href=\"https:\/\/locabarcelona.egluu.com\/fr\/vente-appartements-barcelone\/golden-visa-espagne\/\">Golden Visa<\/a><\/span>, vous obtiendrez un permis de r\u00e9sidence rapidement, vous permettant de r\u00e9aliser vos investissements et de vivre ici. Nous vous fournirons toutes les informations et vous aiderons dans le processus d&#8217;obtention du visa.<\/p><p>Chez Loca Barcelona, nous vous offrons toute l&#8217;orientation et l&#8217;assistance dont vous pourriez avoir besoin pour faire de l&#8217;<span style=\"text-decoration: underline;\"><a href=\"https:\/\/locabarcelona.egluu.com\/fr\/property-status\/vente\/\">achat de votre maison \u00e0 Zona Franca<\/a><\/span> une exp\u00e9rience sans complications. Faites-nous confiance pour r\u00e9aliser votre r\u00eave de vivre dans ce grand quartier de Barcelone.<\/p>\t\t\t\t\t\t<\/div>\n\t\t\t\t<\/div>\n\t\t\t\t<div class=\"elementor-element elementor-element-1544067 elementor-widget elementor-widget-heading\" data-id=\"1544067\" data-element_type=\"widget\" data-widget_type=\"heading.default\">\n\t\t\t\t<div class=\"elementor-widget-container\">\n\t\t\t<h2 class=\"elementor-heading-title elementor-size-default\">Vous souhaitez vendre votre appartement \u00e0 Zona Franca ?<\/h2>\t\t<\/div>\n\t\t\t\t<\/div>\n\t\t\t\t<div class=\"elementor-element elementor-element-1a8a150 elementor-widget elementor-widget-text-editor\" data-id=\"1a8a150\" data-element_type=\"widget\" data-widget_type=\"text-editor.default\">\n\t\t\t\t<div class=\"elementor-widget-container\">\n\t\t\t\t\t\t\t<p>Si vous envisagez de <strong>vendre votre appartement \u00e0 Zona Franca<\/strong>, vous \u00eates au bon endroit. Chez Loca Barcelona, nous nous engageons \u00e0 simplifier l&#8217;ensemble du processus de vente. Avec nous, vous pourrez obtenir le meilleur prix possible pour votre appartement en vente \u00e0 Zona Franca. Pour cela, il vous suffit de suivre les \u00e9tapes suivantes :<\/p><p>1. Contactez-nous en remplissant notre <span style=\"text-decoration: underline;\"><a href=\"https:\/\/locabarcelona.egluu.com\/fr\/qui-sommes-nous\/contactez-nous\/\">formulaire de contact<\/a><\/span>.<br \/>2. Nous organiserons une visite de votre maison afin qu&#8217;un de nos experts \u00e9valuateurs puisse fixer un prix de vente ad\u00e9quat.<br \/>3. Chez Loca Barcelona, nous nous occuperons de la promotion et de la pr\u00e9sentation de votre maison \u00e0 vendre \u00e0 Zona Franca \u00e0 des acheteurs potentiels.<br \/>4. Nous r\u00e9digerons le contrat et vous assisterons dans toutes les d\u00e9marches administratives sous la supervision d&#8217;un avocat.<br \/>5. Nous finaliserons le processus de vente devant notaire.<\/p><p>N&#8217;oubliez pas que si vous souhaitez conna\u00eetre la valeur approximative de votre appartement \u00e0 Zona Franca en quelques minutes, vous pouvez utiliser notre <span style=\"text-decoration: underline;\"><a href=\"https:\/\/locabarcelona.egluu.com\/fr\/vente-appartements-barcelone\/estimation-bien-immobilier\/\">estimateur en ligne gratuit<\/a><\/span>. Mais souvenez-vous qu&#8217;il est toujours pr\u00e9f\u00e9rable d&#8217;avoir une \u00e9valuation pr\u00e9cise par un expert.<\/p>\t\t\t\t\t\t<\/div>\n\t\t\t\t<\/div>\n\t\t\t\t<div class=\"elementor-element elementor-element-d4e0925 elementor-widget elementor-widget-heading\" data-id=\"d4e0925\" data-element_type=\"widget\" data-widget_type=\"heading.default\">\n\t\t\t\t<div class=\"elementor-widget-container\">\n\t\t\t<h2 class=\"elementor-heading-title elementor-size-default\">Loca Barcelona : votre agence immobili\u00e8re de confiance \u00e0 Zona Franca<\/h2>\t\t<\/div>\n\t\t\t\t<\/div>\n\t\t\t\t<div class=\"elementor-element elementor-element-8ab9fc0 elementor-widget elementor-widget-text-editor\" data-id=\"8ab9fc0\" data-element_type=\"widget\" data-widget_type=\"text-editor.default\">\n\t\t\t\t<div class=\"elementor-widget-container\">\n\t\t\t\t\t\t\t<p><span style=\"text-decoration: underline;\"><a href=\"https:\/\/locabarcelona.egluu.com\/fr\/\">Loca Barcelona<\/a><\/span> est l&#8217;agence immobili\u00e8re de confiance \u00e0 Zona Franca pour de plus en plus de personnes. Nos ann\u00e9es d&#8217;exp\u00e9rience dans le secteur local nous permettent d&#8217;offrir un service exceptionnel \u00e0 tous ceux qui cherchent \u00e0 acheter ou vendre leur appartement. Si vous \u00eates int\u00e9ress\u00e9, n&#8217;h\u00e9sitez pas \u00e0 nous contacter.<\/p>\t\t\t\t\t\t<\/div>\n\t\t\t\t<\/div>\n\t\t\t\t<div class=\"elementor-element elementor-element-d516972 elementor-widget elementor-widget-heading\" data-id=\"d516972\" data-element_type=\"widget\" data-widget_type=\"heading.default\">\n\t\t\t\t<div class=\"elementor-widget-container\">\n\t\t\t<h2 class=\"elementor-heading-title elementor-size-default\">Appartements \u00e0 vendre \u00e0 Barcelone par quartier<\/h2>\t\t<\/div>\n\t\t\t\t<\/div>\n\t\t\t\t\t<\/div>\n\t\t<\/div>\n\t\t\t\t\t<\/div>\n\t\t<\/section>\n\t\t<div class=\"elementor-element elementor-element-04d895d e-flex e-con-boxed e-con e-parent\" data-id=\"04d895d\" data-element_type=\"container\">\n\t\t\t\t\t<div class=\"e-con-inner\">\n\t\t\t\t<div class=\"elementor-element elementor-element-853ff62 elementor-widget elementor-widget-template\" data-id=\"853ff62\" data-element_type=\"widget\" data-widget_type=\"template.default\">\n\t\t\t\t<div class=\"elementor-widget-container\">\n\t\t\t\t\t<div class=\"elementor-template\">\n\t\t\t\t\t<div data-elementor-type=\"container\" data-elementor-id=\"522718\" class=\"elementor elementor-522718 elementor-521623\" data-elementor-post-type=\"elementor_library\">\n\t\t\t\t<div class=\"elementor-element elementor-element-3f969113 e-flex e-con-boxed e-con e-parent\" data-id=\"3f969113\" data-element_type=\"container\">\n\t\t\t\t\t<div class=\"e-con-inner\">\n\t\t<div class=\"elementor-element elementor-element-65ff43a5 e-con-full e-flex e-con e-child\" data-id=\"65ff43a5\" data-element_type=\"container\">\n\t\t\t\t<div class=\"elementor-element elementor-element-778fdbed elementor-widget elementor-widget-text-editor\" data-id=\"778fdbed\" data-element_type=\"widget\" data-widget_type=\"text-editor.default\">\n\t\t\t\t<div class=\"elementor-widget-container\">\n\t\t\t\t\t\t\t<p><a href=\"https:\/\/locabarcelona.egluu.com\/fr\/vente-appartements-barcelone\/eixample\/\">Appartements \u00e0 vendre \u00e0 l&#8217;Eixample<\/a><br \/>Appartements \u00e0 vendre \u00e0 Eixample Dreta<br \/>Appartements \u00e0 Antiga Esquerra de l&#8217;Eixample<br \/>Appartements \u00e0 Nova Esquerra de l&#8217;Eixample<br \/>Appartements \u00e0 vendre \u00e0 Fort Pienc<br \/><a href=\"https:\/\/locabarcelona.egluu.com\/fr\/vente-appartements-barcelone\/sagrada-familia\/\">Appartements \u00e0 vendre \u00e0 Sagrada Familia<\/a><br \/><a href=\"https:\/\/locabarcelona.egluu.com\/fr\/vente-appartements-barcelone\/nou-barris\/\">Appartements \u00e0 vendre \u00e0 Sant Antoni<\/a><br \/><a href=\"https:\/\/locabarcelona.egluu.com\/fr\/vente-appartements-barcelone\/ciutat-vella\/\">Appartements \u00e0 vendre \u00e0 Ciutat Vella<\/a><br \/>Appartements \u00e0 vendre \u00e0 El Gotico<br \/><a href=\"https:\/\/locabarcelona.egluu.com\/fr\/vente-appartements-barcelone\/el-raval\/\">Appartements \u00e0 vendre dans le Raval<\/a><br \/><a href=\"https:\/\/locabarcelona.egluu.com\/fr\/vente-appartements-barcelone\/el-born\/\">Appartements \u00e0 vendre \u00e0 El Born<\/a><br \/><a href=\"https:\/\/locabarcelona.egluu.com\/fr\/vente-appartements-barcelone\/barceloneta\/\">Appartements \u00e0 vendre \u00e0 Barceloneta<\/a><br \/><a href=\"https:\/\/locabarcelona.egluu.com\/fr\/vente-appartements-barcelone\/sants-montjuic\/\">Appartements \u00e0 vendre \u00e0 Sants-Montju\u00efc<\/a><br \/><a href=\"https:\/\/locabarcelona.egluu.com\/fr\/vente-appartements-barcelone\/poble-sec\/\">Appartements \u00e0 vendre \u00e0 Poble Sec<\/a><br \/><a href=\"https:\/\/locabarcelona.egluu.com\/fr\/vente-appartements-barcelone\/sants\/\">Appartements \u00e0 vendre \u00e0 Sants<\/a><br \/>Appartements \u00e0 vendre \u00e0 El Putxet i Farr\u00f3<br \/>Appartements \u00e0 vendre \u00e0 Las Tres Torres<br \/>Appartements \u00e0 vendre \u00e0 Montju\u00efc<\/p>\t\t\t\t\t\t<\/div>\n\t\t\t\t<\/div>\n\t\t\t\t<\/div>\n\t\t<div class=\"elementor-element elementor-element-57de031d e-con-full e-flex e-con e-child\" data-id=\"57de031d\" data-element_type=\"container\">\n\t\t\t\t<div class=\"elementor-element elementor-element-12264ea9 elementor-widget elementor-widget-text-editor\" data-id=\"12264ea9\" data-element_type=\"widget\" data-widget_type=\"text-editor.default\">\n\t\t\t\t<div class=\"elementor-widget-container\">\n\t\t\t\t\t\t\t<p><a href=\"https:\/\/locabarcelona.egluu.com\/fr\/vente-appartements-barcelone\/les-corts\/\">Appartements \u00e0 vendre \u00e0 les Corts<\/a><br \/>Appartements \u00e0 vendre \u00e0 Pedralbes<br \/><a href=\"https:\/\/locabarcelona.egluu.com\/fr\/vente-appartements-barcelone\/sarria-sant-gervasi\/\">Appartements \u00e0 vendre \u00e0 Sarria Sant Gervasi<\/a><br \/>Appartements \u00e0 vendre \u00e0 Gr\u00e0cia<br \/>Appartements \u00e0 vendre \u00e0 Vila de Gr\u00e0cia<br \/><a href=\"https:\/\/locabarcelona.egluu.com\/fr\/vente-appartements-barcelone\/horta-guinardo\/\">Appartements \u00e0 vendre \u00e0 Horta-Guinardo<\/a><br \/><a href=\"https:\/\/locabarcelona.egluu.com\/fr\/vente-appartements-barcelone\/nou-barris\/\">Appartements \u00e0 vendre \u00e0 Nou Barris<\/a><br \/><a href=\"https:\/\/locabarcelona.egluu.com\/fr\/vente-appartements-barcelone\/nou-barris\/\">Appartements \u00e0 vendre \u00e0 Sant Andreu<\/a><br \/><a href=\"https:\/\/locabarcelona.egluu.com\/fr\/vente-appartements-barcelone\/sant-antoni\/\">Appartements \u00e0 vendre \u00e0 Sant Antoni<\/a><br \/><a href=\"https:\/\/locabarcelona.egluu.com\/fr\/vente-appartements-barcelone\/sant-marti\/\">Appartements \u00e0 vendre \u00e0 Sant Mart\u00ed<\/a><br \/><a href=\"https:\/\/locabarcelona.egluu.com\/fr\/vente-appartements-barcelone\/el-clot\/\">Appartements \u00e0 vendre \u00e0 El Clot<\/a><br \/>Appartements \u00e0 La Vila Ol\u00edmpica del Poblenou<br \/><a href=\"https:\/\/locabarcelona.egluu.com\/fr\/vente-appartements-barcelone\/poble-nou\/\">Appartements \u00e0 vendre \u00e0 Poblenou<\/a><br \/>Appartements \u00e0 vendre \u00e0 Diagonal Mar<br \/>Appartements \u00e0 vendre \u00e0 Sant Gervasi \u2013 la bonanova<br \/>Appartements \u00e0 vendre \u00e0 Sant Gervasi Galvany<br \/>Appartements \u00e0 vendre dans la Zone Franche<br \/>Appartements \u00e0 vendre \u00e0 Sants Badal<\/p>\t\t\t\t\t\t<\/div>\n\t\t\t\t<\/div>\n\t\t\t\t<\/div>\n\t\t\t\t\t<\/div>\n\t\t\t\t<\/div>\n\t\t\t\t<\/div>\n\t\t\t\t<\/div>\n\t\t\t\t<\/div>\n\t\t\t\t<\/div>\n\t\t\t\t\t<\/div>\n\t\t\t\t<\/div>\n\t\t\t\t<\/div>\n\t\t","protected":false},"excerpt":{"rendered":"<p>Pourquoi devriez-vous acheter un appartement \u00e0 Zona Franca? Le quartier de Zona Franca est largement connu \u00e0 Barcelone pour ses nouveaux appartements en vente et ses prix abordables. Cette zone se situe dans la partie sud du district de Sants-Montju\u00efc, ce qui en fait l&#8217;option id\u00e9ale si vous souhaitez avoir la plage et la montagne&#8230;<\/p>\n","protected":false},"author":344,"featured_media":0,"parent":506318,"menu_order":0,"comment_status":"closed","ping_status":"closed","template":"templates\/list-layout.php","meta":{"inline_featured_image":false,"footnotes":""},"yoast_head":"<!-- This site is optimized with the Yoast SEO Premium plugin v22.6 (Yoast SEO v22.6) - https:\/\/yoast.com\/wordpress\/plugins\/seo\/ -->\n<title>Apartements en vente \u00e0 Zona Franca | Locabarcelona<\/title>\n<meta name=\"description\" content=\"En tant qu&#039;agence locale, nous connaissons les avantages de Zona Franca et garantissons le meilleur prix pour votre appartement.\" \/>\n<meta name=\"robots\" content=\"noindex, follow, max-snippet:-1, max-image-preview:large, max-video-preview:-1\" \/>\n<meta property=\"og:locale\" content=\"fr_FR\" \/>\n<meta property=\"og:type\" content=\"article\" \/>\n<meta property=\"og:title\" content=\"Apartements en vente \u00e0 Zona Franca | Locabarcelona\" \/>\n<meta property=\"og:description\" content=\"En tant qu&#039;agence locale, nous connaissons les avantages de Zona Franca et garantissons le meilleur prix pour votre appartement.\" \/>\n<meta property=\"og:url\" content=\"https:\/\/locabarcelona.egluu.com\/fr\/vente-appartements-barcelone\/zona-franca\/\" \/>\n<meta property=\"og:site_name\" content=\"Locabarcelona\" \/>\n<meta name=\"twitter:card\" content=\"summary_large_image\" \/>\n<meta name=\"twitter:label1\" content=\"Est. reading time\" \/>\n\t<meta name=\"twitter:data1\" content=\"3 minutes\" \/>\n<script type=\"application\/ld+json\" class=\"yoast-schema-graph\">{\"@context\":\"https:\/\/schema.org\",\"@graph\":[{\"@type\":\"WebPage\",\"@id\":\"https:\/\/locabarcelona.egluu.com\/fr\/vente-appartements-barcelone\/zona-franca\/\",\"url\":\"https:\/\/locabarcelona.egluu.com\/fr\/vente-appartements-barcelone\/zona-franca\/\",\"name\":\"Apartements en vente \u00e0 Zona Franca | Locabarcelona\",\"isPartOf\":{\"@id\":\"https:\/\/locabarcelona.egluu.com\/fr\/#website\"},\"datePublished\":\"2024-06-17T10:43:21+00:00\",\"dateModified\":\"2024-06-17T10:43:21+00:00\",\"description\":\"En tant qu'agence locale, nous connaissons les avantages de Zona Franca et garantissons le meilleur prix pour votre appartement.\",\"breadcrumb\":{\"@id\":\"https:\/\/locabarcelona.egluu.com\/fr\/vente-appartements-barcelone\/zona-franca\/#breadcrumb\"},\"inLanguage\":\"fr-FR\",\"potentialAction\":[{\"@type\":\"ReadAction\",\"target\":[\"https:\/\/locabarcelona.egluu.com\/fr\/vente-appartements-barcelone\/zona-franca\/\"]}]},{\"@type\":\"BreadcrumbList\",\"@id\":\"https:\/\/locabarcelona.egluu.com\/fr\/vente-appartements-barcelone\/zona-franca\/#breadcrumb\",\"itemListElement\":[{\"@type\":\"ListItem\",\"position\":1,\"name\":\"Inicio\",\"item\":\"https:\/\/www.locabarcelona.com\/fr\/home\/\"},{\"@type\":\"ListItem\",\"position\":2,\"name\":\"Vente d\u2019appartements \u00e0 Barcelone\",\"item\":\"https:\/\/www.locabarcelona.com\/fr\/vente-appartements-barcelone\/\"},{\"@type\":\"ListItem\",\"position\":3,\"name\":\"Apartements en vente \u00e0 Zona Franca\"}]},{\"@type\":\"WebSite\",\"@id\":\"https:\/\/locabarcelona.egluu.com\/fr\/#website\",\"url\":\"https:\/\/locabarcelona.egluu.com\/fr\/\",\"name\":\"Loca Barcelona\",\"description\":\"Real Estate Services\",\"publisher\":{\"@id\":\"https:\/\/locabarcelona.egluu.com\/fr\/#organization\"},\"potentialAction\":[{\"@type\":\"SearchAction\",\"target\":{\"@type\":\"EntryPoint\",\"urlTemplate\":\"https:\/\/locabarcelona.egluu.com\/fr\/?s={search_term_string}\"},\"query-input\":\"required name=search_term_string\"}],\"inLanguage\":\"fr-FR\"},{\"@type\":\"Organization\",\"@id\":\"https:\/\/locabarcelona.egluu.com\/fr\/#organization\",\"name\":\"Loca Barcelona\",\"url\":\"https:\/\/locabarcelona.egluu.com\/fr\/\",\"logo\":{\"@type\":\"ImageObject\",\"inLanguage\":\"fr-FR\",\"@id\":\"https:\/\/locabarcelona.egluu.com\/fr\/#\/schema\/logo\/image\/\",\"url\":\"https:\/\/locabarcelona.egluu.com\/wp-content\/uploads\/2021\/10\/logo_locabarcelona_small.png\",\"contentUrl\":\"https:\/\/locabarcelona.egluu.com\/wp-content\/uploads\/2021\/10\/logo_locabarcelona_small.png\",\"width\":250,\"height\":149,\"caption\":\"Loca Barcelona\"},\"image\":{\"@id\":\"https:\/\/locabarcelona.egluu.com\/fr\/#\/schema\/logo\/image\/\"}}]}<\/script>\n<!-- \/ Yoast SEO Premium plugin. -->","yoast_head_json":{"title":"Apartements en vente \u00e0 Zona Franca | Locabarcelona","description":"En tant qu'agence locale, nous connaissons les avantages de Zona Franca et garantissons le meilleur prix pour votre appartement.","robots":{"index":"noindex","follow":"follow","max-snippet":"max-snippet:-1","max-image-preview":"max-image-preview:large","max-video-preview":"max-video-preview:-1"},"og_locale":"fr_FR","og_type":"article","og_title":"Apartements en vente \u00e0 Zona Franca | Locabarcelona","og_description":"En tant qu'agence locale, nous connaissons les avantages de Zona Franca et garantissons le meilleur prix pour votre appartement.","og_url":"https:\/\/locabarcelona.egluu.com\/fr\/vente-appartements-barcelone\/zona-franca\/","og_site_name":"Locabarcelona","twitter_card":"summary_large_image","twitter_misc":{"Est. reading time":"3 minutes"},"schema":{"@context":"https:\/\/schema.org","@graph":[{"@type":"WebPage","@id":"https:\/\/locabarcelona.egluu.com\/fr\/vente-appartements-barcelone\/zona-franca\/","url":"https:\/\/locabarcelona.egluu.com\/fr\/vente-appartements-barcelone\/zona-franca\/","name":"Apartements en vente \u00e0 Zona Franca | Locabarcelona","isPartOf":{"@id":"https:\/\/locabarcelona.egluu.com\/fr\/#website"},"datePublished":"2024-06-17T10:43:21+00:00","dateModified":"2024-06-17T10:43:21+00:00","description":"En tant qu'agence locale, nous connaissons les avantages de Zona Franca et garantissons le meilleur prix pour votre appartement.","breadcrumb":{"@id":"https:\/\/locabarcelona.egluu.com\/fr\/vente-appartements-barcelone\/zona-franca\/#breadcrumb"},"inLanguage":"fr-FR","potentialAction":[{"@type":"ReadAction","target":["https:\/\/locabarcelona.egluu.com\/fr\/vente-appartements-barcelone\/zona-franca\/"]}]},{"@type":"BreadcrumbList","@id":"https:\/\/locabarcelona.egluu.com\/fr\/vente-appartements-barcelone\/zona-franca\/#breadcrumb","itemListElement":[{"@type":"ListItem","position":1,"name":"Inicio","item":"https:\/\/www.locabarcelona.com\/fr\/home\/"},{"@type":"ListItem","position":2,"name":"Vente d\u2019appartements \u00e0 Barcelone","item":"https:\/\/www.locabarcelona.com\/fr\/vente-appartements-barcelone\/"},{"@type":"ListItem","position":3,"name":"Apartements en vente \u00e0 Zona Franca"}]},{"@type":"WebSite","@id":"https:\/\/locabarcelona.egluu.com\/fr\/#website","url":"https:\/\/locabarcelona.egluu.com\/fr\/","name":"Loca Barcelona","description":"Real Estate Services","publisher":{"@id":"https:\/\/locabarcelona.egluu.com\/fr\/#organization"},"potentialAction":[{"@type":"SearchAction","target":{"@type":"EntryPoint","urlTemplate":"https:\/\/locabarcelona.egluu.com\/fr\/?s={search_term_string}"},"query-input":"required name=search_term_string"}],"inLanguage":"fr-FR"},{"@type":"Organization","@id":"https:\/\/locabarcelona.egluu.com\/fr\/#organization","name":"Loca Barcelona","url":"https:\/\/locabarcelona.egluu.com\/fr\/","logo":{"@type":"ImageObject","inLanguage":"fr-FR","@id":"https:\/\/locabarcelona.egluu.com\/fr\/#\/schema\/logo\/image\/","url":"https:\/\/locabarcelona.egluu.com\/wp-content\/uploads\/2021\/10\/logo_locabarcelona_small.png","contentUrl":"https:\/\/locabarcelona.egluu.com\/wp-content\/uploads\/2021\/10\/logo_locabarcelona_small.png","width":250,"height":149,"caption":"Loca Barcelona"},"image":{"@id":"https:\/\/locabarcelona.egluu.com\/fr\/#\/schema\/logo\/image\/"}}]}},"_links":{"self":[{"href":"https:\/\/locabarcelona.egluu.com\/fr\/wp-json\/wp\/v2\/pages\/531175"}],"collection":[{"href":"https:\/\/locabarcelona.egluu.com\/fr\/wp-json\/wp\/v2\/pages"}],"about":[{"href":"https:\/\/locabarcelona.egluu.com\/fr\/wp-json\/wp\/v2\/types\/page"}],"author":[{"embeddable":true,"href":"https:\/\/locabarcelona.egluu.com\/fr\/wp-json\/wp\/v2\/users\/344"}],"replies":[{"embeddable":true,"href":"https:\/\/locabarcelona.egluu.com\/fr\/wp-json\/wp\/v2\/comments?post=531175"}],"version-history":[{"count":5,"href":"https:\/\/locabarcelona.egluu.com\/fr\/wp-json\/wp\/v2\/pages\/531175\/revisions"}],"predecessor-version":[{"id":531180,"href":"https:\/\/locabarcelona.egluu.com\/fr\/wp-json\/wp\/v2\/pages\/531175\/revisions\/531180"}],"up":[{"embeddable":true,"href":"https:\/\/locabarcelona.egluu.com\/fr\/wp-json\/wp\/v2\/pages\/506318"}],"wp:attachment":[{"href":"https:\/\/locabarcelona.egluu.com\/fr\/wp-json\/wp\/v2\/media?parent=531175"}],"curies":[{"name":"wp","href":"https:\/\/api.w.org\/{rel}","templated":true}]}}