{"id":531181,"date":"2024-06-17T12:42:25","date_gmt":"2024-06-17T10:42:25","guid":{"rendered":"https:\/\/locabarcelona.egluu.com\/?page_id=531181"},"modified":"2024-06-17T12:42:25","modified_gmt":"2024-06-17T10:42:25","slug":"el-clot","status":"publish","type":"page","link":"https:\/\/locabarcelona.egluu.com\/fr\/vente-appartements-barcelone\/el-clot\/","title":{"rendered":"Apartements en vente \u00e0 el Clot"},"content":{"rendered":"\t\t<div data-elementor-type=\"wp-page\" data-elementor-id=\"531181\" class=\"elementor elementor-531181 elementor-530951\" data-elementor-post-type=\"page\">\n\t\t\t\t\t\t<section class=\"elementor-section elementor-top-section elementor-element elementor-element-2fd2862a elementor-section-boxed elementor-section-height-default elementor-section-height-default\" data-id=\"2fd2862a\" data-element_type=\"section\">\n\t\t\t\t\t\t<div class=\"elementor-container elementor-column-gap-default\">\n\t\t\t\t\t<div class=\"elementor-column elementor-col-100 elementor-top-column elementor-element elementor-element-a3df5d7\" data-id=\"a3df5d7\" data-element_type=\"column\">\n\t\t\t<div class=\"elementor-widget-wrap elementor-element-populated\">\n\t\t\t\t\t\t<div class=\"elementor-element elementor-element-d447453 elementor-widget elementor-widget-heading\" data-id=\"d447453\" data-element_type=\"widget\" data-widget_type=\"heading.default\">\n\t\t\t\t<div class=\"elementor-widget-container\">\n\t\t\t<h2 class=\"elementor-heading-title elementor-size-default\">Pourquoi acheter un appartement \u00e0 El Clot ?<\/h2>\t\t<\/div>\n\t\t\t\t<\/div>\n\t\t\t\t<div class=\"elementor-element elementor-element-4b68348 elementor-widget elementor-widget-text-editor\" data-id=\"4b68348\" data-element_type=\"widget\" data-widget_type=\"text-editor.default\">\n\t\t\t\t<div class=\"elementor-widget-container\">\n\t\t\t\t\t\t\t<p>El Clot est l&#8217;un des quartiers en pleine expansion de Barcelone. Sa grande qualit\u00e9 de vie, combin\u00e9e \u00e0 des prix attractifs pour les logements, attire de plus en plus de personnes d\u00e9sireuses de vivre dans cet endroit.<\/p><p><span style=\"text-decoration: underline;\"><a href=\"https:\/\/locabarcelona.egluu.com\/fr\/property-status\/vente\/\">Acheter un appartement \u00e0 El Clot<\/a><\/span> pr\u00e9sente de nombreux avantages au quotidien. Ce quartier regorge de <strong>zones vertes<\/strong> et de <strong>grands parcs<\/strong> o\u00f9 se promener, que ce soit seul, en couple ou avec les plus jeunes. Il est \u00e9galement connu pour avoir certaines des meilleures \u00e9coles de Barcelone, ce qui en fait une excellente option pour les familles \u00e0 la recherche d&#8217;un nouveau foyer.<\/p><p>De plus, El Clot est l&#8217;un des principaux centres de <span style=\"text-decoration: underline;\"><a href=\"https:\/\/locabarcelona.egluu.com\/fr\/vivre-barcelone\/transports\/\">transport public de Barcelone<\/a><\/span>, offrant une <strong>grande vari\u00e9t\u00e9 de moyens de transport<\/strong>. Que ce soit pour se d\u00e9placer dans la ville ou en dehors, ce quartier offre toutes les commodit\u00e9s dont vous pourriez avoir besoin. La gare de El Clot vous proposera diverses possibilit\u00e9s et, en seulement deux stations de m\u00e9tro, vous trouverez la gare de La Sagrera.<\/p><p>En d\u00e9finitive, opter pour l&#8217;<strong>achat d&#8217;une maison \u00e0 El Clot<\/strong>, c\u2019est bien plus qu&#8217;acqu\u00e9rir une propri\u00e9t\u00e9. Vivre \u00e0 El Clot vous offre tout ce dont vous avez besoin pour faire de votre quotidien une exp\u00e9rience exceptionnelle.<\/p>\t\t\t\t\t\t<\/div>\n\t\t\t\t<\/div>\n\t\t\t\t<div class=\"elementor-element elementor-element-c1d95ea elementor-widget elementor-widget-heading\" data-id=\"c1d95ea\" data-element_type=\"widget\" data-widget_type=\"heading.default\">\n\t\t\t\t<div class=\"elementor-widget-container\">\n\t\t\t<h2 class=\"elementor-heading-title elementor-size-default\">Acheter un appartement \u00e0 El Clot est facile avec Loca Barcelona<\/h2>\t\t<\/div>\n\t\t\t\t<\/div>\n\t\t\t\t<div class=\"elementor-element elementor-element-33a3cbf elementor-widget elementor-widget-text-editor\" data-id=\"33a3cbf\" data-element_type=\"widget\" data-widget_type=\"text-editor.default\">\n\t\t\t\t<div class=\"elementor-widget-container\">\n\t\t\t\t\t\t\t<p>En tant qu&#8217;experts immobiliers locaux, nous sommes fiers d&#8217;offrir un service complet et personnalis\u00e9 pour faciliter autant que possible l&#8217;achat de votre prochain foyer. Si vous voulez trouver les meilleures maisons en vente \u00e0 El Clot, <span style=\"text-decoration: underline;\"><a href=\"https:\/\/locabarcelona.egluu.com\/fr\/\">Loca Barcelona<\/a><\/span> est le meilleur choix.<\/p><p>Si vous recherchez une assistance personnalis\u00e9e, notre <span style=\"text-decoration: underline;\"><a href=\"https:\/\/locabarcelona.egluu.com\/fr\/vente-appartements-barcelone\/personal-shopper-immobilier-a-barcelone\/\">service de personal shopper immobilier<\/a><\/span> est ce qu&#8217;il vous faut. Gr\u00e2ce \u00e0 ce service, vous disposerez d&#8217;un expert immobilier qui r\u00e9pondra \u00e0 vos besoins et trouvera le logement qui vous convient le mieux.<\/p><p>En outre, nous vous proposons \u00e9galement des informations et de l&#8217;aide pour la proc\u00e9dure de la <span style=\"text-decoration: underline;\"><a href=\"https:\/\/locabarcelona.egluu.com\/fr\/vente-appartements-barcelone\/golden-visa-espagne\/\">Golden Visa<\/a><\/span> si vous \u00eates un investisseur \u00e9tranger. Avec elle, vous pourrez acheter des appartements en vente \u00e0 El Clot et b\u00e9n\u00e9ficier d&#8217;un permis de r\u00e9sidence en Espagne et dans les pays de l&#8217;Union europ\u00e9enne.<\/p>\t\t\t\t\t\t<\/div>\n\t\t\t\t<\/div>\n\t\t\t\t<div class=\"elementor-element elementor-element-1544067 elementor-widget elementor-widget-heading\" data-id=\"1544067\" data-element_type=\"widget\" data-widget_type=\"heading.default\">\n\t\t\t\t<div class=\"elementor-widget-container\">\n\t\t\t<h2 class=\"elementor-heading-title elementor-size-default\">Vous souhaitez vendre votre appartement \u00e0 El Clot ?<\/h2>\t\t<\/div>\n\t\t\t\t<\/div>\n\t\t\t\t<div class=\"elementor-element elementor-element-1a8a150 elementor-widget elementor-widget-text-editor\" data-id=\"1a8a150\" data-element_type=\"widget\" data-widget_type=\"text-editor.default\">\n\t\t\t\t<div class=\"elementor-widget-container\">\n\t\t\t\t\t\t\t<p>Si vous \u00eates int\u00e9ress\u00e9 par la vente d&#8217;appartements \u00e0 El Clot, chez Loca Barcelona, nous vous simplifions la t\u00e2che plus que jamais. Nous nous engageons \u00e0 g\u00e9rer l&#8217;ensemble du processus de vente afin de vous garantir le meilleur prix possible pour votre logement. Pour ce faire, il vous suffit de suivre ces cinq \u00e9tapes simples :<\/p><p>1. Compl\u00e9tez notre <span style=\"text-decoration: underline;\"><a href=\"https:\/\/locabarcelona.egluu.com\/fr\/qui-sommes-nous\/contactez-nous\/\">formulaire de contact<\/a><\/span> et nous vous contacterons d\u00e8s que possible.<br \/>2. Convenir d&#8217;une date qui convient \u00e0 toutes les parties pour \u00e9valuer votre logement.<br \/>3. Loca Barcelona s&#8217;occupera de toute la publicit\u00e9 li\u00e9e \u00e0 votre offre, et nous vous pr\u00e9senterons des acheteurs potentiels.<br \/>4. R\u00e9daction des contrats : Nous r\u00e9digerons les contrats et vous aiderons dans la gestion de toute la paperasse sous la supervision d&#8217;un avocat.<br \/>5. Finalisation de la vente : Enfin, nous terminerons le processus de vente devant notaire.<\/p><p>De plus, si vous souhaitez conna\u00eetre le prix approximatif de votre maison \u00e0 vendre \u00e0 El Clot, n&#8217;oubliez pas que vous pouvez utiliser notre <span style=\"text-decoration: underline;\"><a href=\"https:\/\/locabarcelona.egluu.com\/fr\/vente-appartements-barcelone\/estimation-bien-immobilier\/\">estimateur en ligne gratuitement<\/a><\/span>.<\/p><p>N&#8217;oubliez pas que nos experts immobiliers vous fourniront une \u00e9valuation plus pr\u00e9cise de votre logement. Ils vous informeront \u00e9galement sur le prix actuel au m\u00e8tre carr\u00e9 \u00e0 El Clot.<\/p><p>Comme vous pouvez le voir, notre \u00e9quipe travaille sans rel\u00e2che pour trouver le meilleur acheteur pour votre appartement en vente \u00e0 El Clot, et ce, au meilleur prix possible. Alors, n&#8217;h\u00e9sitez pas, Loca Barcelona est votre meilleure option pour vendre votre logement.<\/p>\t\t\t\t\t\t<\/div>\n\t\t\t\t<\/div>\n\t\t\t\t<div class=\"elementor-element elementor-element-d4e0925 elementor-widget elementor-widget-heading\" data-id=\"d4e0925\" data-element_type=\"widget\" data-widget_type=\"heading.default\">\n\t\t\t\t<div class=\"elementor-widget-container\">\n\t\t\t<h2 class=\"elementor-heading-title elementor-size-default\">Loca Barcelona : votre agence immobili\u00e8re de confiance<\/h2>\t\t<\/div>\n\t\t\t\t<\/div>\n\t\t\t\t<div class=\"elementor-element elementor-element-8ab9fc0 elementor-widget elementor-widget-text-editor\" data-id=\"8ab9fc0\" data-element_type=\"widget\" data-widget_type=\"text-editor.default\">\n\t\t\t\t<div class=\"elementor-widget-container\">\n\t\t\t\t\t\t\t<p>En tant qu&#8217;agence immobili\u00e8re locale, nous connaissons de premi\u00e8re main les nombreux avantages qu&#8217;offre la vie \u00e0 El Clot. C&#8217;est pourquoi nous vous garantissons d&#8217;obtenir le meilleur prix possible pour votre appartement de la mani\u00e8re la plus simple.<\/p><p>Si vous \u00eates int\u00e9ress\u00e9 par l&#8217;achat ou la vente d&#8217;un appartement \u00e0 El Clot, contactez-nous d\u00e8s aujourd&#8217;hui. Nous sommes l\u00e0 pour vous aider \u00e0 chaque \u00e9tape du processus.<\/p>\t\t\t\t\t\t<\/div>\n\t\t\t\t<\/div>\n\t\t\t\t<div class=\"elementor-element elementor-element-d516972 elementor-widget elementor-widget-heading\" data-id=\"d516972\" data-element_type=\"widget\" data-widget_type=\"heading.default\">\n\t\t\t\t<div class=\"elementor-widget-container\">\n\t\t\t<h2 class=\"elementor-heading-title elementor-size-default\">Appartements \u00e0 vendre \u00e0 Barcelone par quartier<\/h2>\t\t<\/div>\n\t\t\t\t<\/div>\n\t\t\t\t\t<\/div>\n\t\t<\/div>\n\t\t\t\t\t<\/div>\n\t\t<\/section>\n\t\t<div class=\"elementor-element elementor-element-04d895d e-flex e-con-boxed e-con e-parent\" data-id=\"04d895d\" data-element_type=\"container\">\n\t\t\t\t\t<div class=\"e-con-inner\">\n\t\t\t\t<div class=\"elementor-element elementor-element-853ff62 elementor-widget elementor-widget-template\" data-id=\"853ff62\" data-element_type=\"widget\" data-widget_type=\"template.default\">\n\t\t\t\t<div class=\"elementor-widget-container\">\n\t\t\t\t\t<div class=\"elementor-template\">\n\t\t\t\t\t<div data-elementor-type=\"container\" data-elementor-id=\"522718\" class=\"elementor elementor-522718 elementor-521623\" data-elementor-post-type=\"elementor_library\">\n\t\t\t\t<div class=\"elementor-element elementor-element-3f969113 e-flex e-con-boxed e-con e-parent\" data-id=\"3f969113\" data-element_type=\"container\">\n\t\t\t\t\t<div class=\"e-con-inner\">\n\t\t<div class=\"elementor-element elementor-element-65ff43a5 e-con-full e-flex e-con e-child\" data-id=\"65ff43a5\" data-element_type=\"container\">\n\t\t\t\t<div class=\"elementor-element elementor-element-778fdbed elementor-widget elementor-widget-text-editor\" data-id=\"778fdbed\" data-element_type=\"widget\" data-widget_type=\"text-editor.default\">\n\t\t\t\t<div class=\"elementor-widget-container\">\n\t\t\t\t\t\t\t<p><a href=\"https:\/\/locabarcelona.egluu.com\/fr\/vente-appartements-barcelone\/eixample\/\">Appartements \u00e0 vendre \u00e0 l&#8217;Eixample<\/a><br \/>Appartements \u00e0 vendre \u00e0 Eixample Dreta<br \/>Appartements \u00e0 Antiga Esquerra de l&#8217;Eixample<br \/>Appartements \u00e0 Nova Esquerra de l&#8217;Eixample<br \/>Appartements \u00e0 vendre \u00e0 Fort Pienc<br \/><a href=\"https:\/\/locabarcelona.egluu.com\/fr\/vente-appartements-barcelone\/sagrada-familia\/\">Appartements \u00e0 vendre \u00e0 Sagrada Familia<\/a><br \/><a href=\"https:\/\/locabarcelona.egluu.com\/fr\/vente-appartements-barcelone\/nou-barris\/\">Appartements \u00e0 vendre \u00e0 Sant Antoni<\/a><br \/><a href=\"https:\/\/locabarcelona.egluu.com\/fr\/vente-appartements-barcelone\/ciutat-vella\/\">Appartements \u00e0 vendre \u00e0 Ciutat Vella<\/a><br \/>Appartements \u00e0 vendre \u00e0 El Gotico<br \/><a href=\"https:\/\/locabarcelona.egluu.com\/fr\/vente-appartements-barcelone\/el-raval\/\">Appartements \u00e0 vendre dans le Raval<\/a><br \/><a href=\"https:\/\/locabarcelona.egluu.com\/fr\/vente-appartements-barcelone\/el-born\/\">Appartements \u00e0 vendre \u00e0 El Born<\/a><br \/><a href=\"https:\/\/locabarcelona.egluu.com\/fr\/vente-appartements-barcelone\/barceloneta\/\">Appartements \u00e0 vendre \u00e0 Barceloneta<\/a><br \/><a href=\"https:\/\/locabarcelona.egluu.com\/fr\/vente-appartements-barcelone\/sants-montjuic\/\">Appartements \u00e0 vendre \u00e0 Sants-Montju\u00efc<\/a><br \/><a href=\"https:\/\/locabarcelona.egluu.com\/fr\/vente-appartements-barcelone\/poble-sec\/\">Appartements \u00e0 vendre \u00e0 Poble Sec<\/a><br \/><a href=\"https:\/\/locabarcelona.egluu.com\/fr\/vente-appartements-barcelone\/sants\/\">Appartements \u00e0 vendre \u00e0 Sants<\/a><br \/>Appartements \u00e0 vendre \u00e0 El Putxet i Farr\u00f3<br \/>Appartements \u00e0 vendre \u00e0 Las Tres Torres<br \/>Appartements \u00e0 vendre \u00e0 Montju\u00efc<\/p>\t\t\t\t\t\t<\/div>\n\t\t\t\t<\/div>\n\t\t\t\t<\/div>\n\t\t<div class=\"elementor-element elementor-element-57de031d e-con-full e-flex e-con e-child\" data-id=\"57de031d\" data-element_type=\"container\">\n\t\t\t\t<div class=\"elementor-element elementor-element-12264ea9 elementor-widget elementor-widget-text-editor\" data-id=\"12264ea9\" data-element_type=\"widget\" data-widget_type=\"text-editor.default\">\n\t\t\t\t<div class=\"elementor-widget-container\">\n\t\t\t\t\t\t\t<p><a href=\"https:\/\/locabarcelona.egluu.com\/fr\/vente-appartements-barcelone\/les-corts\/\">Appartements \u00e0 vendre \u00e0 les Corts<\/a><br \/>Appartements \u00e0 vendre \u00e0 Pedralbes<br \/><a href=\"https:\/\/locabarcelona.egluu.com\/fr\/vente-appartements-barcelone\/sarria-sant-gervasi\/\">Appartements \u00e0 vendre \u00e0 Sarria Sant Gervasi<\/a><br \/>Appartements \u00e0 vendre \u00e0 Gr\u00e0cia<br \/>Appartements \u00e0 vendre \u00e0 Vila de Gr\u00e0cia<br \/><a href=\"https:\/\/locabarcelona.egluu.com\/fr\/vente-appartements-barcelone\/horta-guinardo\/\">Appartements \u00e0 vendre \u00e0 Horta-Guinardo<\/a><br \/><a href=\"https:\/\/locabarcelona.egluu.com\/fr\/vente-appartements-barcelone\/nou-barris\/\">Appartements \u00e0 vendre \u00e0 Nou Barris<\/a><br \/><a href=\"https:\/\/locabarcelona.egluu.com\/fr\/vente-appartements-barcelone\/nou-barris\/\">Appartements \u00e0 vendre \u00e0 Sant Andreu<\/a><br \/><a href=\"https:\/\/locabarcelona.egluu.com\/fr\/vente-appartements-barcelone\/sant-antoni\/\">Appartements \u00e0 vendre \u00e0 Sant Antoni<\/a><br \/><a href=\"https:\/\/locabarcelona.egluu.com\/fr\/vente-appartements-barcelone\/sant-marti\/\">Appartements \u00e0 vendre \u00e0 Sant Mart\u00ed<\/a><br \/><a href=\"https:\/\/locabarcelona.egluu.com\/fr\/vente-appartements-barcelone\/el-clot\/\">Appartements \u00e0 vendre \u00e0 El Clot<\/a><br \/>Appartements \u00e0 La Vila Ol\u00edmpica del Poblenou<br \/><a href=\"https:\/\/locabarcelona.egluu.com\/fr\/vente-appartements-barcelone\/poble-nou\/\">Appartements \u00e0 vendre \u00e0 Poblenou<\/a><br \/>Appartements \u00e0 vendre \u00e0 Diagonal Mar<br \/>Appartements \u00e0 vendre \u00e0 Sant Gervasi \u2013 la bonanova<br \/>Appartements \u00e0 vendre \u00e0 Sant Gervasi Galvany<br \/>Appartements \u00e0 vendre dans la Zone Franche<br \/>Appartements \u00e0 vendre \u00e0 Sants Badal<\/p>\t\t\t\t\t\t<\/div>\n\t\t\t\t<\/div>\n\t\t\t\t<\/div>\n\t\t\t\t\t<\/div>\n\t\t\t\t<\/div>\n\t\t\t\t<\/div>\n\t\t\t\t<\/div>\n\t\t\t\t<\/div>\n\t\t\t\t<\/div>\n\t\t\t\t\t<\/div>\n\t\t\t\t<\/div>\n\t\t\t\t<\/div>\n\t\t","protected":false},"excerpt":{"rendered":"<p>Pourquoi acheter un appartement \u00e0 El Clot ? El Clot est l&#8217;un des quartiers en pleine expansion de Barcelone. Sa grande qualit\u00e9 de vie, combin\u00e9e \u00e0 des prix attractifs pour les logements, attire de plus en plus de personnes d\u00e9sireuses de vivre dans cet endroit. Acheter un appartement \u00e0 El Clot pr\u00e9sente de nombreux avantages&#8230;<\/p>\n","protected":false},"author":344,"featured_media":0,"parent":506318,"menu_order":0,"comment_status":"closed","ping_status":"closed","template":"templates\/list-layout.php","meta":{"inline_featured_image":false,"footnotes":""},"yoast_head":"<!-- This site is optimized with the Yoast SEO Premium plugin v22.6 (Yoast SEO v22.6) - https:\/\/yoast.com\/wordpress\/plugins\/seo\/ -->\n<title>Apartements en vente \u00e0 el Clot | Locabarcelona<\/title>\n<meta name=\"description\" content=\"En tant qu&#039;agence locale, nous connaissons les avantages de El Clot et garantissons le meilleur prix pour votre appartement.\" \/>\n<meta name=\"robots\" content=\"noindex, follow, max-snippet:-1, max-image-preview:large, max-video-preview:-1\" \/>\n<meta property=\"og:locale\" content=\"fr_FR\" \/>\n<meta property=\"og:type\" content=\"article\" \/>\n<meta property=\"og:title\" content=\"Apartements en vente \u00e0 el Clot | Locabarcelona\" \/>\n<meta property=\"og:description\" content=\"En tant qu&#039;agence locale, nous connaissons les avantages de El Clot et garantissons le meilleur prix pour votre appartement.\" \/>\n<meta property=\"og:url\" content=\"https:\/\/locabarcelona.egluu.com\/fr\/vente-appartements-barcelone\/el-clot\/\" \/>\n<meta property=\"og:site_name\" content=\"Locabarcelona\" \/>\n<meta name=\"twitter:card\" content=\"summary_large_image\" \/>\n<meta name=\"twitter:label1\" content=\"Est. reading time\" \/>\n\t<meta name=\"twitter:data1\" content=\"3 minutes\" \/>\n<script type=\"application\/ld+json\" class=\"yoast-schema-graph\">{\"@context\":\"https:\/\/schema.org\",\"@graph\":[{\"@type\":\"WebPage\",\"@id\":\"https:\/\/locabarcelona.egluu.com\/fr\/vente-appartements-barcelone\/el-clot\/\",\"url\":\"https:\/\/locabarcelona.egluu.com\/fr\/vente-appartements-barcelone\/el-clot\/\",\"name\":\"Apartements en vente \u00e0 el Clot | Locabarcelona\",\"isPartOf\":{\"@id\":\"https:\/\/locabarcelona.egluu.com\/fr\/#website\"},\"datePublished\":\"2024-06-17T10:42:25+00:00\",\"dateModified\":\"2024-06-17T10:42:25+00:00\",\"description\":\"En tant qu'agence locale, nous connaissons les avantages de El Clot et garantissons le meilleur prix pour votre appartement.\",\"breadcrumb\":{\"@id\":\"https:\/\/locabarcelona.egluu.com\/fr\/vente-appartements-barcelone\/el-clot\/#breadcrumb\"},\"inLanguage\":\"fr-FR\",\"potentialAction\":[{\"@type\":\"ReadAction\",\"target\":[\"https:\/\/locabarcelona.egluu.com\/fr\/vente-appartements-barcelone\/el-clot\/\"]}]},{\"@type\":\"BreadcrumbList\",\"@id\":\"https:\/\/locabarcelona.egluu.com\/fr\/vente-appartements-barcelone\/el-clot\/#breadcrumb\",\"itemListElement\":[{\"@type\":\"ListItem\",\"position\":1,\"name\":\"Inicio\",\"item\":\"https:\/\/www.locabarcelona.com\/fr\/home\/\"},{\"@type\":\"ListItem\",\"position\":2,\"name\":\"Vente d\u2019appartements \u00e0 Barcelone\",\"item\":\"https:\/\/www.locabarcelona.com\/fr\/vente-appartements-barcelone\/\"},{\"@type\":\"ListItem\",\"position\":3,\"name\":\"Apartements en vente \u00e0 el Clot\"}]},{\"@type\":\"WebSite\",\"@id\":\"https:\/\/locabarcelona.egluu.com\/fr\/#website\",\"url\":\"https:\/\/locabarcelona.egluu.com\/fr\/\",\"name\":\"Loca Barcelona\",\"description\":\"Real Estate Services\",\"publisher\":{\"@id\":\"https:\/\/locabarcelona.egluu.com\/fr\/#organization\"},\"potentialAction\":[{\"@type\":\"SearchAction\",\"target\":{\"@type\":\"EntryPoint\",\"urlTemplate\":\"https:\/\/locabarcelona.egluu.com\/fr\/?s={search_term_string}\"},\"query-input\":\"required name=search_term_string\"}],\"inLanguage\":\"fr-FR\"},{\"@type\":\"Organization\",\"@id\":\"https:\/\/locabarcelona.egluu.com\/fr\/#organization\",\"name\":\"Loca Barcelona\",\"url\":\"https:\/\/locabarcelona.egluu.com\/fr\/\",\"logo\":{\"@type\":\"ImageObject\",\"inLanguage\":\"fr-FR\",\"@id\":\"https:\/\/locabarcelona.egluu.com\/fr\/#\/schema\/logo\/image\/\",\"url\":\"https:\/\/locabarcelona.egluu.com\/wp-content\/uploads\/2021\/10\/logo_locabarcelona_small.png\",\"contentUrl\":\"https:\/\/locabarcelona.egluu.com\/wp-content\/uploads\/2021\/10\/logo_locabarcelona_small.png\",\"width\":250,\"height\":149,\"caption\":\"Loca Barcelona\"},\"image\":{\"@id\":\"https:\/\/locabarcelona.egluu.com\/fr\/#\/schema\/logo\/image\/\"}}]}<\/script>\n<!-- \/ Yoast SEO Premium plugin. -->","yoast_head_json":{"title":"Apartements en vente \u00e0 el Clot | Locabarcelona","description":"En tant qu'agence locale, nous connaissons les avantages de El Clot et garantissons le meilleur prix pour votre appartement.","robots":{"index":"noindex","follow":"follow","max-snippet":"max-snippet:-1","max-image-preview":"max-image-preview:large","max-video-preview":"max-video-preview:-1"},"og_locale":"fr_FR","og_type":"article","og_title":"Apartements en vente \u00e0 el Clot | Locabarcelona","og_description":"En tant qu'agence locale, nous connaissons les avantages de El Clot et garantissons le meilleur prix pour votre appartement.","og_url":"https:\/\/locabarcelona.egluu.com\/fr\/vente-appartements-barcelone\/el-clot\/","og_site_name":"Locabarcelona","twitter_card":"summary_large_image","twitter_misc":{"Est. reading time":"3 minutes"},"schema":{"@context":"https:\/\/schema.org","@graph":[{"@type":"WebPage","@id":"https:\/\/locabarcelona.egluu.com\/fr\/vente-appartements-barcelone\/el-clot\/","url":"https:\/\/locabarcelona.egluu.com\/fr\/vente-appartements-barcelone\/el-clot\/","name":"Apartements en vente \u00e0 el Clot | Locabarcelona","isPartOf":{"@id":"https:\/\/locabarcelona.egluu.com\/fr\/#website"},"datePublished":"2024-06-17T10:42:25+00:00","dateModified":"2024-06-17T10:42:25+00:00","description":"En tant qu'agence locale, nous connaissons les avantages de El Clot et garantissons le meilleur prix pour votre appartement.","breadcrumb":{"@id":"https:\/\/locabarcelona.egluu.com\/fr\/vente-appartements-barcelone\/el-clot\/#breadcrumb"},"inLanguage":"fr-FR","potentialAction":[{"@type":"ReadAction","target":["https:\/\/locabarcelona.egluu.com\/fr\/vente-appartements-barcelone\/el-clot\/"]}]},{"@type":"BreadcrumbList","@id":"https:\/\/locabarcelona.egluu.com\/fr\/vente-appartements-barcelone\/el-clot\/#breadcrumb","itemListElement":[{"@type":"ListItem","position":1,"name":"Inicio","item":"https:\/\/www.locabarcelona.com\/fr\/home\/"},{"@type":"ListItem","position":2,"name":"Vente d\u2019appartements \u00e0 Barcelone","item":"https:\/\/www.locabarcelona.com\/fr\/vente-appartements-barcelone\/"},{"@type":"ListItem","position":3,"name":"Apartements en vente \u00e0 el Clot"}]},{"@type":"WebSite","@id":"https:\/\/locabarcelona.egluu.com\/fr\/#website","url":"https:\/\/locabarcelona.egluu.com\/fr\/","name":"Loca Barcelona","description":"Real Estate Services","publisher":{"@id":"https:\/\/locabarcelona.egluu.com\/fr\/#organization"},"potentialAction":[{"@type":"SearchAction","target":{"@type":"EntryPoint","urlTemplate":"https:\/\/locabarcelona.egluu.com\/fr\/?s={search_term_string}"},"query-input":"required name=search_term_string"}],"inLanguage":"fr-FR"},{"@type":"Organization","@id":"https:\/\/locabarcelona.egluu.com\/fr\/#organization","name":"Loca Barcelona","url":"https:\/\/locabarcelona.egluu.com\/fr\/","logo":{"@type":"ImageObject","inLanguage":"fr-FR","@id":"https:\/\/locabarcelona.egluu.com\/fr\/#\/schema\/logo\/image\/","url":"https:\/\/locabarcelona.egluu.com\/wp-content\/uploads\/2021\/10\/logo_locabarcelona_small.png","contentUrl":"https:\/\/locabarcelona.egluu.com\/wp-content\/uploads\/2021\/10\/logo_locabarcelona_small.png","width":250,"height":149,"caption":"Loca Barcelona"},"image":{"@id":"https:\/\/locabarcelona.egluu.com\/fr\/#\/schema\/logo\/image\/"}}]}},"_links":{"self":[{"href":"https:\/\/locabarcelona.egluu.com\/fr\/wp-json\/wp\/v2\/pages\/531181"}],"collection":[{"href":"https:\/\/locabarcelona.egluu.com\/fr\/wp-json\/wp\/v2\/pages"}],"about":[{"href":"https:\/\/locabarcelona.egluu.com\/fr\/wp-json\/wp\/v2\/types\/page"}],"author":[{"embeddable":true,"href":"https:\/\/locabarcelona.egluu.com\/fr\/wp-json\/wp\/v2\/users\/344"}],"replies":[{"embeddable":true,"href":"https:\/\/locabarcelona.egluu.com\/fr\/wp-json\/wp\/v2\/comments?post=531181"}],"version-history":[{"count":9,"href":"https:\/\/locabarcelona.egluu.com\/fr\/wp-json\/wp\/v2\/pages\/531181\/revisions"}],"predecessor-version":[{"id":531237,"href":"https:\/\/locabarcelona.egluu.com\/fr\/wp-json\/wp\/v2\/pages\/531181\/revisions\/531237"}],"up":[{"embeddable":true,"href":"https:\/\/locabarcelona.egluu.com\/fr\/wp-json\/wp\/v2\/pages\/506318"}],"wp:attachment":[{"href":"https:\/\/locabarcelona.egluu.com\/fr\/wp-json\/wp\/v2\/media?parent=531181"}],"curies":[{"name":"wp","href":"https:\/\/api.w.org\/{rel}","templated":true}]}}