{"id":540595,"date":"2024-09-10T17:29:01","date_gmt":"2024-09-10T15:29:01","guid":{"rendered":"https:\/\/locabarcelona.egluu.com\/?page_id=540595"},"modified":"2024-09-12T09:27:03","modified_gmt":"2024-09-12T07:27:03","slug":"sants-badal","status":"publish","type":"page","link":"https:\/\/locabarcelona.egluu.com\/fr\/vente-appartements-barcelone\/sants-badal\/","title":{"rendered":"Appartements en vente \u00e0 Sants-Badal"},"content":{"rendered":"\t\t<div data-elementor-type=\"wp-page\" data-elementor-id=\"540595\" class=\"elementor elementor-540595\" data-elementor-post-type=\"page\">\n\t\t\t\t\t\t<section class=\"elementor-section elementor-top-section elementor-element elementor-element-2fd2862a elementor-section-boxed elementor-section-height-default elementor-section-height-default\" data-id=\"2fd2862a\" data-element_type=\"section\">\n\t\t\t\t\t\t<div class=\"elementor-container elementor-column-gap-default\">\n\t\t\t\t\t<div class=\"elementor-column elementor-col-100 elementor-top-column elementor-element elementor-element-a3df5d7\" data-id=\"a3df5d7\" data-element_type=\"column\">\n\t\t\t<div class=\"elementor-widget-wrap elementor-element-populated\">\n\t\t\t\t\t\t<div class=\"elementor-element elementor-element-d447453 elementor-widget elementor-widget-heading\" data-id=\"d447453\" data-element_type=\"widget\" data-widget_type=\"heading.default\">\n\t\t\t\t<div class=\"elementor-widget-container\">\n\t\t\t<h2 class=\"elementor-heading-title elementor-size-default\">Pourquoi acheter un appartement \u00e0 Sants-Badal ?\n<\/h2>\t\t<\/div>\n\t\t\t\t<\/div>\n\t\t\t\t<div class=\"elementor-element elementor-element-4b68348 elementor-widget elementor-widget-text-editor\" data-id=\"4b68348\" data-element_type=\"widget\" data-widget_type=\"text-editor.default\">\n\t\t\t\t<div class=\"elementor-widget-container\">\n\t\t\t\t\t\t\t<p><span style=\"font-weight: 400;\">Le quartier de Sants-Badal est largement connu \u00e0 Barcelone pour ses superbes appartements neufs \u00e0 des prix tr\u00e8s int\u00e9ressants. Tout cela, ajout\u00e9 \u00e0 la tranquillit\u00e9 de la zone, a fait de ce quartier un lieu de grand int\u00e9r\u00eat pour ceux qui cherchent \u00e0 d\u00e9m\u00e9nager.\u00a0<\/span><\/p><p><span style=\"font-weight: 400;\">L&#8217;achat d&#8217;un appartement \u00e0 Sants-Badal offre bien plus qu&#8217;un simple endroit o\u00f9 vivre, car en vivant dans ce quartier, vous pourrez profiter de plusieurs avantages dans votre vie quotidienne. La proximit\u00e9 de la gare de Sants permet de se d\u00e9placer facilement vers le reste de la ville et m\u00eame vers d&#8217;autres villes gr\u00e2ce aux trains disponibles.\u00a0<\/span><\/p><p><span style=\"font-weight: 400;\">En outre, ce quartier offre plusieurs options pour profiter de votre temps libre. Il dispose d&#8217;une grande vari\u00e9t\u00e9 de restaurants, ainsi que de plusieurs lieux de vie nocturne o\u00f9 vous pourrez profiter de votre week-end.\u00a0<\/span><\/p><p><span style=\"font-weight: 400;\">Comme vous pouvez le constater, les appartements \u00e0 vendre \u00e0 Sants-Badal offrent bien plus qu&#8217;un simple lieu de vie agr\u00e9able. La grande activit\u00e9 commerciale, la tranquillit\u00e9 et les possibilit\u00e9s de loisirs de ce quartier rendront votre vie quotidienne exceptionnelle.<\/span><\/p>\t\t\t\t\t\t<\/div>\n\t\t\t\t<\/div>\n\t\t\t\t<div class=\"elementor-element elementor-element-c1d95ea elementor-widget elementor-widget-heading\" data-id=\"c1d95ea\" data-element_type=\"widget\" data-widget_type=\"heading.default\">\n\t\t\t\t<div class=\"elementor-widget-container\">\n\t\t\t<h2 class=\"elementor-heading-title elementor-size-default\">Acheter un appartement \u00e0 Sants-Badal est facile avec Loca Barcelona\n<\/h2>\t\t<\/div>\n\t\t\t\t<\/div>\n\t\t\t\t<div class=\"elementor-element elementor-element-33a3cbf elementor-widget elementor-widget-text-editor\" data-id=\"33a3cbf\" data-element_type=\"widget\" data-widget_type=\"text-editor.default\">\n\t\t\t\t<div class=\"elementor-widget-container\">\n\t\t\t\t\t\t\t<p><span style=\"font-weight: 400;\">Chercher un appartement \u00e0 vendre \u00e0 Sants-Badal peut \u00eatre une t\u00e2che compliqu\u00e9e si vous ne savez pas comment vous y prendre. C&#8217;est pourquoi, chez Loca Barcelona, nous sommes fiers de dire que nous rendons tout le processus d&#8217;achat facile pour vous, depuis la recherche d&#8217;un appartement jusqu&#8217;\u00e0 son achat.\u00a0<\/span><\/p><p><span style=\"font-weight: 400;\">Nous nous distinguons des autres agences immobili\u00e8res de Sants-Badal gr\u00e2ce \u00e0 nos services exclusifs, qui vous permettront de trouver plus facilement l&#8217;appartement de vos r\u00eaves. Ces services sont les suivants<\/span><\/p><ul><li style=\"font-weight: 400;\" aria-level=\"1\"><b>Chasseur immobilier<\/b><span style=\"font-weight: 400;\"> : Si vous \u00eates \u00e0 la recherche d&#8217;une exp\u00e9rience totalement personnalis\u00e9e et que vous souhaitez avoir un chasseur immobilier qui vous soit exclusivement d\u00e9di\u00e9, c&#8217;est le service qu&#8217;il vous faut. Notre <\/span><strong><a href=\"https:\/\/locabarcelona.egluu.com\/en\/sales-apartments-barcelona\/property-worth\/\">chasseur immobilier personnel<\/a><\/strong><span style=\"font-weight: 400;\"> r\u00e9pondra \u00e0 vos besoins et trouvera la maison de vos r\u00eaves sans que vous ayez \u00e0 vous pr\u00e9occuper de la recherche.<\/span><\/li><li style=\"font-weight: 400;\" aria-level=\"1\"><b>Aide \u00e0 l&#8217;obtention du Golden Visa<\/b><span style=\"font-weight: 400;\"> : Si vous ne r\u00e9sidez pas en Espagne, mais que vous souhaitez investir dans le march\u00e9 immobilier espagnol, ce service est fait pour vous. Le <\/span><strong><a href=\"https:\/\/locabarcelona.egluu.com\/fr\/vente-appartements-barcelone\/golden-visa-espagne\/\">Golden Visa<\/a><\/strong><span style=\"font-weight: 400;\"> est un visa qui vous permet de vivre et d&#8217;investir en Espagne,\u00a0<\/span><\/li><\/ul><p><span style=\"font-weight: 400;\">Avec les services que nous offrons \u00e0 Loca Barcelona, trouver votre maison id\u00e9ale \u00e0 vendre \u00e0 Sants-Badal sera une t\u00e2che simple.\u00a0<\/span><\/p>\t\t\t\t\t\t<\/div>\n\t\t\t\t<\/div>\n\t\t\t\t<div class=\"elementor-element elementor-element-1544067 elementor-widget elementor-widget-heading\" data-id=\"1544067\" data-element_type=\"widget\" data-widget_type=\"heading.default\">\n\t\t\t\t<div class=\"elementor-widget-container\">\n\t\t\t<h2 class=\"elementor-heading-title elementor-size-default\">Vous souhaitez vendre votre appartement \u00e0 Sants-Badal ?<\/h2>\t\t<\/div>\n\t\t\t\t<\/div>\n\t\t\t\t<div class=\"elementor-element elementor-element-1a8a150 elementor-widget elementor-widget-text-editor\" data-id=\"1a8a150\" data-element_type=\"widget\" data-widget_type=\"text-editor.default\">\n\t\t\t\t<div class=\"elementor-widget-container\">\n\t\t\t\t\t\t\t<p><span style=\"font-weight: 400;\">Si vous \u00eates int\u00e9ress\u00e9 par la vente d&#8217;appartements \u00e0 Sants-Badal, Loca Barcelona met \u00e0 votre disposition son \u00e9quipe d&#8217;agents immobiliers. Nous nous engageons \u00e0 g\u00e9rer tout le processus de vente, de l&#8217;\u00e9valuation \u00e0 la signature du contrat de vente. Avec ces 5 \u00e9tapes simples vous aurez vendu votre maison \u00e0 vendre \u00e0 Sants-Badal :<\/span><\/p><ol><li style=\"font-weight: 400;\" aria-level=\"1\"><span style=\"font-weight: 400;\">Remplissez notre <\/span><a href=\"https:\/\/locabarcelona.egluu.com\/fr\/qui-sommes-nous\/contactez-nous\/\"><span style=\"font-weight: 400;\"><strong>formulaire de contact<\/strong><\/span><\/a><span style=\"font-weight: 400;\"> et nous vous contacterons dans les plus brefs d\u00e9lais.\u00a0<\/span><\/li><li style=\"font-weight: 400;\" aria-level=\"1\"><span style=\"font-weight: 400;\">Convenez d&#8217;une date qui vous convienne pour que nos \u00e9valuateurs puissent effectuer une \u00e9valuation pr\u00e9cise de votre propri\u00e9t\u00e9.<\/span><\/li><li style=\"font-weight: 400;\" aria-level=\"1\"><span style=\"font-weight: 400;\">Loca Barcelona s&#8217;occupera de promouvoir et de faire visiter votre appartement \u00e0 Sants-Badal aux acheteurs potentiels.<\/span><\/li><li style=\"font-weight: 400;\" aria-level=\"1\"><span style=\"font-weight: 400;\">Nous r\u00e9digerons le contrat et nous vous aiderons avec toute la documentation sous la supervision d&#8217;un avocat.<\/span><\/li><li style=\"font-weight: 400;\" aria-level=\"1\"><span style=\"font-weight: 400;\">Nous finaliserons le processus de vente devant un notaire pour le rendre officiel.<\/span><\/li><\/ol><p><span style=\"font-weight: 400;\">N&#8217;oubliez pas que si vous souhaitez conna\u00eetre la valeur approximative de votre appartement \u00e0 Sants-Badal, vous pouvez utiliser notre <\/span><a href=\"https:\/\/locabarcelona.egluu.com\/fr\/vente-appartements-barcelone\/estimation-bien-immobilier\/\"><span style=\"font-weight: 400;\"><strong>outil gratuit d&#8217;\u00e9valuation immobili\u00e8re en ligne<\/strong><\/span><\/a><span style=\"font-weight: 400;\">. Cet outil vous permet de conna\u00eetre la valeur approximative de votre propri\u00e9t\u00e9 en moins de 2 minutes.\u00a0<\/span><\/p><p><span style=\"font-weight: 400;\">Gardez \u00e0 l&#8217;esprit que m\u00eame si vous connaissez ainsi la valeur approximative de votre maison \u00e0 Sants-Badal, n&#8217;oubliez pas qu&#8217;il est toujours pr\u00e9f\u00e9rable de conna\u00eetre la valeur exacte. Notre expert en \u00e9valuation vous donnera la valeur exacte et vous informera de l&#8217;\u00e9volution des prix au m\u00e8tre carr\u00e9 dans le quartier.<\/span><\/p>\t\t\t\t\t\t<\/div>\n\t\t\t\t<\/div>\n\t\t\t\t<div class=\"elementor-element elementor-element-d4e0925 elementor-widget elementor-widget-heading\" data-id=\"d4e0925\" data-element_type=\"widget\" data-widget_type=\"heading.default\">\n\t\t\t\t<div class=\"elementor-widget-container\">\n\t\t\t<h2 class=\"elementor-heading-title elementor-size-default\">Loca Barcelona : votre agent immobilier de confiance \u00e0 Sants-Badal<\/h2>\t\t<\/div>\n\t\t\t\t<\/div>\n\t\t\t\t<div class=\"elementor-element elementor-element-8ab9fc0 elementor-widget elementor-widget-text-editor\" data-id=\"8ab9fc0\" data-element_type=\"widget\" data-widget_type=\"text-editor.default\">\n\t\t\t\t<div class=\"elementor-widget-container\">\n\t\t\t\t\t\t\t<p><span style=\"font-weight: 400;\">Chez Loca Barcelona, nous sommes fiers d&#8217;\u00eatre l&#8217;agence immobili\u00e8re \u00e0 laquelle de plus en plus de personnes font confiance \u00e0 Sants-Badal. Nos ann\u00e9es d&#8217;exp\u00e9rience dans le secteur de l&#8217;immobilier nous permettent d&#8217;offrir des services et des r\u00e9sultats que nos clients appr\u00e9cient.<\/span><\/p>\t\t\t\t\t\t<\/div>\n\t\t\t\t<\/div>\n\t\t\t\t<div class=\"elementor-element elementor-element-d516972 elementor-widget elementor-widget-heading\" data-id=\"d516972\" data-element_type=\"widget\" data-widget_type=\"heading.default\">\n\t\t\t\t<div class=\"elementor-widget-container\">\n\t\t\t<h2 class=\"elementor-heading-title elementor-size-default\">Appartements \u00e0 vendre \u00e0 Barcelone par quartier<\/h2>\t\t<\/div>\n\t\t\t\t<\/div>\n\t\t\t\t\t<\/div>\n\t\t<\/div>\n\t\t\t\t\t<\/div>\n\t\t<\/section>\n\t\t<div class=\"elementor-element elementor-element-fd2582f e-flex e-con-boxed e-con e-parent\" data-id=\"fd2582f\" data-element_type=\"container\">\n\t\t\t\t\t<div class=\"e-con-inner\">\n\t\t\t\t<div class=\"elementor-element elementor-element-506713 elementor-widget__width-inherit elementor-widget elementor-widget-global elementor-global-506713 elementor-widget-text-editor\" data-id=\"506713\" data-element_type=\"widget\" data-widget_type=\"text-editor.default\">\n\t\t\t\t<div class=\"elementor-widget-container\">\n\t\t\t\t\t\t\t<p><a href=\"https:\/\/locabarcelona.egluu.com\/fr\/vente-appartements-barcelone\/eixample\/\">Appartements \u00e0 vendre dans l&#8217;Eixample<\/a><br \/><a href=\"https:\/\/locabarcelona.egluu.com\/fr\/vente-appartements-barcelone\/eixample-dreta\/\">Appartements \u00e0 vendre dans l&#8217;Eixample Dreta<\/a><br \/><a href=\"https:\/\/locabarcelona.egluu.com\/fr\/vente-appartements-barcelone\/antiga-esquerra-eixample\/\">Appartements Antiga Esquerra de l&#8217;Eixample<\/a><br \/><a href=\"https:\/\/locabarcelona.egluu.com\/fr\/vente-appartements-barcelone\/nova-esquerra-eixample\/\">Appartements Nova Esquerra de l&#8217;Eixample<\/a><br \/><a href=\"https:\/\/locabarcelona.egluu.com\/fr\/vente-appartements-barcelone\/fort-pienc\/\">Appartements \u00e0 vendre dans Fort Pienc<\/a><br \/><a href=\"https:\/\/locabarcelona.egluu.com\/fr\/vente-appartements-barcelone\/sagrada-familia\/\">Appartements \u00e0 vendre dans la Sagrada Familia<\/a><br \/><a href=\"https:\/\/locabarcelona.egluu.com\/fr\/vente-appartements-barcelone\/sant-antoni\/\">Appartements \u00e0 vendre dans Sant Antoni<\/a><br \/><a href=\"https:\/\/locabarcelona.egluu.com\/fr\/vente-appartements-barcelone\/ciutat-vella\/\">Appartements \u00e0 vendre dans Ciutat Vella<\/a><br \/><a href=\"https:\/\/locabarcelona.egluu.com\/fr\/vente-appartements-barcelone\/gotico\/\">Appartements \u00e0 vendre dans le Gothic<\/a><br \/><a href=\"https:\/\/locabarcelona.egluu.com\/fr\/vente-appartements-barcelone\/el-raval\/\">Appartements \u00e0 vendre dans le Raval<\/a><br \/><a href=\"https:\/\/locabarcelona.egluu.com\/fr\/vente-appartements-barcelone\/el-born\/\">Appartements \u00e0 vendre dans le Born<\/a><br \/><a href=\"https:\/\/locabarcelona.egluu.com\/fr\/vente-appartements-barcelone\/barceloneta\/\">Appartements \u00e0 vendre dans la Barceloneta<\/a><br \/><a href=\"https:\/\/locabarcelona.egluu.com\/fr\/vente-appartements-barcelone\/sants-montjuic\/\">Appartements \u00e0 vendre dans Sants-Montju\u00efc<\/a><br \/><a href=\"https:\/\/locabarcelona.egluu.com\/fr\/vente-appartements-barcelone\/sants-badal\/\">Appartements \u00e0 vendre dans Sants Badal<\/a><br \/><a href=\"https:\/\/locabarcelona.egluu.com\/fr\/vente-appartements-barcelone\/poble-sec\/\">Appartements \u00e0 vendre dans Poble Sec<\/a><br \/><a href=\"https:\/\/locabarcelona.egluu.com\/fr\/vente-appartements-barcelone\/sants\/\">Appartements \u00e0 vendre dans Sants<\/a><br \/><a href=\"https:\/\/locabarcelona.egluu.com\/fr\/vente-appartements-barcelone\/tres-torres\/\">Appartements \u00e0 vendre dans Les Tres Torres<\/a><br \/><a href=\"https:\/\/locabarcelona.egluu.com\/fr\/vente-appartements-barcelone\/les-corts\/\">Appartements \u00e0 vendre dans Les Corts<\/a><br \/><a href=\"https:\/\/locabarcelona.egluu.com\/fr\/vente-appartements-barcelone\/pedralbes\/\">Appartements \u00e0 vendre dans Pedralbes<\/a><br \/><a href=\"https:\/\/locabarcelona.egluu.com\/fr\/vente-appartements-barcelone\/sarria-sant-gervasi\/\">Appartements \u00e0 vendre dans Sarria Sant Gervasi<\/a><br \/><a href=\"https:\/\/locabarcelona.egluu.com\/fr\/vente-appartements-barcelone\/gracia\/\">Appartements \u00e0 vendre dans Gracia<\/a><br \/><a href=\"https:\/\/locabarcelona.egluu.com\/fr\/vente-appartements-barcelone\/horta-guinardo\/\">Appartements \u00e0 vendre dans Horta-Guinardo<\/a><br \/><a href=\"https:\/\/locabarcelona.egluu.com\/fr\/vente-appartements-barcelone\/horta\/\">Appartements \u00e0 vendre dans Horta<\/a><br \/><a href=\"https:\/\/locabarcelona.egluu.com\/fr\/vente-appartements-barcelone\/nou-barris\/\">Appartements \u00e0 vendre dans Nou Barris<\/a><br \/><a href=\"https:\/\/locabarcelona.egluu.com\/fr\/vente-appartements-barcelone\/sant-andreu\/\">Appartements \u00e0 vendre dans Sant Andreu<\/a> <a href=\"https:\/\/locabarcelona.egluu.com\/fr\/vente-appartements-barcelone\/sant-antoni\/\">Appartements \u00e0 vendre dans Sant Antoni<\/a> <a href=\"https:\/\/locabarcelona.egluu.com\/fr\/vente-appartements-barcelone\/sant-marti\/\">Appartements \u00e0 vendre dans Sant Mart\u00ed<\/a><br \/><a href=\"https:\/\/locabarcelona.egluu.com\/fr\/vente-appartements-barcelone\/sant-marti-provencals\/\">Appartements dans Sant Mart\u00ed de Prove\u00e7als<\/a><br \/><a href=\"https:\/\/locabarcelona.egluu.com\/fr\/vente-appartements-barcelone\/el-clot\/\">Appartements \u00e0 vendre dans le Clot<\/a><br \/><a href=\"https:\/\/locabarcelona.egluu.com\/fr\/vente-appartements-barcelone\/poble-nou\/\">Appartements \u00e0 vendre dans Poblenou<\/a><br \/><a href=\"https:\/\/locabarcelona.egluu.com\/fr\/vente-appartements-barcelone\/diagonal-mar\/\">Appartements \u00e0 vendre dans Diagonal Mar<\/a><br \/><a href=\"https:\/\/locabarcelona.egluu.com\/fr\/vente-appartements-barcelone\/zona-franca\/\">Appartements \u00e0 vendre dans la Zona Franca<\/a><br \/><a href=\"https:\/\/locabarcelona.egluu.com\/fr\/vente-appartements-barcelone\/sagrera\/\">Appartements \u00e0 vendre dans La Sagrera<\/a><\/p>\t\t\t\t\t\t<\/div>\n\t\t\t\t<\/div>\n\t\t\t\t\t<\/div>\n\t\t\t\t<\/div>\n\t\t\t\t<\/div>\n\t\t","protected":false},"excerpt":{"rendered":"<p>Pourquoi acheter un appartement \u00e0 Sants-Badal ? Le quartier de Sants-Badal est largement connu \u00e0 Barcelone pour ses superbes appartements neufs \u00e0 des prix tr\u00e8s int\u00e9ressants. Tout cela, ajout\u00e9 \u00e0 la tranquillit\u00e9 de la zone, a fait de ce quartier un lieu de grand int\u00e9r\u00eat pour ceux qui cherchent \u00e0 d\u00e9m\u00e9nager.\u00a0 L&#8217;achat d&#8217;un appartement \u00e0&#8230;<\/p>\n","protected":false},"author":344,"featured_media":0,"parent":506318,"menu_order":0,"comment_status":"closed","ping_status":"closed","template":"templates\/list-layout.php","meta":{"inline_featured_image":false,"footnotes":""},"yoast_head":"<!-- This site is optimized with the Yoast SEO Premium plugin v22.6 (Yoast SEO v22.6) - https:\/\/yoast.com\/wordpress\/plugins\/seo\/ -->\n<title>Apartements en vente \u00e0 Sants-Badal | Locabarcelona<\/title>\n<meta name=\"description\" content=\"Vous recherchez un appartement \u00e0 vendre \u00e0 Sants-Badal ? D\u00e9couvrez tout ce que vous devez savoir sur la vente d&#039;appartements avec Loca Barcelona.\" \/>\n<meta name=\"robots\" content=\"noindex, follow, max-snippet:-1, max-image-preview:large, max-video-preview:-1\" \/>\n<meta property=\"og:locale\" content=\"fr_FR\" \/>\n<meta property=\"og:type\" content=\"article\" \/>\n<meta property=\"og:title\" content=\"Apartements en vente \u00e0 Sants-Badal | Locabarcelona\" \/>\n<meta property=\"og:description\" content=\"Vous recherchez un appartement \u00e0 vendre \u00e0 Sants-Badal ? D\u00e9couvrez tout ce que vous devez savoir sur la vente d&#039;appartements avec Loca Barcelona.\" \/>\n<meta property=\"og:url\" content=\"https:\/\/locabarcelona.egluu.com\/fr\/vente-appartements-barcelone\/sants-badal\/\" \/>\n<meta property=\"og:site_name\" content=\"Locabarcelona\" \/>\n<meta property=\"article:modified_time\" content=\"2024-09-12T07:27:03+00:00\" \/>\n<meta name=\"twitter:card\" content=\"summary_large_image\" \/>\n<meta name=\"twitter:label1\" content=\"Est. reading time\" \/>\n\t<meta name=\"twitter:data1\" content=\"5 minutes\" \/>\n<script type=\"application\/ld+json\" class=\"yoast-schema-graph\">{\"@context\":\"https:\/\/schema.org\",\"@graph\":[{\"@type\":\"WebPage\",\"@id\":\"https:\/\/locabarcelona.egluu.com\/fr\/vente-appartements-barcelone\/sants-badal\/\",\"url\":\"https:\/\/locabarcelona.egluu.com\/fr\/vente-appartements-barcelone\/sants-badal\/\",\"name\":\"Apartements en vente \u00e0 Sants-Badal | Locabarcelona\",\"isPartOf\":{\"@id\":\"https:\/\/locabarcelona.egluu.com\/fr\/#website\"},\"datePublished\":\"2024-09-10T15:29:01+00:00\",\"dateModified\":\"2024-09-12T07:27:03+00:00\",\"description\":\"Vous recherchez un appartement \u00e0 vendre \u00e0 Sants-Badal ? D\u00e9couvrez tout ce que vous devez savoir sur la vente d'appartements avec Loca Barcelona.\",\"breadcrumb\":{\"@id\":\"https:\/\/locabarcelona.egluu.com\/fr\/vente-appartements-barcelone\/sants-badal\/#breadcrumb\"},\"inLanguage\":\"fr-FR\",\"potentialAction\":[{\"@type\":\"ReadAction\",\"target\":[\"https:\/\/locabarcelona.egluu.com\/fr\/vente-appartements-barcelone\/sants-badal\/\"]}]},{\"@type\":\"BreadcrumbList\",\"@id\":\"https:\/\/locabarcelona.egluu.com\/fr\/vente-appartements-barcelone\/sants-badal\/#breadcrumb\",\"itemListElement\":[{\"@type\":\"ListItem\",\"position\":1,\"name\":\"Inicio\",\"item\":\"https:\/\/www.locabarcelona.com\/fr\/home\/\"},{\"@type\":\"ListItem\",\"position\":2,\"name\":\"Vente d\u2019appartements \u00e0 Barcelone\",\"item\":\"https:\/\/www.locabarcelona.com\/fr\/vente-appartements-barcelone\/\"},{\"@type\":\"ListItem\",\"position\":3,\"name\":\"Appartements en vente \u00e0 Sants-Badal\"}]},{\"@type\":\"WebSite\",\"@id\":\"https:\/\/locabarcelona.egluu.com\/fr\/#website\",\"url\":\"https:\/\/locabarcelona.egluu.com\/fr\/\",\"name\":\"Loca Barcelona\",\"description\":\"Real Estate Services\",\"publisher\":{\"@id\":\"https:\/\/locabarcelona.egluu.com\/fr\/#organization\"},\"potentialAction\":[{\"@type\":\"SearchAction\",\"target\":{\"@type\":\"EntryPoint\",\"urlTemplate\":\"https:\/\/locabarcelona.egluu.com\/fr\/?s={search_term_string}\"},\"query-input\":\"required name=search_term_string\"}],\"inLanguage\":\"fr-FR\"},{\"@type\":\"Organization\",\"@id\":\"https:\/\/locabarcelona.egluu.com\/fr\/#organization\",\"name\":\"Loca Barcelona\",\"url\":\"https:\/\/locabarcelona.egluu.com\/fr\/\",\"logo\":{\"@type\":\"ImageObject\",\"inLanguage\":\"fr-FR\",\"@id\":\"https:\/\/locabarcelona.egluu.com\/fr\/#\/schema\/logo\/image\/\",\"url\":\"https:\/\/locabarcelona.egluu.com\/wp-content\/uploads\/2021\/10\/logo_locabarcelona_small.png\",\"contentUrl\":\"https:\/\/locabarcelona.egluu.com\/wp-content\/uploads\/2021\/10\/logo_locabarcelona_small.png\",\"width\":250,\"height\":149,\"caption\":\"Loca Barcelona\"},\"image\":{\"@id\":\"https:\/\/locabarcelona.egluu.com\/fr\/#\/schema\/logo\/image\/\"}}]}<\/script>\n<!-- \/ Yoast SEO Premium plugin. -->","yoast_head_json":{"title":"Apartements en vente \u00e0 Sants-Badal | Locabarcelona","description":"Vous recherchez un appartement \u00e0 vendre \u00e0 Sants-Badal ? D\u00e9couvrez tout ce que vous devez savoir sur la vente d'appartements avec Loca Barcelona.","robots":{"index":"noindex","follow":"follow","max-snippet":"max-snippet:-1","max-image-preview":"max-image-preview:large","max-video-preview":"max-video-preview:-1"},"og_locale":"fr_FR","og_type":"article","og_title":"Apartements en vente \u00e0 Sants-Badal | Locabarcelona","og_description":"Vous recherchez un appartement \u00e0 vendre \u00e0 Sants-Badal ? D\u00e9couvrez tout ce que vous devez savoir sur la vente d'appartements avec Loca Barcelona.","og_url":"https:\/\/locabarcelona.egluu.com\/fr\/vente-appartements-barcelone\/sants-badal\/","og_site_name":"Locabarcelona","article_modified_time":"2024-09-12T07:27:03+00:00","twitter_card":"summary_large_image","twitter_misc":{"Est. reading time":"5 minutes"},"schema":{"@context":"https:\/\/schema.org","@graph":[{"@type":"WebPage","@id":"https:\/\/locabarcelona.egluu.com\/fr\/vente-appartements-barcelone\/sants-badal\/","url":"https:\/\/locabarcelona.egluu.com\/fr\/vente-appartements-barcelone\/sants-badal\/","name":"Apartements en vente \u00e0 Sants-Badal | Locabarcelona","isPartOf":{"@id":"https:\/\/locabarcelona.egluu.com\/fr\/#website"},"datePublished":"2024-09-10T15:29:01+00:00","dateModified":"2024-09-12T07:27:03+00:00","description":"Vous recherchez un appartement \u00e0 vendre \u00e0 Sants-Badal ? D\u00e9couvrez tout ce que vous devez savoir sur la vente d'appartements avec Loca Barcelona.","breadcrumb":{"@id":"https:\/\/locabarcelona.egluu.com\/fr\/vente-appartements-barcelone\/sants-badal\/#breadcrumb"},"inLanguage":"fr-FR","potentialAction":[{"@type":"ReadAction","target":["https:\/\/locabarcelona.egluu.com\/fr\/vente-appartements-barcelone\/sants-badal\/"]}]},{"@type":"BreadcrumbList","@id":"https:\/\/locabarcelona.egluu.com\/fr\/vente-appartements-barcelone\/sants-badal\/#breadcrumb","itemListElement":[{"@type":"ListItem","position":1,"name":"Inicio","item":"https:\/\/www.locabarcelona.com\/fr\/home\/"},{"@type":"ListItem","position":2,"name":"Vente d\u2019appartements \u00e0 Barcelone","item":"https:\/\/www.locabarcelona.com\/fr\/vente-appartements-barcelone\/"},{"@type":"ListItem","position":3,"name":"Appartements en vente \u00e0 Sants-Badal"}]},{"@type":"WebSite","@id":"https:\/\/locabarcelona.egluu.com\/fr\/#website","url":"https:\/\/locabarcelona.egluu.com\/fr\/","name":"Loca Barcelona","description":"Real Estate Services","publisher":{"@id":"https:\/\/locabarcelona.egluu.com\/fr\/#organization"},"potentialAction":[{"@type":"SearchAction","target":{"@type":"EntryPoint","urlTemplate":"https:\/\/locabarcelona.egluu.com\/fr\/?s={search_term_string}"},"query-input":"required name=search_term_string"}],"inLanguage":"fr-FR"},{"@type":"Organization","@id":"https:\/\/locabarcelona.egluu.com\/fr\/#organization","name":"Loca Barcelona","url":"https:\/\/locabarcelona.egluu.com\/fr\/","logo":{"@type":"ImageObject","inLanguage":"fr-FR","@id":"https:\/\/locabarcelona.egluu.com\/fr\/#\/schema\/logo\/image\/","url":"https:\/\/locabarcelona.egluu.com\/wp-content\/uploads\/2021\/10\/logo_locabarcelona_small.png","contentUrl":"https:\/\/locabarcelona.egluu.com\/wp-content\/uploads\/2021\/10\/logo_locabarcelona_small.png","width":250,"height":149,"caption":"Loca Barcelona"},"image":{"@id":"https:\/\/locabarcelona.egluu.com\/fr\/#\/schema\/logo\/image\/"}}]}},"_links":{"self":[{"href":"https:\/\/locabarcelona.egluu.com\/fr\/wp-json\/wp\/v2\/pages\/540595"}],"collection":[{"href":"https:\/\/locabarcelona.egluu.com\/fr\/wp-json\/wp\/v2\/pages"}],"about":[{"href":"https:\/\/locabarcelona.egluu.com\/fr\/wp-json\/wp\/v2\/types\/page"}],"author":[{"embeddable":true,"href":"https:\/\/locabarcelona.egluu.com\/fr\/wp-json\/wp\/v2\/users\/344"}],"replies":[{"embeddable":true,"href":"https:\/\/locabarcelona.egluu.com\/fr\/wp-json\/wp\/v2\/comments?post=540595"}],"version-history":[{"count":10,"href":"https:\/\/locabarcelona.egluu.com\/fr\/wp-json\/wp\/v2\/pages\/540595\/revisions"}],"predecessor-version":[{"id":541076,"href":"https:\/\/locabarcelona.egluu.com\/fr\/wp-json\/wp\/v2\/pages\/540595\/revisions\/541076"}],"up":[{"embeddable":true,"href":"https:\/\/locabarcelona.egluu.com\/fr\/wp-json\/wp\/v2\/pages\/506318"}],"wp:attachment":[{"href":"https:\/\/locabarcelona.egluu.com\/fr\/wp-json\/wp\/v2\/media?parent=540595"}],"curies":[{"name":"wp","href":"https:\/\/api.w.org\/{rel}","templated":true}]}}