{"id":546011,"date":"2024-10-03T12:23:42","date_gmt":"2024-10-03T10:23:42","guid":{"rendered":"https:\/\/locabarcelona.egluu.com\/?page_id=546011"},"modified":"2024-10-03T15:29:09","modified_gmt":"2024-10-03T13:29:09","slug":"eixample-dreta","status":"publish","type":"page","link":"https:\/\/locabarcelona.egluu.com\/fr\/vente-appartements-barcelone\/eixample-dreta\/","title":{"rendered":"Appartements en vente dans l&#8217;Eixample Dreta"},"content":{"rendered":"\t\t<div data-elementor-type=\"wp-page\" data-elementor-id=\"546011\" class=\"elementor elementor-546011 elementor-534878\" data-elementor-post-type=\"page\">\n\t\t\t\t\t\t<section class=\"elementor-section elementor-top-section elementor-element elementor-element-2fd2862a elementor-section-boxed elementor-section-height-default elementor-section-height-default\" data-id=\"2fd2862a\" data-element_type=\"section\">\n\t\t\t\t\t\t<div class=\"elementor-container elementor-column-gap-default\">\n\t\t\t\t\t<div class=\"elementor-column elementor-col-100 elementor-top-column elementor-element elementor-element-a3df5d7\" data-id=\"a3df5d7\" data-element_type=\"column\">\n\t\t\t<div class=\"elementor-widget-wrap elementor-element-populated\">\n\t\t\t\t\t\t<div class=\"elementor-element elementor-element-d447453 elementor-widget elementor-widget-heading\" data-id=\"d447453\" data-element_type=\"widget\" data-widget_type=\"heading.default\">\n\t\t\t\t<div class=\"elementor-widget-container\">\n\t\t\t<h2 class=\"elementor-heading-title elementor-size-default\">Pourquoi acheter un appartement \u00e0 Dreta de l'Eixample ? \n<\/h2>\t\t<\/div>\n\t\t\t\t<\/div>\n\t\t\t\t<div class=\"elementor-element elementor-element-4b68348 elementor-widget elementor-widget-text-editor\" data-id=\"4b68348\" data-element_type=\"widget\" data-widget_type=\"text-editor.default\">\n\t\t\t\t<div class=\"elementor-widget-container\">\n\t\t\t\t\t\t\t<p>Le quartier de la Dreta de l&#8217;Eixample est sans aucun doute l&#8217;un des endroits les plus convoit\u00e9s pour vivre \u00e0 Barcelone. Les rues de ce quartier sont parmi les plus embl\u00e9matiques de la ville et abritent des monuments aussi connus que la Casa Batll\u00f3.<\/p><p>De plus, Dreta de l&#8217;Eixample n&#8217;est pas seulement connu pour \u00eatre l&#8217;un des plus beaux endroits de Barcelone, mais aussi pour ses grandes maisons. De nombreux appartements \u00e0 vendre \u00e0 Dreta de l&#8217;Eixample ont \u00e9t\u00e9 r\u00e9cemment r\u00e9nov\u00e9s et disposent de tous les \u00e9quipements dont une personne peut avoir besoin.<\/p><p>Acheter un appartement \u00e0 Dreta de l&#8217;Eixample est l&#8217;option parfaite pour ceux qui recherchent une vie s\u00fbre et tranquille. Un autre point important \u00e0 garder \u00e0 l&#8217;esprit est sa situation g\u00e9ographique privil\u00e9gi\u00e9e, puisqu&#8217;il est proche de tous les principaux points d&#8217;int\u00e9r\u00eat de la ville. C&#8217;est pourquoi des centaines de restaurants et d&#8217;autres \u00e9tablissements de loisirs ont d\u00e9cid\u00e9 d&#8217;ouvrir leurs portes dans cette zone, ce qui fait qu&#8217;il y a des dizaines de <span style=\"text-decoration: underline;\"><a href=\"https:\/\/locabarcelona.egluu.com\/fr\/vivre-barcelone\/eixample\/que-faire\/\">choses \u00e0 faire dans l&#8217;Eixample<\/a><\/span>.<\/p>\t\t\t\t\t\t<\/div>\n\t\t\t\t<\/div>\n\t\t\t\t<div class=\"elementor-element elementor-element-c1d95ea elementor-widget elementor-widget-heading\" data-id=\"c1d95ea\" data-element_type=\"widget\" data-widget_type=\"heading.default\">\n\t\t\t\t<div class=\"elementor-widget-container\">\n\t\t\t<h2 class=\"elementor-heading-title elementor-size-default\">Acheter un appartement \u00e0 Dreta de l'Eixample\n<\/h2>\t\t<\/div>\n\t\t\t\t<\/div>\n\t\t\t\t<div class=\"elementor-element elementor-element-33a3cbf elementor-widget elementor-widget-text-editor\" data-id=\"33a3cbf\" data-element_type=\"widget\" data-widget_type=\"text-editor.default\">\n\t\t\t\t<div class=\"elementor-widget-container\">\n\t\t\t\t\t\t\t<p>Chercher des maisons \u00e0 vendre \u00e0 Dreta de l&#8217;Eixample peut \u00eatre un peu compliqu\u00e9 si vous ne savez pas comment vous y prendre. Chez Loca Barcelona, nous rendons tout le processus d&#8217;achat facile pour vous, depuis la recherche de l&#8217;appartement de vos r\u00eaves jusqu&#8217;aux proc\u00e9dures finales.<\/p><p>Nous nous distinguons de toutes les agences immobili\u00e8res de Barcelone gr\u00e2ce \u00e0 nos services exclusifs qui vous permettront de profiter d&#8217;une exp\u00e9rience totalement personnalis\u00e9e. Ces services sont les suivants<\/p><ul><li><a href=\"https:\/\/locabarcelona.egluu.com\/fr\/vente-appartements-barcelone\/personal-shopper-immobilier-a-barcelone\/\"><span style=\"text-decoration: underline;\">Personal shopper immobilier<\/span><\/a> : Si vous souhaitez b\u00e9n\u00e9ficier d&#8217;un expert immobilier d\u00e9di\u00e9 exclusivement \u00e0 vos besoins, ce service est fait pour vous. Notre personal shopper immobilier se consacrera \u00e0 trouver l&#8217;appartement \u00e0 Dreta de l&#8217;Eixample qui s&#8217;adapte le mieux \u00e0 vos besoins. Une exp\u00e9rience d&#8217;achat unique qui rend la recherche d&#8217;un appartement vraiment facile.<\/li><li><a href=\"https:\/\/locabarcelona.egluu.com\/fr\/vente-appartements-barcelone\/golden-visa-espagne\/\"><span style=\"text-decoration: underline;\">Aide \u00e0 l&#8217;obtention du Golden Vis<\/span><\/a>a : Si vous souhaitez investir dans le march\u00e9 immobilier espagnol, mais que vous n&#8217;\u00eates pas r\u00e9sident du pays, ce visa sera d&#8217;un grand int\u00e9r\u00eat pour vous. Le Golden Visa est un visa qui vous permet de r\u00e9sider et d&#8217;investir sur le territoire espagnol. Chez Loca Barcelona, nous vous aidons en vous donnant toutes les informations dont vous avez besoin et en nous chargeant de toutes les proc\u00e9dures.<\/li><\/ul><p>Gr\u00e2ce aux services que nous offrons \u00e0 Loca Barcelona, trouver des maisons \u00e0 vendre \u00e0 Dreta de l&#8217;Eixample sera vraiment facile pour vous.<\/p>\t\t\t\t\t\t<\/div>\n\t\t\t\t<\/div>\n\t\t\t\t<div class=\"elementor-element elementor-element-1544067 elementor-widget elementor-widget-heading\" data-id=\"1544067\" data-element_type=\"widget\" data-widget_type=\"heading.default\">\n\t\t\t\t<div class=\"elementor-widget-container\">\n\t\t\t<h2 class=\"elementor-heading-title elementor-size-default\">Vous souhaitez vendre votre appartement \u00e0 Dreta de l'Eixample ?<\/h2>\t\t<\/div>\n\t\t\t\t<\/div>\n\t\t\t\t<div class=\"elementor-element elementor-element-1a8a150 elementor-widget elementor-widget-text-editor\" data-id=\"1a8a150\" data-element_type=\"widget\" data-widget_type=\"text-editor.default\">\n\t\t\t\t<div class=\"elementor-widget-container\">\n\t\t\t\t\t\t\t<p>Si vous souhaitez vendre votre appartement \u00e0 Dreta de l&#8217;Eixample, Loca Barcelona est votre meilleure option. Nous mettons \u00e0 votre disposition notre \u00e9quipe d&#8217;agents immobiliers experts et nous nous engageons \u00e0 g\u00e9rer tout le processus de vente pour vous garantir le meilleur prix possible. Pour ce faire, il vous suffit de suivre ces 5 \u00e9tapes :<\/p><ol><li>Remplissez notre formulaire de contact et nous vous contacterons dans les plus brefs d\u00e9lais.<\/li><li>Nous conviendrons d&#8217;une date pour que notre expert se rende \u00e0 votre domicile et proc\u00e8de \u00e0 une \u00e9valuation correcte.<\/li><li>Chez Loca Barcelona, nous nous occupons de la promotion et de la pr\u00e9sentation de votre propri\u00e9t\u00e9 aux acheteurs potentiels.<\/li><li>Nous r\u00e9digerons le contrat et vous aiderons \u00e0 remplir toute la documentation sous la supervision d&#8217;un avocat.<\/li><li>Enfin, nous finaliserons le processus de vente devant un notaire.<\/li><\/ol><p>Vous souhaitez conna\u00eetre la valeur approximative de votre appartement \u00e0 Dreta de l&#8217;Eixample sans avoir \u00e0 prendre rendez-vous ? N&#8217;oubliez pas que nous disposons d&#8217;un <a href=\"https:\/\/locabarcelona.egluu.com\/fr\/vente-appartements-barcelone\/estimation-bien-immobilier\/\"><span style=\"text-decoration: underline;\">\u00e9valuateur de biens en ligne<\/span><\/a> que vous pouvez utiliser gratuitement. Cependant, vous devez garder \u00e0 l&#8217;esprit qu&#8217;il est toujours pr\u00e9f\u00e9rable d&#8217;obtenir l&#8217;\u00e9valuation exacte d&#8217;un expert immobilier.<\/p>\t\t\t\t\t\t<\/div>\n\t\t\t\t<\/div>\n\t\t\t\t<div class=\"elementor-element elementor-element-d4e0925 elementor-widget elementor-widget-heading\" data-id=\"d4e0925\" data-element_type=\"widget\" data-widget_type=\"heading.default\">\n\t\t\t\t<div class=\"elementor-widget-container\">\n\t\t\t<h2 class=\"elementor-heading-title elementor-size-default\">Loca Barcelona : votre agence immobili\u00e8re de confiance \u00e0 Dreta de l'Eixample<\/h2>\t\t<\/div>\n\t\t\t\t<\/div>\n\t\t\t\t<div class=\"elementor-element elementor-element-8ab9fc0 elementor-widget elementor-widget-text-editor\" data-id=\"8ab9fc0\" data-element_type=\"widget\" data-widget_type=\"text-editor.default\">\n\t\t\t\t<div class=\"elementor-widget-container\">\n\t\t\t\t\t\t\t<p>Chez Loca Barcelona, nous sommes fiers d&#8217;\u00eatre l&#8217;agence immobili\u00e8re de confiance \u00e0 Dreta de l&#8217;Eixample pour de plus en plus de personnes. Notre solide exp\u00e9rience acquise au fil des ans dans le secteur nous permet d&#8217;offrir d&#8217;excellents services et de bonnes affaires \u00e0 tous nos clients, donc si vous cherchez \u00e0 acheter un appartement \u00e0 Dreta de l&#8217;Eixample, nous sommes vos meilleurs alli\u00e9s.<\/p>\t\t\t\t\t\t<\/div>\n\t\t\t\t<\/div>\n\t\t\t\t<div class=\"elementor-element elementor-element-d516972 elementor-widget elementor-widget-heading\" data-id=\"d516972\" data-element_type=\"widget\" data-widget_type=\"heading.default\">\n\t\t\t\t<div class=\"elementor-widget-container\">\n\t\t\t<h2 class=\"elementor-heading-title elementor-size-default\">Appartements \u00e0 vendre \u00e0 Barcelone par quartier<\/h2>\t\t<\/div>\n\t\t\t\t<\/div>\n\t\t\t\t\t<\/div>\n\t\t<\/div>\n\t\t\t\t\t<\/div>\n\t\t<\/section>\n\t\t<div class=\"elementor-element elementor-element-9aa967d e-flex e-con-boxed e-con e-parent\" data-id=\"9aa967d\" data-element_type=\"container\">\n\t\t\t\t\t<div class=\"e-con-inner\">\n\t\t\t\t<div class=\"elementor-element elementor-element-506713 elementor-widget__width-inherit elementor-widget elementor-widget-global elementor-global-506713 elementor-widget-text-editor\" data-id=\"506713\" data-element_type=\"widget\" data-widget_type=\"text-editor.default\">\n\t\t\t\t<div class=\"elementor-widget-container\">\n\t\t\t\t\t\t\t<p><a href=\"https:\/\/locabarcelona.egluu.com\/fr\/vente-appartements-barcelone\/eixample\/\">Appartements \u00e0 vendre dans l&#8217;Eixample<\/a><br \/><a href=\"https:\/\/locabarcelona.egluu.com\/fr\/vente-appartements-barcelone\/eixample-dreta\/\">Appartements \u00e0 vendre dans l&#8217;Eixample Dreta<\/a><br \/><a href=\"https:\/\/locabarcelona.egluu.com\/fr\/vente-appartements-barcelone\/antiga-esquerra-eixample\/\">Appartements Antiga Esquerra de l&#8217;Eixample<\/a><br \/><a href=\"https:\/\/locabarcelona.egluu.com\/fr\/vente-appartements-barcelone\/nova-esquerra-eixample\/\">Appartements Nova Esquerra de l&#8217;Eixample<\/a><br \/><a href=\"https:\/\/locabarcelona.egluu.com\/fr\/vente-appartements-barcelone\/fort-pienc\/\">Appartements \u00e0 vendre dans Fort Pienc<\/a><br \/><a href=\"https:\/\/locabarcelona.egluu.com\/fr\/vente-appartements-barcelone\/sagrada-familia\/\">Appartements \u00e0 vendre dans la Sagrada Familia<\/a><br \/><a href=\"https:\/\/locabarcelona.egluu.com\/fr\/vente-appartements-barcelone\/sant-antoni\/\">Appartements \u00e0 vendre dans Sant Antoni<\/a><br \/><a href=\"https:\/\/locabarcelona.egluu.com\/fr\/vente-appartements-barcelone\/ciutat-vella\/\">Appartements \u00e0 vendre dans Ciutat Vella<\/a><br \/><a href=\"https:\/\/locabarcelona.egluu.com\/fr\/vente-appartements-barcelone\/gotico\/\">Appartements \u00e0 vendre dans le Gothic<\/a><br \/><a href=\"https:\/\/locabarcelona.egluu.com\/fr\/vente-appartements-barcelone\/el-raval\/\">Appartements \u00e0 vendre dans le Raval<\/a><br \/><a href=\"https:\/\/locabarcelona.egluu.com\/fr\/vente-appartements-barcelone\/el-born\/\">Appartements \u00e0 vendre dans le Born<\/a><br \/><a href=\"https:\/\/locabarcelona.egluu.com\/fr\/vente-appartements-barcelone\/barceloneta\/\">Appartements \u00e0 vendre dans la Barceloneta<\/a><br \/><a href=\"https:\/\/locabarcelona.egluu.com\/fr\/vente-appartements-barcelone\/sants-montjuic\/\">Appartements \u00e0 vendre dans Sants-Montju\u00efc<\/a><br \/><a href=\"https:\/\/locabarcelona.egluu.com\/fr\/vente-appartements-barcelone\/sants-badal\/\">Appartements \u00e0 vendre dans Sants Badal<\/a><br \/><a href=\"https:\/\/locabarcelona.egluu.com\/fr\/vente-appartements-barcelone\/poble-sec\/\">Appartements \u00e0 vendre dans Poble Sec<\/a><br \/><a href=\"https:\/\/locabarcelona.egluu.com\/fr\/vente-appartements-barcelone\/sants\/\">Appartements \u00e0 vendre dans Sants<\/a><br \/><a href=\"https:\/\/locabarcelona.egluu.com\/fr\/vente-appartements-barcelone\/tres-torres\/\">Appartements \u00e0 vendre dans Les Tres Torres<\/a><br \/><a href=\"https:\/\/locabarcelona.egluu.com\/fr\/vente-appartements-barcelone\/les-corts\/\">Appartements \u00e0 vendre dans Les Corts<\/a><br \/><a href=\"https:\/\/locabarcelona.egluu.com\/fr\/vente-appartements-barcelone\/pedralbes\/\">Appartements \u00e0 vendre dans Pedralbes<\/a><br \/><a href=\"https:\/\/locabarcelona.egluu.com\/fr\/vente-appartements-barcelone\/sarria-sant-gervasi\/\">Appartements \u00e0 vendre dans Sarria Sant Gervasi<\/a><br \/><a href=\"https:\/\/locabarcelona.egluu.com\/fr\/vente-appartements-barcelone\/gracia\/\">Appartements \u00e0 vendre dans Gracia<\/a><br \/><a href=\"https:\/\/locabarcelona.egluu.com\/fr\/vente-appartements-barcelone\/horta-guinardo\/\">Appartements \u00e0 vendre dans Horta-Guinardo<\/a><br \/><a href=\"https:\/\/locabarcelona.egluu.com\/fr\/vente-appartements-barcelone\/horta\/\">Appartements \u00e0 vendre dans Horta<\/a><br \/><a href=\"https:\/\/locabarcelona.egluu.com\/fr\/vente-appartements-barcelone\/nou-barris\/\">Appartements \u00e0 vendre dans Nou Barris<\/a><br \/><a href=\"https:\/\/locabarcelona.egluu.com\/fr\/vente-appartements-barcelone\/sant-andreu\/\">Appartements \u00e0 vendre dans Sant Andreu<\/a> <a href=\"https:\/\/locabarcelona.egluu.com\/fr\/vente-appartements-barcelone\/sant-antoni\/\">Appartements \u00e0 vendre dans Sant Antoni<\/a> <a href=\"https:\/\/locabarcelona.egluu.com\/fr\/vente-appartements-barcelone\/sant-marti\/\">Appartements \u00e0 vendre dans Sant Mart\u00ed<\/a><br \/><a href=\"https:\/\/locabarcelona.egluu.com\/fr\/vente-appartements-barcelone\/sant-marti-provencals\/\">Appartements dans Sant Mart\u00ed de Prove\u00e7als<\/a><br \/><a href=\"https:\/\/locabarcelona.egluu.com\/fr\/vente-appartements-barcelone\/el-clot\/\">Appartements \u00e0 vendre dans le Clot<\/a><br \/><a href=\"https:\/\/locabarcelona.egluu.com\/fr\/vente-appartements-barcelone\/poble-nou\/\">Appartements \u00e0 vendre dans Poblenou<\/a><br \/><a href=\"https:\/\/locabarcelona.egluu.com\/fr\/vente-appartements-barcelone\/diagonal-mar\/\">Appartements \u00e0 vendre dans Diagonal Mar<\/a><br \/><a href=\"https:\/\/locabarcelona.egluu.com\/fr\/vente-appartements-barcelone\/zona-franca\/\">Appartements \u00e0 vendre dans la Zona Franca<\/a><br \/><a href=\"https:\/\/locabarcelona.egluu.com\/fr\/vente-appartements-barcelone\/sagrera\/\">Appartements \u00e0 vendre dans La Sagrera<\/a><\/p>\t\t\t\t\t\t<\/div>\n\t\t\t\t<\/div>\n\t\t\t\t\t<\/div>\n\t\t\t\t<\/div>\n\t\t\t\t<\/div>\n\t\t","protected":false},"excerpt":{"rendered":"<p>Pourquoi acheter un appartement \u00e0 Dreta de l&#8217;Eixample ? Le quartier de la Dreta de l&#8217;Eixample est sans aucun doute l&#8217;un des endroits les plus convoit\u00e9s pour vivre \u00e0 Barcelone. Les rues de ce quartier sont parmi les plus embl\u00e9matiques de la ville et abritent des monuments aussi connus que la Casa Batll\u00f3. De plus,&#8230;<\/p>\n","protected":false},"author":344,"featured_media":0,"parent":506318,"menu_order":0,"comment_status":"closed","ping_status":"closed","template":"templates\/list-layout.php","meta":{"inline_featured_image":false,"footnotes":""},"yoast_head":"<!-- This site is optimized with the Yoast SEO Premium plugin v22.6 (Yoast SEO v22.6) - https:\/\/yoast.com\/wordpress\/plugins\/seo\/ -->\n<title>Appartements en vente dans l&#039;Eixample Dreta | Locabarcelona<\/title>\n<meta name=\"description\" content=\"Vous recherchez un appartement \u00e0 vendre dans l&#039;Eixample Dreta? D\u00e9couvrez tout ce que vous devez savoir avec Loca Barcelona.\" \/>\n<meta name=\"robots\" content=\"noindex, follow, max-snippet:-1, max-image-preview:large, max-video-preview:-1\" \/>\n<meta property=\"og:locale\" content=\"fr_FR\" \/>\n<meta property=\"og:type\" content=\"article\" \/>\n<meta property=\"og:title\" content=\"Appartements en vente dans l&#039;Eixample Dreta | Locabarcelona\" \/>\n<meta property=\"og:description\" content=\"Vous recherchez un appartement \u00e0 vendre dans l&#039;Eixample Dreta? D\u00e9couvrez tout ce que vous devez savoir avec Loca Barcelona.\" \/>\n<meta property=\"og:url\" content=\"https:\/\/locabarcelona.egluu.com\/fr\/vente-appartements-barcelone\/eixample-dreta\/\" \/>\n<meta property=\"og:site_name\" content=\"Locabarcelona\" \/>\n<meta property=\"article:modified_time\" content=\"2024-10-03T13:29:09+00:00\" \/>\n<meta name=\"twitter:card\" content=\"summary_large_image\" \/>\n<meta name=\"twitter:label1\" content=\"Est. reading time\" \/>\n\t<meta name=\"twitter:data1\" content=\"5 minutes\" \/>\n<script type=\"application\/ld+json\" class=\"yoast-schema-graph\">{\"@context\":\"https:\/\/schema.org\",\"@graph\":[{\"@type\":\"WebPage\",\"@id\":\"https:\/\/locabarcelona.egluu.com\/fr\/vente-appartements-barcelone\/eixample-dreta\/\",\"url\":\"https:\/\/locabarcelona.egluu.com\/fr\/vente-appartements-barcelone\/eixample-dreta\/\",\"name\":\"Appartements en vente dans l'Eixample Dreta | Locabarcelona\",\"isPartOf\":{\"@id\":\"https:\/\/locabarcelona.egluu.com\/fr\/#website\"},\"datePublished\":\"2024-10-03T10:23:42+00:00\",\"dateModified\":\"2024-10-03T13:29:09+00:00\",\"description\":\"Vous recherchez un appartement \u00e0 vendre dans l'Eixample Dreta? D\u00e9couvrez tout ce que vous devez savoir avec Loca Barcelona.\",\"breadcrumb\":{\"@id\":\"https:\/\/locabarcelona.egluu.com\/fr\/vente-appartements-barcelone\/eixample-dreta\/#breadcrumb\"},\"inLanguage\":\"fr-FR\",\"potentialAction\":[{\"@type\":\"ReadAction\",\"target\":[\"https:\/\/locabarcelona.egluu.com\/fr\/vente-appartements-barcelone\/eixample-dreta\/\"]}]},{\"@type\":\"BreadcrumbList\",\"@id\":\"https:\/\/locabarcelona.egluu.com\/fr\/vente-appartements-barcelone\/eixample-dreta\/#breadcrumb\",\"itemListElement\":[{\"@type\":\"ListItem\",\"position\":1,\"name\":\"Inicio\",\"item\":\"https:\/\/www.locabarcelona.com\/fr\/home\/\"},{\"@type\":\"ListItem\",\"position\":2,\"name\":\"Vente d\u2019appartements \u00e0 Barcelone\",\"item\":\"https:\/\/www.locabarcelona.com\/fr\/vente-appartements-barcelone\/\"},{\"@type\":\"ListItem\",\"position\":3,\"name\":\"Appartements en vente dans l&#8217;Eixample Dreta\"}]},{\"@type\":\"WebSite\",\"@id\":\"https:\/\/locabarcelona.egluu.com\/fr\/#website\",\"url\":\"https:\/\/locabarcelona.egluu.com\/fr\/\",\"name\":\"Loca Barcelona\",\"description\":\"Real Estate Services\",\"publisher\":{\"@id\":\"https:\/\/locabarcelona.egluu.com\/fr\/#organization\"},\"potentialAction\":[{\"@type\":\"SearchAction\",\"target\":{\"@type\":\"EntryPoint\",\"urlTemplate\":\"https:\/\/locabarcelona.egluu.com\/fr\/?s={search_term_string}\"},\"query-input\":\"required name=search_term_string\"}],\"inLanguage\":\"fr-FR\"},{\"@type\":\"Organization\",\"@id\":\"https:\/\/locabarcelona.egluu.com\/fr\/#organization\",\"name\":\"Loca Barcelona\",\"url\":\"https:\/\/locabarcelona.egluu.com\/fr\/\",\"logo\":{\"@type\":\"ImageObject\",\"inLanguage\":\"fr-FR\",\"@id\":\"https:\/\/locabarcelona.egluu.com\/fr\/#\/schema\/logo\/image\/\",\"url\":\"https:\/\/locabarcelona.egluu.com\/wp-content\/uploads\/2021\/10\/logo_locabarcelona_small.png\",\"contentUrl\":\"https:\/\/locabarcelona.egluu.com\/wp-content\/uploads\/2021\/10\/logo_locabarcelona_small.png\",\"width\":250,\"height\":149,\"caption\":\"Loca Barcelona\"},\"image\":{\"@id\":\"https:\/\/locabarcelona.egluu.com\/fr\/#\/schema\/logo\/image\/\"}}]}<\/script>\n<!-- \/ Yoast SEO Premium plugin. -->","yoast_head_json":{"title":"Appartements en vente dans l'Eixample Dreta | Locabarcelona","description":"Vous recherchez un appartement \u00e0 vendre dans l'Eixample Dreta? D\u00e9couvrez tout ce que vous devez savoir avec Loca Barcelona.","robots":{"index":"noindex","follow":"follow","max-snippet":"max-snippet:-1","max-image-preview":"max-image-preview:large","max-video-preview":"max-video-preview:-1"},"og_locale":"fr_FR","og_type":"article","og_title":"Appartements en vente dans l'Eixample Dreta | Locabarcelona","og_description":"Vous recherchez un appartement \u00e0 vendre dans l'Eixample Dreta? D\u00e9couvrez tout ce que vous devez savoir avec Loca Barcelona.","og_url":"https:\/\/locabarcelona.egluu.com\/fr\/vente-appartements-barcelone\/eixample-dreta\/","og_site_name":"Locabarcelona","article_modified_time":"2024-10-03T13:29:09+00:00","twitter_card":"summary_large_image","twitter_misc":{"Est. reading time":"5 minutes"},"schema":{"@context":"https:\/\/schema.org","@graph":[{"@type":"WebPage","@id":"https:\/\/locabarcelona.egluu.com\/fr\/vente-appartements-barcelone\/eixample-dreta\/","url":"https:\/\/locabarcelona.egluu.com\/fr\/vente-appartements-barcelone\/eixample-dreta\/","name":"Appartements en vente dans l'Eixample Dreta | Locabarcelona","isPartOf":{"@id":"https:\/\/locabarcelona.egluu.com\/fr\/#website"},"datePublished":"2024-10-03T10:23:42+00:00","dateModified":"2024-10-03T13:29:09+00:00","description":"Vous recherchez un appartement \u00e0 vendre dans l'Eixample Dreta? D\u00e9couvrez tout ce que vous devez savoir avec Loca Barcelona.","breadcrumb":{"@id":"https:\/\/locabarcelona.egluu.com\/fr\/vente-appartements-barcelone\/eixample-dreta\/#breadcrumb"},"inLanguage":"fr-FR","potentialAction":[{"@type":"ReadAction","target":["https:\/\/locabarcelona.egluu.com\/fr\/vente-appartements-barcelone\/eixample-dreta\/"]}]},{"@type":"BreadcrumbList","@id":"https:\/\/locabarcelona.egluu.com\/fr\/vente-appartements-barcelone\/eixample-dreta\/#breadcrumb","itemListElement":[{"@type":"ListItem","position":1,"name":"Inicio","item":"https:\/\/www.locabarcelona.com\/fr\/home\/"},{"@type":"ListItem","position":2,"name":"Vente d\u2019appartements \u00e0 Barcelone","item":"https:\/\/www.locabarcelona.com\/fr\/vente-appartements-barcelone\/"},{"@type":"ListItem","position":3,"name":"Appartements en vente dans l&#8217;Eixample Dreta"}]},{"@type":"WebSite","@id":"https:\/\/locabarcelona.egluu.com\/fr\/#website","url":"https:\/\/locabarcelona.egluu.com\/fr\/","name":"Loca Barcelona","description":"Real Estate Services","publisher":{"@id":"https:\/\/locabarcelona.egluu.com\/fr\/#organization"},"potentialAction":[{"@type":"SearchAction","target":{"@type":"EntryPoint","urlTemplate":"https:\/\/locabarcelona.egluu.com\/fr\/?s={search_term_string}"},"query-input":"required name=search_term_string"}],"inLanguage":"fr-FR"},{"@type":"Organization","@id":"https:\/\/locabarcelona.egluu.com\/fr\/#organization","name":"Loca Barcelona","url":"https:\/\/locabarcelona.egluu.com\/fr\/","logo":{"@type":"ImageObject","inLanguage":"fr-FR","@id":"https:\/\/locabarcelona.egluu.com\/fr\/#\/schema\/logo\/image\/","url":"https:\/\/locabarcelona.egluu.com\/wp-content\/uploads\/2021\/10\/logo_locabarcelona_small.png","contentUrl":"https:\/\/locabarcelona.egluu.com\/wp-content\/uploads\/2021\/10\/logo_locabarcelona_small.png","width":250,"height":149,"caption":"Loca Barcelona"},"image":{"@id":"https:\/\/locabarcelona.egluu.com\/fr\/#\/schema\/logo\/image\/"}}]}},"_links":{"self":[{"href":"https:\/\/locabarcelona.egluu.com\/fr\/wp-json\/wp\/v2\/pages\/546011"}],"collection":[{"href":"https:\/\/locabarcelona.egluu.com\/fr\/wp-json\/wp\/v2\/pages"}],"about":[{"href":"https:\/\/locabarcelona.egluu.com\/fr\/wp-json\/wp\/v2\/types\/page"}],"author":[{"embeddable":true,"href":"https:\/\/locabarcelona.egluu.com\/fr\/wp-json\/wp\/v2\/users\/344"}],"replies":[{"embeddable":true,"href":"https:\/\/locabarcelona.egluu.com\/fr\/wp-json\/wp\/v2\/comments?post=546011"}],"version-history":[{"count":11,"href":"https:\/\/locabarcelona.egluu.com\/fr\/wp-json\/wp\/v2\/pages\/546011\/revisions"}],"predecessor-version":[{"id":546036,"href":"https:\/\/locabarcelona.egluu.com\/fr\/wp-json\/wp\/v2\/pages\/546011\/revisions\/546036"}],"up":[{"embeddable":true,"href":"https:\/\/locabarcelona.egluu.com\/fr\/wp-json\/wp\/v2\/pages\/506318"}],"wp:attachment":[{"href":"https:\/\/locabarcelona.egluu.com\/fr\/wp-json\/wp\/v2\/media?parent=546011"}],"curies":[{"name":"wp","href":"https:\/\/api.w.org\/{rel}","templated":true}]}}