{"id":546060,"date":"2024-10-03T16:11:59","date_gmt":"2024-10-03T14:11:59","guid":{"rendered":"https:\/\/locabarcelona.egluu.com\/?page_id=546060"},"modified":"2024-10-03T16:36:13","modified_gmt":"2024-10-03T14:36:13","slug":"pedralbes","status":"publish","type":"page","link":"https:\/\/locabarcelona.egluu.com\/fr\/vente-appartements-barcelone\/pedralbes\/","title":{"rendered":"Appartements \u00e0 vendre \u00e0 Pedralbes"},"content":{"rendered":"\t\t<div data-elementor-type=\"wp-page\" data-elementor-id=\"546060\" class=\"elementor elementor-546060 elementor-534910\" data-elementor-post-type=\"page\">\n\t\t\t\t\t\t<section class=\"elementor-section elementor-top-section elementor-element elementor-element-2fd2862a elementor-section-boxed elementor-section-height-default elementor-section-height-default\" data-id=\"2fd2862a\" data-element_type=\"section\">\n\t\t\t\t\t\t<div class=\"elementor-container elementor-column-gap-default\">\n\t\t\t\t\t<div class=\"elementor-column elementor-col-100 elementor-top-column elementor-element elementor-element-a3df5d7\" data-id=\"a3df5d7\" data-element_type=\"column\">\n\t\t\t<div class=\"elementor-widget-wrap elementor-element-populated\">\n\t\t\t\t\t\t<div class=\"elementor-element elementor-element-d447453 elementor-widget elementor-widget-heading\" data-id=\"d447453\" data-element_type=\"widget\" data-widget_type=\"heading.default\">\n\t\t\t\t<div class=\"elementor-widget-container\">\n\t\t\t<h2 class=\"elementor-heading-title elementor-size-default\">Pourquoi acheter un appartement \u00e0 Pedralbes ?<\/h2>\t\t<\/div>\n\t\t\t\t<\/div>\n\t\t\t\t<div class=\"elementor-element elementor-element-4b68348 elementor-widget elementor-widget-text-editor\" data-id=\"4b68348\" data-element_type=\"widget\" data-widget_type=\"text-editor.default\">\n\t\t\t\t<div class=\"elementor-widget-container\">\n\t\t\t\t\t\t\t<p>Pedralbes est l&#8217;un des quartiers les plus prestigieux de Barcelone, la tranquillit\u00e9 et le grand style de vie qui le caract\u00e9risent attirent l&#8217;attention de tous les habitants de la ville. Acheter un appartement \u00e0 Pedralbes est l&#8217;option parfaite pour tous ceux qui recherchent une vie confortable dans l&#8217;un des quartiers les plus privil\u00e9gi\u00e9s de Barcelone.<\/p><p>Vivre \u00e0 Pedralbes offre de nombreux avantages au quotidien. Il y a une grande vari\u00e9t\u00e9 de transports publics pour se d\u00e9placer dans la ville et la gare de Sants n&#8217;est qu&#8217;\u00e0 quelques minutes \u00e0 pied. Ainsi, m\u00eame si vous n&#8217;avez pas de voiture, vous pouvez vous d\u00e9placer dans d&#8217;autres quartiers et m\u00eame dans d&#8217;autres villes sans aucun probl\u00e8me.<\/p><p>Le quartier de Pedralbes abrite plusieurs des coins les plus c\u00e9l\u00e8bres de Barcelone, comme le Camp Nou et le Palau Reial. En outre, il regorge de grands restaurants r\u00e9compens\u00e9s par des \u00e9toiles Michelin et de grands \u00e9tablissements commerciaux tels que l&#8217;Illa. Par cons\u00e9quent, vous n&#8217;aurez pas besoin de vous d\u00e9placer dans d&#8217;autres coins de Barcelone pour satisfaire vos besoins.<\/p><p>En r\u00e9sum\u00e9, les appartements \u00e0 vendre \u00e0 Pedralbes offrent bien plus qu&#8217;un beau foyer. Ils offrent un style de vie exceptionnel, dont tous ceux qui y vivent tomberont amoureux.<\/p>\t\t\t\t\t\t<\/div>\n\t\t\t\t<\/div>\n\t\t\t\t<div class=\"elementor-element elementor-element-c1d95ea elementor-widget elementor-widget-heading\" data-id=\"c1d95ea\" data-element_type=\"widget\" data-widget_type=\"heading.default\">\n\t\t\t\t<div class=\"elementor-widget-container\">\n\t\t\t<h2 class=\"elementor-heading-title elementor-size-default\">Acheter un appartement \u00e0 Pedralbes est facile avec Loca Barcelona\n<\/h2>\t\t<\/div>\n\t\t\t\t<\/div>\n\t\t\t\t<div class=\"elementor-element elementor-element-33a3cbf elementor-widget elementor-widget-text-editor\" data-id=\"33a3cbf\" data-element_type=\"widget\" data-widget_type=\"text-editor.default\">\n\t\t\t\t<div class=\"elementor-widget-container\">\n\t\t\t\t\t\t\t<p>Trouver les meilleurs appartements \u00e0 vendre \u00e0 Pedralbes peut \u00eatre un peu compliqu\u00e9 en raison de la forte demande. C&#8217;est pourquoi, chez Loca Barcelona, nous sommes fiers d&#8217;offrir un service totalement personnalis\u00e9, qui vous permettra de trouver la maison de vos r\u00eaves le plus facilement possible.<\/p><p>Si vous \u00eates \u00e0 la recherche d&#8217;une exp\u00e9rience totalement personnalis\u00e9e, qui vous permettra de trouver plus facilement les meilleures offres d&#8217;appartements \u00e0 Pedralbes en fonction de vos besoins, notre service de <span style=\"text-decoration: underline;\"><a href=\"https:\/\/locabarcelona.egluu.com\/fr\/vente-appartements-barcelone\/personal-shopper-immobilier-a-barcelone\/\">personal shopper immobilier<\/a><\/span> est ce qu&#8217;il vous faut. Avec lui, vous pouvez profiter d&#8217;un expert immobilier d\u00e9di\u00e9 \u00e0 vos besoins et \u00e0 vos doutes dans la recherche d&#8217;un appartement et le processus d&#8217;achat.<\/p><p>De plus, si vous \u00eates un investisseur \u00e9tranger et que vous \u00eates int\u00e9ress\u00e9 par le march\u00e9 immobilier espagnol, nous vous aidons \u00e9galement \u00e0 vous informer et \u00e0 obtenir le <span style=\"text-decoration: underline;\"><a href=\"https:\/\/locabarcelona.egluu.com\/fr\/vente-appartements-barcelone\/golden-visa-espagne\/\">Golden Visa<\/a><\/span>. Ce visa vous permet de r\u00e9sider et d&#8217;investir en Espagne, et son obtention est beaucoup plus rapide que celle d&#8217;autres visas.<\/p>\t\t\t\t\t\t<\/div>\n\t\t\t\t<\/div>\n\t\t\t\t<div class=\"elementor-element elementor-element-1544067 elementor-widget elementor-widget-heading\" data-id=\"1544067\" data-element_type=\"widget\" data-widget_type=\"heading.default\">\n\t\t\t\t<div class=\"elementor-widget-container\">\n\t\t\t<h2 class=\"elementor-heading-title elementor-size-default\">Vous souhaitez vendre votre appartement \u00e0 Pedralbes ?<\/h2>\t\t<\/div>\n\t\t\t\t<\/div>\n\t\t\t\t<div class=\"elementor-element elementor-element-1a8a150 elementor-widget elementor-widget-text-editor\" data-id=\"1a8a150\" data-element_type=\"widget\" data-widget_type=\"text-editor.default\">\n\t\t\t\t<div class=\"elementor-widget-container\">\n\t\t\t\t\t\t\t<p>Si vous souhaitez mettre en vente votre appartement \u00e0 Pedralbes, chez Loca Barcelona nous vous facilitons la t\u00e2che. Nous nous engageons \u00e0 g\u00e9rer tout le processus de vente afin de vous garantir le meilleur prix possible pour votre maison \u00e0 Pedralbes. Pour ce faire, il vous suffit de suivre les \u00e9tapes suivantes :<\/p><ol><li>Contactez nous en utilisant notre <a href=\"https:\/\/locabarcelona.egluu.com\/fr\/qui-sommes-nous\/contactez-nous\/\"><span style=\"text-decoration: underline;\">formulaire de contact<\/span><\/a> et nous vous contacterons d\u00e8s que possible.<\/li><li>Fixez une date pour que l&#8217;un de nos experts immobiliers puisse \u00e9valuer votre maison avec pr\u00e9cision.<\/li><li>Chez Loca Barcelona, nous nous chargeons de publier l&#8217;offre de votre appartement et de vous pr\u00e9senter aux acheteurs potentiels int\u00e9ress\u00e9s par l&#8217;achat d&#8217;appartements \u00e0 Pedralbes.<\/li><li>Nous r\u00e9digerons les contrats et nous vous aiderons \u00e0 remplir les formalit\u00e9s administratives avec l&#8217;aide d&#8217;un avocat.<\/li><li>Enfin, nous finaliserons le processus de vente devant un notaire<\/li><\/ol><p>Souvenez-vous que si vous souhaitez conna\u00eetre la valeur approximative de votre logement, vous pouvez utiliser gratuitement notre <span style=\"text-decoration: underline;\"><a href=\"https:\/\/locabarcelona.egluu.com\/fr\/vente-appartements-barcelone\/estimation-bien-immobilier\/\">outil d&#8217;\u00e9valuation en ligne<\/a><\/span> de votre appartement. De cette fa\u00e7on, vous pourrez conna\u00eetre la valeur approximative de votre maison \u00e0 vendre \u00e0 Pedralbes en seulement quelques minutes.<\/p><p>N&#8217;oubliez pas que notre \u00e9quipe d&#8217;experts vous proposera une \u00e9valuation plus pr\u00e9cise de l&#8217;appartement que vous souhaitez mettre en vente \u00e0 Pedralbes. De plus, ils vous conseilleront en fonction des tendances actuelles du march\u00e9 et du prix au m\u00e8tre carr\u00e9 \u00e0 Pedralbes.<\/p>\t\t\t\t\t\t<\/div>\n\t\t\t\t<\/div>\n\t\t\t\t<div class=\"elementor-element elementor-element-d4e0925 elementor-widget elementor-widget-heading\" data-id=\"d4e0925\" data-element_type=\"widget\" data-widget_type=\"heading.default\">\n\t\t\t\t<div class=\"elementor-widget-container\">\n\t\t\t<h2 class=\"elementor-heading-title elementor-size-default\">Loca Barcelona : votre agence immobili\u00e8re de confiance \u00e0 Pedralbes<\/h2>\t\t<\/div>\n\t\t\t\t<\/div>\n\t\t\t\t<div class=\"elementor-element elementor-element-8ab9fc0 elementor-widget elementor-widget-text-editor\" data-id=\"8ab9fc0\" data-element_type=\"widget\" data-widget_type=\"text-editor.default\">\n\t\t\t\t<div class=\"elementor-widget-container\">\n\t\t\t\t\t\t\t<p>En tant qu&#8217;agence immobili\u00e8re locale, nous connaissons mieux que quiconque le potentiel et la valeur des appartements \u00e0 vendre \u00e0 Pedralbes. C&#8217;est pourquoi nous obtenons les meilleurs prix lors de l&#8217;achat et de la vente. Si vous \u00eates int\u00e9ress\u00e9 par l&#8217;une de ces deux options, Loca Barcelona est l&#8217;agence immobili\u00e8re qu&#8217;il vous faut.<\/p>\t\t\t\t\t\t<\/div>\n\t\t\t\t<\/div>\n\t\t\t\t<div class=\"elementor-element elementor-element-d516972 elementor-widget elementor-widget-heading\" data-id=\"d516972\" data-element_type=\"widget\" data-widget_type=\"heading.default\">\n\t\t\t\t<div class=\"elementor-widget-container\">\n\t\t\t<h2 class=\"elementor-heading-title elementor-size-default\">Appartement \u00e0 vendre \u00e0 Barcelone par quartier<\/h2>\t\t<\/div>\n\t\t\t\t<\/div>\n\t\t\t\t\t<\/div>\n\t\t<\/div>\n\t\t\t\t\t<\/div>\n\t\t<\/section>\n\t\t<div class=\"elementor-element elementor-element-feb0401 e-flex e-con-boxed e-con e-parent\" data-id=\"feb0401\" data-element_type=\"container\">\n\t\t\t\t\t<div class=\"e-con-inner\">\n\t\t\t\t<div class=\"elementor-element elementor-element-506713 elementor-widget__width-inherit elementor-widget elementor-widget-global elementor-global-506713 elementor-widget-text-editor\" data-id=\"506713\" data-element_type=\"widget\" data-widget_type=\"text-editor.default\">\n\t\t\t\t<div class=\"elementor-widget-container\">\n\t\t\t\t\t\t\t<p><a href=\"https:\/\/locabarcelona.egluu.com\/fr\/vente-appartements-barcelone\/eixample\/\">Appartements \u00e0 vendre dans l&#8217;Eixample<\/a><br \/><a href=\"https:\/\/locabarcelona.egluu.com\/fr\/vente-appartements-barcelone\/eixample-dreta\/\">Appartements \u00e0 vendre dans l&#8217;Eixample Dreta<\/a><br \/><a href=\"https:\/\/locabarcelona.egluu.com\/fr\/vente-appartements-barcelone\/antiga-esquerra-eixample\/\">Appartements Antiga Esquerra de l&#8217;Eixample<\/a><br \/><a href=\"https:\/\/locabarcelona.egluu.com\/fr\/vente-appartements-barcelone\/nova-esquerra-eixample\/\">Appartements Nova Esquerra de l&#8217;Eixample<\/a><br \/><a href=\"https:\/\/locabarcelona.egluu.com\/fr\/vente-appartements-barcelone\/fort-pienc\/\">Appartements \u00e0 vendre dans Fort Pienc<\/a><br \/><a href=\"https:\/\/locabarcelona.egluu.com\/fr\/vente-appartements-barcelone\/sagrada-familia\/\">Appartements \u00e0 vendre dans la Sagrada Familia<\/a><br \/><a href=\"https:\/\/locabarcelona.egluu.com\/fr\/vente-appartements-barcelone\/sant-antoni\/\">Appartements \u00e0 vendre dans Sant Antoni<\/a><br \/><a href=\"https:\/\/locabarcelona.egluu.com\/fr\/vente-appartements-barcelone\/ciutat-vella\/\">Appartements \u00e0 vendre dans Ciutat Vella<\/a><br \/><a href=\"https:\/\/locabarcelona.egluu.com\/fr\/vente-appartements-barcelone\/gotico\/\">Appartements \u00e0 vendre dans le Gothic<\/a><br \/><a href=\"https:\/\/locabarcelona.egluu.com\/fr\/vente-appartements-barcelone\/el-raval\/\">Appartements \u00e0 vendre dans le Raval<\/a><br \/><a href=\"https:\/\/locabarcelona.egluu.com\/fr\/vente-appartements-barcelone\/el-born\/\">Appartements \u00e0 vendre dans le Born<\/a><br \/><a href=\"https:\/\/locabarcelona.egluu.com\/fr\/vente-appartements-barcelone\/barceloneta\/\">Appartements \u00e0 vendre dans la Barceloneta<\/a><br \/><a href=\"https:\/\/locabarcelona.egluu.com\/fr\/vente-appartements-barcelone\/sants-montjuic\/\">Appartements \u00e0 vendre dans Sants-Montju\u00efc<\/a><br \/><a href=\"https:\/\/locabarcelona.egluu.com\/fr\/vente-appartements-barcelone\/sants-badal\/\">Appartements \u00e0 vendre dans Sants Badal<\/a><br \/><a href=\"https:\/\/locabarcelona.egluu.com\/fr\/vente-appartements-barcelone\/poble-sec\/\">Appartements \u00e0 vendre dans Poble Sec<\/a><br \/><a href=\"https:\/\/locabarcelona.egluu.com\/fr\/vente-appartements-barcelone\/sants\/\">Appartements \u00e0 vendre dans Sants<\/a><br \/><a href=\"https:\/\/locabarcelona.egluu.com\/fr\/vente-appartements-barcelone\/tres-torres\/\">Appartements \u00e0 vendre dans Les Tres Torres<\/a><br \/><a href=\"https:\/\/locabarcelona.egluu.com\/fr\/vente-appartements-barcelone\/les-corts\/\">Appartements \u00e0 vendre dans Les Corts<\/a><br \/><a href=\"https:\/\/locabarcelona.egluu.com\/fr\/vente-appartements-barcelone\/pedralbes\/\">Appartements \u00e0 vendre dans Pedralbes<\/a><br \/><a href=\"https:\/\/locabarcelona.egluu.com\/fr\/vente-appartements-barcelone\/sarria-sant-gervasi\/\">Appartements \u00e0 vendre dans Sarria Sant Gervasi<\/a><br \/><a href=\"https:\/\/locabarcelona.egluu.com\/fr\/vente-appartements-barcelone\/gracia\/\">Appartements \u00e0 vendre dans Gracia<\/a><br \/><a href=\"https:\/\/locabarcelona.egluu.com\/fr\/vente-appartements-barcelone\/horta-guinardo\/\">Appartements \u00e0 vendre dans Horta-Guinardo<\/a><br \/><a href=\"https:\/\/locabarcelona.egluu.com\/fr\/vente-appartements-barcelone\/horta\/\">Appartements \u00e0 vendre dans Horta<\/a><br \/><a href=\"https:\/\/locabarcelona.egluu.com\/fr\/vente-appartements-barcelone\/nou-barris\/\">Appartements \u00e0 vendre dans Nou Barris<\/a><br \/><a href=\"https:\/\/locabarcelona.egluu.com\/fr\/vente-appartements-barcelone\/sant-andreu\/\">Appartements \u00e0 vendre dans Sant Andreu<\/a> <a href=\"https:\/\/locabarcelona.egluu.com\/fr\/vente-appartements-barcelone\/sant-antoni\/\">Appartements \u00e0 vendre dans Sant Antoni<\/a> <a href=\"https:\/\/locabarcelona.egluu.com\/fr\/vente-appartements-barcelone\/sant-marti\/\">Appartements \u00e0 vendre dans Sant Mart\u00ed<\/a><br \/><a href=\"https:\/\/locabarcelona.egluu.com\/fr\/vente-appartements-barcelone\/sant-marti-provencals\/\">Appartements dans Sant Mart\u00ed de Prove\u00e7als<\/a><br \/><a href=\"https:\/\/locabarcelona.egluu.com\/fr\/vente-appartements-barcelone\/el-clot\/\">Appartements \u00e0 vendre dans le Clot<\/a><br \/><a href=\"https:\/\/locabarcelona.egluu.com\/fr\/vente-appartements-barcelone\/poble-nou\/\">Appartements \u00e0 vendre dans Poblenou<\/a><br \/><a href=\"https:\/\/locabarcelona.egluu.com\/fr\/vente-appartements-barcelone\/diagonal-mar\/\">Appartements \u00e0 vendre dans Diagonal Mar<\/a><br \/><a href=\"https:\/\/locabarcelona.egluu.com\/fr\/vente-appartements-barcelone\/zona-franca\/\">Appartements \u00e0 vendre dans la Zona Franca<\/a><br \/><a href=\"https:\/\/locabarcelona.egluu.com\/fr\/vente-appartements-barcelone\/sagrera\/\">Appartements \u00e0 vendre dans La Sagrera<\/a><\/p>\t\t\t\t\t\t<\/div>\n\t\t\t\t<\/div>\n\t\t\t\t\t<\/div>\n\t\t\t\t<\/div>\n\t\t\t\t<\/div>\n\t\t","protected":false},"excerpt":{"rendered":"<p>Pourquoi acheter un appartement \u00e0 Pedralbes ? Pedralbes est l&#8217;un des quartiers les plus prestigieux de Barcelone, la tranquillit\u00e9 et le grand style de vie qui le caract\u00e9risent attirent l&#8217;attention de tous les habitants de la ville. Acheter un appartement \u00e0 Pedralbes est l&#8217;option parfaite pour tous ceux qui recherchent une vie confortable dans l&#8217;un&#8230;<\/p>\n","protected":false},"author":344,"featured_media":0,"parent":506318,"menu_order":0,"comment_status":"closed","ping_status":"closed","template":"templates\/list-layout.php","meta":{"inline_featured_image":false,"footnotes":""},"yoast_head":"<!-- This site is optimized with the Yoast SEO Premium plugin v22.6 (Yoast SEO v22.6) - https:\/\/yoast.com\/wordpress\/plugins\/seo\/ -->\n<title>Appartements \u00e0 vendre \u00e0 Pedralbes | Locabarcelona<\/title>\n<meta name=\"description\" content=\"Vous cherchez un appartement \u00e0 vendre \u00e0 Pedralbes? D\u00e9couvrez tout ce que vous devez savoir sur la vente d\u2019appartements avec Loca Barcelona.\" \/>\n<meta name=\"robots\" content=\"noindex, follow, max-snippet:-1, max-image-preview:large, max-video-preview:-1\" \/>\n<meta property=\"og:locale\" content=\"fr_FR\" \/>\n<meta property=\"og:type\" content=\"article\" \/>\n<meta property=\"og:title\" content=\"Appartements \u00e0 vendre \u00e0 Pedralbes | Locabarcelona\" \/>\n<meta property=\"og:description\" content=\"Vous cherchez un appartement \u00e0 vendre \u00e0 Pedralbes? D\u00e9couvrez tout ce que vous devez savoir sur la vente d\u2019appartements avec Loca Barcelona.\" \/>\n<meta property=\"og:url\" content=\"https:\/\/locabarcelona.egluu.com\/fr\/vente-appartements-barcelone\/pedralbes\/\" \/>\n<meta property=\"og:site_name\" content=\"Locabarcelona\" \/>\n<meta property=\"article:modified_time\" content=\"2024-10-03T14:36:13+00:00\" \/>\n<meta name=\"twitter:card\" content=\"summary_large_image\" \/>\n<meta name=\"twitter:label1\" content=\"Est. reading time\" \/>\n\t<meta name=\"twitter:data1\" content=\"5 minutes\" \/>\n<script type=\"application\/ld+json\" class=\"yoast-schema-graph\">{\"@context\":\"https:\/\/schema.org\",\"@graph\":[{\"@type\":\"WebPage\",\"@id\":\"https:\/\/locabarcelona.egluu.com\/fr\/vente-appartements-barcelone\/pedralbes\/\",\"url\":\"https:\/\/locabarcelona.egluu.com\/fr\/vente-appartements-barcelone\/pedralbes\/\",\"name\":\"Appartements \u00e0 vendre \u00e0 Pedralbes | Locabarcelona\",\"isPartOf\":{\"@id\":\"https:\/\/locabarcelona.egluu.com\/fr\/#website\"},\"datePublished\":\"2024-10-03T14:11:59+00:00\",\"dateModified\":\"2024-10-03T14:36:13+00:00\",\"description\":\"Vous cherchez un appartement \u00e0 vendre \u00e0 Pedralbes? D\u00e9couvrez tout ce que vous devez savoir sur la vente d\u2019appartements avec Loca Barcelona.\",\"breadcrumb\":{\"@id\":\"https:\/\/locabarcelona.egluu.com\/fr\/vente-appartements-barcelone\/pedralbes\/#breadcrumb\"},\"inLanguage\":\"fr-FR\",\"potentialAction\":[{\"@type\":\"ReadAction\",\"target\":[\"https:\/\/locabarcelona.egluu.com\/fr\/vente-appartements-barcelone\/pedralbes\/\"]}]},{\"@type\":\"BreadcrumbList\",\"@id\":\"https:\/\/locabarcelona.egluu.com\/fr\/vente-appartements-barcelone\/pedralbes\/#breadcrumb\",\"itemListElement\":[{\"@type\":\"ListItem\",\"position\":1,\"name\":\"Inicio\",\"item\":\"https:\/\/www.locabarcelona.com\/fr\/home\/\"},{\"@type\":\"ListItem\",\"position\":2,\"name\":\"Vente d\u2019appartements \u00e0 Barcelone\",\"item\":\"https:\/\/www.locabarcelona.com\/fr\/vente-appartements-barcelone\/\"},{\"@type\":\"ListItem\",\"position\":3,\"name\":\"Appartements \u00e0 vendre \u00e0 Pedralbes\"}]},{\"@type\":\"WebSite\",\"@id\":\"https:\/\/locabarcelona.egluu.com\/fr\/#website\",\"url\":\"https:\/\/locabarcelona.egluu.com\/fr\/\",\"name\":\"Loca Barcelona\",\"description\":\"Real Estate Services\",\"publisher\":{\"@id\":\"https:\/\/locabarcelona.egluu.com\/fr\/#organization\"},\"potentialAction\":[{\"@type\":\"SearchAction\",\"target\":{\"@type\":\"EntryPoint\",\"urlTemplate\":\"https:\/\/locabarcelona.egluu.com\/fr\/?s={search_term_string}\"},\"query-input\":\"required name=search_term_string\"}],\"inLanguage\":\"fr-FR\"},{\"@type\":\"Organization\",\"@id\":\"https:\/\/locabarcelona.egluu.com\/fr\/#organization\",\"name\":\"Loca Barcelona\",\"url\":\"https:\/\/locabarcelona.egluu.com\/fr\/\",\"logo\":{\"@type\":\"ImageObject\",\"inLanguage\":\"fr-FR\",\"@id\":\"https:\/\/locabarcelona.egluu.com\/fr\/#\/schema\/logo\/image\/\",\"url\":\"https:\/\/locabarcelona.egluu.com\/wp-content\/uploads\/2021\/10\/logo_locabarcelona_small.png\",\"contentUrl\":\"https:\/\/locabarcelona.egluu.com\/wp-content\/uploads\/2021\/10\/logo_locabarcelona_small.png\",\"width\":250,\"height\":149,\"caption\":\"Loca Barcelona\"},\"image\":{\"@id\":\"https:\/\/locabarcelona.egluu.com\/fr\/#\/schema\/logo\/image\/\"}}]}<\/script>\n<!-- \/ Yoast SEO Premium plugin. -->","yoast_head_json":{"title":"Appartements \u00e0 vendre \u00e0 Pedralbes | Locabarcelona","description":"Vous cherchez un appartement \u00e0 vendre \u00e0 Pedralbes? D\u00e9couvrez tout ce que vous devez savoir sur la vente d\u2019appartements avec Loca Barcelona.","robots":{"index":"noindex","follow":"follow","max-snippet":"max-snippet:-1","max-image-preview":"max-image-preview:large","max-video-preview":"max-video-preview:-1"},"og_locale":"fr_FR","og_type":"article","og_title":"Appartements \u00e0 vendre \u00e0 Pedralbes | Locabarcelona","og_description":"Vous cherchez un appartement \u00e0 vendre \u00e0 Pedralbes? D\u00e9couvrez tout ce que vous devez savoir sur la vente d\u2019appartements avec Loca Barcelona.","og_url":"https:\/\/locabarcelona.egluu.com\/fr\/vente-appartements-barcelone\/pedralbes\/","og_site_name":"Locabarcelona","article_modified_time":"2024-10-03T14:36:13+00:00","twitter_card":"summary_large_image","twitter_misc":{"Est. reading time":"5 minutes"},"schema":{"@context":"https:\/\/schema.org","@graph":[{"@type":"WebPage","@id":"https:\/\/locabarcelona.egluu.com\/fr\/vente-appartements-barcelone\/pedralbes\/","url":"https:\/\/locabarcelona.egluu.com\/fr\/vente-appartements-barcelone\/pedralbes\/","name":"Appartements \u00e0 vendre \u00e0 Pedralbes | Locabarcelona","isPartOf":{"@id":"https:\/\/locabarcelona.egluu.com\/fr\/#website"},"datePublished":"2024-10-03T14:11:59+00:00","dateModified":"2024-10-03T14:36:13+00:00","description":"Vous cherchez un appartement \u00e0 vendre \u00e0 Pedralbes? D\u00e9couvrez tout ce que vous devez savoir sur la vente d\u2019appartements avec Loca Barcelona.","breadcrumb":{"@id":"https:\/\/locabarcelona.egluu.com\/fr\/vente-appartements-barcelone\/pedralbes\/#breadcrumb"},"inLanguage":"fr-FR","potentialAction":[{"@type":"ReadAction","target":["https:\/\/locabarcelona.egluu.com\/fr\/vente-appartements-barcelone\/pedralbes\/"]}]},{"@type":"BreadcrumbList","@id":"https:\/\/locabarcelona.egluu.com\/fr\/vente-appartements-barcelone\/pedralbes\/#breadcrumb","itemListElement":[{"@type":"ListItem","position":1,"name":"Inicio","item":"https:\/\/www.locabarcelona.com\/fr\/home\/"},{"@type":"ListItem","position":2,"name":"Vente d\u2019appartements \u00e0 Barcelone","item":"https:\/\/www.locabarcelona.com\/fr\/vente-appartements-barcelone\/"},{"@type":"ListItem","position":3,"name":"Appartements \u00e0 vendre \u00e0 Pedralbes"}]},{"@type":"WebSite","@id":"https:\/\/locabarcelona.egluu.com\/fr\/#website","url":"https:\/\/locabarcelona.egluu.com\/fr\/","name":"Loca Barcelona","description":"Real Estate Services","publisher":{"@id":"https:\/\/locabarcelona.egluu.com\/fr\/#organization"},"potentialAction":[{"@type":"SearchAction","target":{"@type":"EntryPoint","urlTemplate":"https:\/\/locabarcelona.egluu.com\/fr\/?s={search_term_string}"},"query-input":"required name=search_term_string"}],"inLanguage":"fr-FR"},{"@type":"Organization","@id":"https:\/\/locabarcelona.egluu.com\/fr\/#organization","name":"Loca Barcelona","url":"https:\/\/locabarcelona.egluu.com\/fr\/","logo":{"@type":"ImageObject","inLanguage":"fr-FR","@id":"https:\/\/locabarcelona.egluu.com\/fr\/#\/schema\/logo\/image\/","url":"https:\/\/locabarcelona.egluu.com\/wp-content\/uploads\/2021\/10\/logo_locabarcelona_small.png","contentUrl":"https:\/\/locabarcelona.egluu.com\/wp-content\/uploads\/2021\/10\/logo_locabarcelona_small.png","width":250,"height":149,"caption":"Loca Barcelona"},"image":{"@id":"https:\/\/locabarcelona.egluu.com\/fr\/#\/schema\/logo\/image\/"}}]}},"_links":{"self":[{"href":"https:\/\/locabarcelona.egluu.com\/fr\/wp-json\/wp\/v2\/pages\/546060"}],"collection":[{"href":"https:\/\/locabarcelona.egluu.com\/fr\/wp-json\/wp\/v2\/pages"}],"about":[{"href":"https:\/\/locabarcelona.egluu.com\/fr\/wp-json\/wp\/v2\/types\/page"}],"author":[{"embeddable":true,"href":"https:\/\/locabarcelona.egluu.com\/fr\/wp-json\/wp\/v2\/users\/344"}],"replies":[{"embeddable":true,"href":"https:\/\/locabarcelona.egluu.com\/fr\/wp-json\/wp\/v2\/comments?post=546060"}],"version-history":[{"count":7,"href":"https:\/\/locabarcelona.egluu.com\/fr\/wp-json\/wp\/v2\/pages\/546060\/revisions"}],"predecessor-version":[{"id":546068,"href":"https:\/\/locabarcelona.egluu.com\/fr\/wp-json\/wp\/v2\/pages\/546060\/revisions\/546068"}],"up":[{"embeddable":true,"href":"https:\/\/locabarcelona.egluu.com\/fr\/wp-json\/wp\/v2\/pages\/506318"}],"wp:attachment":[{"href":"https:\/\/locabarcelona.egluu.com\/fr\/wp-json\/wp\/v2\/media?parent=546060"}],"curies":[{"name":"wp","href":"https:\/\/api.w.org\/{rel}","templated":true}]}}