{"id":546128,"date":"2024-10-04T11:41:00","date_gmt":"2024-10-04T09:41:00","guid":{"rendered":"https:\/\/locabarcelona.egluu.com\/?page_id=546128"},"modified":"2024-10-04T11:50:04","modified_gmt":"2024-10-04T09:50:04","slug":"tres-torres","status":"publish","type":"page","link":"https:\/\/locabarcelona.egluu.com\/fr\/vente-appartements-barcelone\/tres-torres\/","title":{"rendered":"Appartements \u00e0 vendre \u00e0 Tres Torres"},"content":{"rendered":"\t\t<div data-elementor-type=\"wp-page\" data-elementor-id=\"546128\" class=\"elementor elementor-546128 elementor-534954\" data-elementor-post-type=\"page\">\n\t\t\t\t\t\t<section class=\"elementor-section elementor-top-section elementor-element elementor-element-2fd2862a elementor-section-boxed elementor-section-height-default elementor-section-height-default\" data-id=\"2fd2862a\" data-element_type=\"section\">\n\t\t\t\t\t\t<div class=\"elementor-container elementor-column-gap-default\">\n\t\t\t\t\t<div class=\"elementor-column elementor-col-100 elementor-top-column elementor-element elementor-element-a3df5d7\" data-id=\"a3df5d7\" data-element_type=\"column\">\n\t\t\t<div class=\"elementor-widget-wrap elementor-element-populated\">\n\t\t\t\t\t\t<div class=\"elementor-element elementor-element-d447453 elementor-widget elementor-widget-heading\" data-id=\"d447453\" data-element_type=\"widget\" data-widget_type=\"heading.default\">\n\t\t\t\t<div class=\"elementor-widget-container\">\n\t\t\t<h2 class=\"elementor-heading-title elementor-size-default\">Pourquoi acheter un appartement \u00e0 Tres Torres ?\n\n\n\n<\/h2>\t\t<\/div>\n\t\t\t\t<\/div>\n\t\t\t\t<div class=\"elementor-element elementor-element-4b68348 elementor-widget elementor-widget-text-editor\" data-id=\"4b68348\" data-element_type=\"widget\" data-widget_type=\"text-editor.default\">\n\t\t\t\t<div class=\"elementor-widget-container\">\n\t\t\t\t\t\t\t<p><strong>Acheter un appartement \u00e0 Tres Torres<\/strong> est l&#8217;option id\u00e9ale pour les personnes int\u00e9ress\u00e9es par une vie de luxe. Ce quartier est consid\u00e9r\u00e9 comme le plus privil\u00e9gi\u00e9 de Barcelone et se distingue par sa vie tranquille et ses r\u00e9sidences de luxe.<\/p><p>Le quartier de Tres Torres offre toutes sortes de conforts et d&#8217;avantages pour la vie quotidienne. Cette zone de Barcelone abrite certaines des meilleures \u00e9coles de la ville, ce qui en fait l&#8217;endroit id\u00e9al pour \u00e9lever une famille.<br \/>La s\u00e9curit\u00e9 et la tranquillit\u00e9 sont d&#8217;autres grands avantages pour lesquels Tres Torres se d\u00e9marque. Si vous souhaitez vivre en ville sans que l&#8217;agitation urbaine ne vous d\u00e9range, c&#8217;est la meilleure option pour vous.<\/p><p>En r\u00e9sum\u00e9, les appartements \u00e0 vendre \u00e0 Tres Torres offrent le plus haut niveau de vie et de confort \u00e0 Barcelone. Si vous souhaitez en profiter \u00e9galement, ce quartier est sans aucun doute fait pour vous.<\/p>\t\t\t\t\t\t<\/div>\n\t\t\t\t<\/div>\n\t\t\t\t<div class=\"elementor-element elementor-element-c1d95ea elementor-widget elementor-widget-heading\" data-id=\"c1d95ea\" data-element_type=\"widget\" data-widget_type=\"heading.default\">\n\t\t\t\t<div class=\"elementor-widget-container\">\n\t\t\t<h2 class=\"elementor-heading-title elementor-size-default\">Acheter un appartement \u00e0 Tres Torres est facile avec Loca Barcelona\n\n<\/h2>\t\t<\/div>\n\t\t\t\t<\/div>\n\t\t\t\t<div class=\"elementor-element elementor-element-33a3cbf elementor-widget elementor-widget-text-editor\" data-id=\"33a3cbf\" data-element_type=\"widget\" data-widget_type=\"text-editor.default\">\n\t\t\t\t<div class=\"elementor-widget-container\">\n\t\t\t\t\t\t\t<p>Chez Loca Barcelona, nous sommes fiers de dire que nous offrons un service complet et personnalis\u00e9 pour vous faciliter au maximum la recherche de l&#8217;appartement id\u00e9al \u00e0 Tres Torres. Notre \u00e9quipe d&#8217;agents immobiliers est compos\u00e9e d&#8217;experts avec des ann\u00e9es d&#8217;exp\u00e9rience sur le march\u00e9 local. Nous garantissons ainsi de trouver les meilleurs appartements \u00e0 vendre en fonction de vos besoins.<\/p><p>Si vous souhaitez b\u00e9n\u00e9ficier d&#8217;une exp\u00e9rience totalement personnalis\u00e9e et avoir un agent immobilier d\u00e9di\u00e9 exclusivement \u00e0 vous, notre <span style=\"text-decoration: underline;\"><a href=\"https:\/\/locabarcelona.egluu.com\/fr\/vente-appartements-barcelone\/personal-shopper-immobilier-a-barcelone\/\">personal shopper immobilier<\/a><\/span> est ce qu&#8217;il vous faut. Il se chargera de trouver la maison id\u00e9ale \u00e0 vendre \u00e0 Tres Torres pour vous tout en r\u00e9pondant \u00e0 toutes vos questions.<\/p><p>De plus, si vous \u00eates un investisseur \u00e9tranger int\u00e9ress\u00e9 par le march\u00e9 immobilier espagnol, nous pouvons \u00e9galement vous aider \u00e0 obtenir le <span style=\"text-decoration: underline;\"><a href=\"https:\/\/locabarcelona.egluu.com\/fr\/vente-appartements-barcelone\/golden-visa-espagne\/\">Golden Visa<\/a><\/span>. Ce visa vous permet de b\u00e9n\u00e9ficier de plusieurs avantages, notamment de pouvoir r\u00e9sider en Espagne et d&#8217;investir dans des propri\u00e9t\u00e9s dans le pays.<\/p>\t\t\t\t\t\t<\/div>\n\t\t\t\t<\/div>\n\t\t\t\t<div class=\"elementor-element elementor-element-1544067 elementor-widget elementor-widget-heading\" data-id=\"1544067\" data-element_type=\"widget\" data-widget_type=\"heading.default\">\n\t\t\t\t<div class=\"elementor-widget-container\">\n\t\t\t<h2 class=\"elementor-heading-title elementor-size-default\">Voulez-vous vendre votre appartement \u00e0 Tres Torres ?\n\n<\/h2>\t\t<\/div>\n\t\t\t\t<\/div>\n\t\t\t\t<div class=\"elementor-element elementor-element-1a8a150 elementor-widget elementor-widget-text-editor\" data-id=\"1a8a150\" data-element_type=\"widget\" data-widget_type=\"text-editor.default\">\n\t\t\t\t<div class=\"elementor-widget-container\">\n\t\t\t\t\t\t\t<p>Si vous \u00eates int\u00e9ress\u00e9 par la vente de votre appartement \u00e0 Tres Torres, chez Loca Barcelona, nous vous facilitons la t\u00e2che. Nous prendrons en charge l&#8217;ensemble du processus de vente afin de garantir le meilleur prix possible pour votre maison \u00e0 Tres Torres. Pour ce faire, vous n&#8217;avez qu&#8217;\u00e0 suivre les 5 \u00e9tapes suivantes :<\/p><ol><li>Remplissez notre <span style=\"text-decoration: underline;\"><a href=\"https:\/\/locabarcelona.egluu.com\/fr\/qui-sommes-nous\/contactez-nous\/\">formulaire de contact<\/a><\/span> et nous vous contacterons d\u00e8s que possible.<\/li><li>Nous fixerons une date qui vous convient le mieux pour visiter votre maison \u00e0 vendre \u00e0 Tres Torres et faire une \u00e9valuation pr\u00e9cise.<\/li><li>Chez Loca Barcelona, nous nous occuperons de tout ce qui concerne la promotion de votre maison, et nous la pr\u00e9senterons \u00e9galement aux clients potentiels.<\/li><li>Nous r\u00e9digerons le contrat et vous fournirons une assistance pour toute la documentation sous la supervision d&#8217;un avocat.<\/li><li>Nous finaliserons le processus de vente chez un notaire.<\/li><\/ol><p>Souhaitez-vous conna\u00eetre la valeur approximative de votre appartement \u00e0 Tres Torres ? Rappelez-vous que chez Loca Barcelona, nous mettons \u00e0 votre disposition notre <span style=\"text-decoration: underline;\"><a href=\"https:\/\/locabarcelona.egluu.com\/fr\/vente-appartements-barcelone\/estimation-bien-immobilier\/\">\u00e9valuateur immobilier en ligne<\/a><\/span>, enti\u00e8rement gratuit. Vous devez garder \u00e0 l&#8217;esprit que cet outil vous fournira une valeur approximative de votre bien, mais il est toujours pr\u00e9f\u00e9rable d&#8217;obtenir l&#8217;avis le plus pr\u00e9cis d&#8217;un expert \u00e9valuateur.<\/p>\t\t\t\t\t\t<\/div>\n\t\t\t\t<\/div>\n\t\t\t\t<div class=\"elementor-element elementor-element-d4e0925 elementor-widget elementor-widget-heading\" data-id=\"d4e0925\" data-element_type=\"widget\" data-widget_type=\"heading.default\">\n\t\t\t\t<div class=\"elementor-widget-container\">\n\t\t\t<h2 class=\"elementor-heading-title elementor-size-default\">Loca Barcelona : votre agence immobili\u00e8re de confiance \u00e0 Tres Torres<\/h2>\t\t<\/div>\n\t\t\t\t<\/div>\n\t\t\t\t<div class=\"elementor-element elementor-element-8ab9fc0 elementor-widget elementor-widget-text-editor\" data-id=\"8ab9fc0\" data-element_type=\"widget\" data-widget_type=\"text-editor.default\">\n\t\t\t\t<div class=\"elementor-widget-container\">\n\t\t\t\t\t\t\t<div class=\"flex max-w-full flex-col flex-grow\"><div class=\"min-h-8 text-message flex w-full flex-col items-end gap-2 whitespace-normal break-words [.text-message+&amp;]:mt-5\" dir=\"auto\" data-message-author-role=\"assistant\" data-message-id=\"c9610c84-24cb-4407-bc98-9aeda815a442\"><div class=\"flex w-full flex-col gap-1 empty:hidden first:pt-[3px]\"><div class=\"markdown prose w-full break-words dark:prose-invert light\"><p>Chez Loca Barcelona, nous sommes fiers d&#8217;\u00eatre l&#8217;agence immobili\u00e8re de Tres Torres en qui de plus en plus de personnes ont confiance. Nos experts ont des ann\u00e9es d&#8217;exp\u00e9rience derri\u00e8re eux, ce qui nous permet d&#8217;offrir un service exceptionnel. Si vous \u00eates int\u00e9ress\u00e9 par l&#8217;achat et la vente d&#8217;appartements \u00e0 Tres Torres, nous sommes vos meilleurs alli\u00e9s.<\/p><\/div><\/div><\/div><\/div>\t\t\t\t\t\t<\/div>\n\t\t\t\t<\/div>\n\t\t\t\t<div class=\"elementor-element elementor-element-d516972 elementor-widget elementor-widget-heading\" data-id=\"d516972\" data-element_type=\"widget\" data-widget_type=\"heading.default\">\n\t\t\t\t<div class=\"elementor-widget-container\">\n\t\t\t<h2 class=\"elementor-heading-title elementor-size-default\">Appartements \u00e0 vendre \u00e0 Barcelone par quartier<\/h2>\t\t<\/div>\n\t\t\t\t<\/div>\n\t\t\t\t\t<\/div>\n\t\t<\/div>\n\t\t\t\t\t<\/div>\n\t\t<\/section>\n\t\t<div class=\"elementor-element elementor-element-746581e e-flex e-con-boxed e-con e-parent\" data-id=\"746581e\" data-element_type=\"container\">\n\t\t\t\t\t<div class=\"e-con-inner\">\n\t\t\t\t<div class=\"elementor-element elementor-element-506713 elementor-widget__width-inherit elementor-widget elementor-widget-global elementor-global-506713 elementor-widget-text-editor\" data-id=\"506713\" data-element_type=\"widget\" data-widget_type=\"text-editor.default\">\n\t\t\t\t<div class=\"elementor-widget-container\">\n\t\t\t\t\t\t\t<p><a href=\"https:\/\/locabarcelona.egluu.com\/fr\/vente-appartements-barcelone\/eixample\/\">Appartements \u00e0 vendre dans l&#8217;Eixample<\/a><br \/><a href=\"https:\/\/locabarcelona.egluu.com\/fr\/vente-appartements-barcelone\/eixample-dreta\/\">Appartements \u00e0 vendre dans l&#8217;Eixample Dreta<\/a><br \/><a href=\"https:\/\/locabarcelona.egluu.com\/fr\/vente-appartements-barcelone\/antiga-esquerra-eixample\/\">Appartements Antiga Esquerra de l&#8217;Eixample<\/a><br \/><a href=\"https:\/\/locabarcelona.egluu.com\/fr\/vente-appartements-barcelone\/nova-esquerra-eixample\/\">Appartements Nova Esquerra de l&#8217;Eixample<\/a><br \/><a href=\"https:\/\/locabarcelona.egluu.com\/fr\/vente-appartements-barcelone\/fort-pienc\/\">Appartements \u00e0 vendre dans Fort Pienc<\/a><br \/><a href=\"https:\/\/locabarcelona.egluu.com\/fr\/vente-appartements-barcelone\/sagrada-familia\/\">Appartements \u00e0 vendre dans la Sagrada Familia<\/a><br \/><a href=\"https:\/\/locabarcelona.egluu.com\/fr\/vente-appartements-barcelone\/sant-antoni\/\">Appartements \u00e0 vendre dans Sant Antoni<\/a><br \/><a href=\"https:\/\/locabarcelona.egluu.com\/fr\/vente-appartements-barcelone\/ciutat-vella\/\">Appartements \u00e0 vendre dans Ciutat Vella<\/a><br \/><a href=\"https:\/\/locabarcelona.egluu.com\/fr\/vente-appartements-barcelone\/gotico\/\">Appartements \u00e0 vendre dans le Gothic<\/a><br \/><a href=\"https:\/\/locabarcelona.egluu.com\/fr\/vente-appartements-barcelone\/el-raval\/\">Appartements \u00e0 vendre dans le Raval<\/a><br \/><a href=\"https:\/\/locabarcelona.egluu.com\/fr\/vente-appartements-barcelone\/el-born\/\">Appartements \u00e0 vendre dans le Born<\/a><br \/><a href=\"https:\/\/locabarcelona.egluu.com\/fr\/vente-appartements-barcelone\/barceloneta\/\">Appartements \u00e0 vendre dans la Barceloneta<\/a><br \/><a href=\"https:\/\/locabarcelona.egluu.com\/fr\/vente-appartements-barcelone\/sants-montjuic\/\">Appartements \u00e0 vendre dans Sants-Montju\u00efc<\/a><br \/><a href=\"https:\/\/locabarcelona.egluu.com\/fr\/vente-appartements-barcelone\/sants-badal\/\">Appartements \u00e0 vendre dans Sants Badal<\/a><br \/><a href=\"https:\/\/locabarcelona.egluu.com\/fr\/vente-appartements-barcelone\/poble-sec\/\">Appartements \u00e0 vendre dans Poble Sec<\/a><br \/><a href=\"https:\/\/locabarcelona.egluu.com\/fr\/vente-appartements-barcelone\/sants\/\">Appartements \u00e0 vendre dans Sants<\/a><br \/><a href=\"https:\/\/locabarcelona.egluu.com\/fr\/vente-appartements-barcelone\/tres-torres\/\">Appartements \u00e0 vendre dans Les Tres Torres<\/a><br \/><a href=\"https:\/\/locabarcelona.egluu.com\/fr\/vente-appartements-barcelone\/les-corts\/\">Appartements \u00e0 vendre dans Les Corts<\/a><br \/><a href=\"https:\/\/locabarcelona.egluu.com\/fr\/vente-appartements-barcelone\/pedralbes\/\">Appartements \u00e0 vendre dans Pedralbes<\/a><br \/><a href=\"https:\/\/locabarcelona.egluu.com\/fr\/vente-appartements-barcelone\/sarria-sant-gervasi\/\">Appartements \u00e0 vendre dans Sarria Sant Gervasi<\/a><br \/><a href=\"https:\/\/locabarcelona.egluu.com\/fr\/vente-appartements-barcelone\/gracia\/\">Appartements \u00e0 vendre dans Gracia<\/a><br \/><a href=\"https:\/\/locabarcelona.egluu.com\/fr\/vente-appartements-barcelone\/horta-guinardo\/\">Appartements \u00e0 vendre dans Horta-Guinardo<\/a><br \/><a href=\"https:\/\/locabarcelona.egluu.com\/fr\/vente-appartements-barcelone\/horta\/\">Appartements \u00e0 vendre dans Horta<\/a><br \/><a href=\"https:\/\/locabarcelona.egluu.com\/fr\/vente-appartements-barcelone\/nou-barris\/\">Appartements \u00e0 vendre dans Nou Barris<\/a><br \/><a href=\"https:\/\/locabarcelona.egluu.com\/fr\/vente-appartements-barcelone\/sant-andreu\/\">Appartements \u00e0 vendre dans Sant Andreu<\/a> <a href=\"https:\/\/locabarcelona.egluu.com\/fr\/vente-appartements-barcelone\/sant-antoni\/\">Appartements \u00e0 vendre dans Sant Antoni<\/a> <a href=\"https:\/\/locabarcelona.egluu.com\/fr\/vente-appartements-barcelone\/sant-marti\/\">Appartements \u00e0 vendre dans Sant Mart\u00ed<\/a><br \/><a href=\"https:\/\/locabarcelona.egluu.com\/fr\/vente-appartements-barcelone\/sant-marti-provencals\/\">Appartements dans Sant Mart\u00ed de Prove\u00e7als<\/a><br \/><a href=\"https:\/\/locabarcelona.egluu.com\/fr\/vente-appartements-barcelone\/el-clot\/\">Appartements \u00e0 vendre dans le Clot<\/a><br \/><a href=\"https:\/\/locabarcelona.egluu.com\/fr\/vente-appartements-barcelone\/poble-nou\/\">Appartements \u00e0 vendre dans Poblenou<\/a><br \/><a href=\"https:\/\/locabarcelona.egluu.com\/fr\/vente-appartements-barcelone\/diagonal-mar\/\">Appartements \u00e0 vendre dans Diagonal Mar<\/a><br \/><a href=\"https:\/\/locabarcelona.egluu.com\/fr\/vente-appartements-barcelone\/zona-franca\/\">Appartements \u00e0 vendre dans la Zona Franca<\/a><br \/><a href=\"https:\/\/locabarcelona.egluu.com\/fr\/vente-appartements-barcelone\/sagrera\/\">Appartements \u00e0 vendre dans La Sagrera<\/a><\/p>\t\t\t\t\t\t<\/div>\n\t\t\t\t<\/div>\n\t\t\t\t\t<\/div>\n\t\t\t\t<\/div>\n\t\t\t\t<\/div>\n\t\t","protected":false},"excerpt":{"rendered":"<p>Pourquoi acheter un appartement \u00e0 Tres Torres ? Acheter un appartement \u00e0 Tres Torres est l&#8217;option id\u00e9ale pour les personnes int\u00e9ress\u00e9es par une vie de luxe. Ce quartier est consid\u00e9r\u00e9 comme le plus privil\u00e9gi\u00e9 de Barcelone et se distingue par sa vie tranquille et ses r\u00e9sidences de luxe. Le quartier de Tres Torres offre toutes&#8230;<\/p>\n","protected":false},"author":344,"featured_media":0,"parent":506318,"menu_order":0,"comment_status":"closed","ping_status":"closed","template":"templates\/list-layout.php","meta":{"inline_featured_image":false,"footnotes":""},"yoast_head":"<!-- This site is optimized with the Yoast SEO Premium plugin v22.6 (Yoast SEO v22.6) - https:\/\/yoast.com\/wordpress\/plugins\/seo\/ -->\n<title>Appartements \u00e0 vendre \u00e0 Tres Torres | Locabarcelona<\/title>\n<meta name=\"description\" content=\"Vous cherchez un appartement \u00e0 vendre \u00e0 Tres Torres ? D\u00e9couvrez tout ce que vous devez savoir avec Loca Barcelona.\" \/>\n<meta name=\"robots\" content=\"noindex, follow, max-snippet:-1, max-image-preview:large, max-video-preview:-1\" \/>\n<meta property=\"og:locale\" content=\"fr_FR\" \/>\n<meta property=\"og:type\" content=\"article\" \/>\n<meta property=\"og:title\" content=\"Appartements \u00e0 vendre \u00e0 Tres Torres | Locabarcelona\" \/>\n<meta property=\"og:description\" content=\"Vous cherchez un appartement \u00e0 vendre \u00e0 Tres Torres ? D\u00e9couvrez tout ce que vous devez savoir avec Loca Barcelona.\" \/>\n<meta property=\"og:url\" content=\"https:\/\/locabarcelona.egluu.com\/fr\/vente-appartements-barcelone\/tres-torres\/\" \/>\n<meta property=\"og:site_name\" content=\"Locabarcelona\" \/>\n<meta property=\"article:modified_time\" content=\"2024-10-04T09:50:04+00:00\" \/>\n<meta name=\"twitter:card\" content=\"summary_large_image\" \/>\n<meta name=\"twitter:label1\" content=\"Est. reading time\" \/>\n\t<meta name=\"twitter:data1\" content=\"5 minutes\" \/>\n<script type=\"application\/ld+json\" class=\"yoast-schema-graph\">{\"@context\":\"https:\/\/schema.org\",\"@graph\":[{\"@type\":\"WebPage\",\"@id\":\"https:\/\/locabarcelona.egluu.com\/fr\/vente-appartements-barcelone\/tres-torres\/\",\"url\":\"https:\/\/locabarcelona.egluu.com\/fr\/vente-appartements-barcelone\/tres-torres\/\",\"name\":\"Appartements \u00e0 vendre \u00e0 Tres Torres | Locabarcelona\",\"isPartOf\":{\"@id\":\"https:\/\/locabarcelona.egluu.com\/fr\/#website\"},\"datePublished\":\"2024-10-04T09:41:00+00:00\",\"dateModified\":\"2024-10-04T09:50:04+00:00\",\"description\":\"Vous cherchez un appartement \u00e0 vendre \u00e0 Tres Torres ? D\u00e9couvrez tout ce que vous devez savoir avec Loca Barcelona.\",\"breadcrumb\":{\"@id\":\"https:\/\/locabarcelona.egluu.com\/fr\/vente-appartements-barcelone\/tres-torres\/#breadcrumb\"},\"inLanguage\":\"fr-FR\",\"potentialAction\":[{\"@type\":\"ReadAction\",\"target\":[\"https:\/\/locabarcelona.egluu.com\/fr\/vente-appartements-barcelone\/tres-torres\/\"]}]},{\"@type\":\"BreadcrumbList\",\"@id\":\"https:\/\/locabarcelona.egluu.com\/fr\/vente-appartements-barcelone\/tres-torres\/#breadcrumb\",\"itemListElement\":[{\"@type\":\"ListItem\",\"position\":1,\"name\":\"Inicio\",\"item\":\"https:\/\/www.locabarcelona.com\/fr\/home\/\"},{\"@type\":\"ListItem\",\"position\":2,\"name\":\"Vente d\u2019appartements \u00e0 Barcelone\",\"item\":\"https:\/\/www.locabarcelona.com\/fr\/vente-appartements-barcelone\/\"},{\"@type\":\"ListItem\",\"position\":3,\"name\":\"Appartements \u00e0 vendre \u00e0 Tres Torres\"}]},{\"@type\":\"WebSite\",\"@id\":\"https:\/\/locabarcelona.egluu.com\/fr\/#website\",\"url\":\"https:\/\/locabarcelona.egluu.com\/fr\/\",\"name\":\"Loca Barcelona\",\"description\":\"Real Estate Services\",\"publisher\":{\"@id\":\"https:\/\/locabarcelona.egluu.com\/fr\/#organization\"},\"potentialAction\":[{\"@type\":\"SearchAction\",\"target\":{\"@type\":\"EntryPoint\",\"urlTemplate\":\"https:\/\/locabarcelona.egluu.com\/fr\/?s={search_term_string}\"},\"query-input\":\"required name=search_term_string\"}],\"inLanguage\":\"fr-FR\"},{\"@type\":\"Organization\",\"@id\":\"https:\/\/locabarcelona.egluu.com\/fr\/#organization\",\"name\":\"Loca Barcelona\",\"url\":\"https:\/\/locabarcelona.egluu.com\/fr\/\",\"logo\":{\"@type\":\"ImageObject\",\"inLanguage\":\"fr-FR\",\"@id\":\"https:\/\/locabarcelona.egluu.com\/fr\/#\/schema\/logo\/image\/\",\"url\":\"https:\/\/locabarcelona.egluu.com\/wp-content\/uploads\/2021\/10\/logo_locabarcelona_small.png\",\"contentUrl\":\"https:\/\/locabarcelona.egluu.com\/wp-content\/uploads\/2021\/10\/logo_locabarcelona_small.png\",\"width\":250,\"height\":149,\"caption\":\"Loca Barcelona\"},\"image\":{\"@id\":\"https:\/\/locabarcelona.egluu.com\/fr\/#\/schema\/logo\/image\/\"}}]}<\/script>\n<!-- \/ Yoast SEO Premium plugin. -->","yoast_head_json":{"title":"Appartements \u00e0 vendre \u00e0 Tres Torres | Locabarcelona","description":"Vous cherchez un appartement \u00e0 vendre \u00e0 Tres Torres ? D\u00e9couvrez tout ce que vous devez savoir avec Loca Barcelona.","robots":{"index":"noindex","follow":"follow","max-snippet":"max-snippet:-1","max-image-preview":"max-image-preview:large","max-video-preview":"max-video-preview:-1"},"og_locale":"fr_FR","og_type":"article","og_title":"Appartements \u00e0 vendre \u00e0 Tres Torres | Locabarcelona","og_description":"Vous cherchez un appartement \u00e0 vendre \u00e0 Tres Torres ? D\u00e9couvrez tout ce que vous devez savoir avec Loca Barcelona.","og_url":"https:\/\/locabarcelona.egluu.com\/fr\/vente-appartements-barcelone\/tres-torres\/","og_site_name":"Locabarcelona","article_modified_time":"2024-10-04T09:50:04+00:00","twitter_card":"summary_large_image","twitter_misc":{"Est. reading time":"5 minutes"},"schema":{"@context":"https:\/\/schema.org","@graph":[{"@type":"WebPage","@id":"https:\/\/locabarcelona.egluu.com\/fr\/vente-appartements-barcelone\/tres-torres\/","url":"https:\/\/locabarcelona.egluu.com\/fr\/vente-appartements-barcelone\/tres-torres\/","name":"Appartements \u00e0 vendre \u00e0 Tres Torres | Locabarcelona","isPartOf":{"@id":"https:\/\/locabarcelona.egluu.com\/fr\/#website"},"datePublished":"2024-10-04T09:41:00+00:00","dateModified":"2024-10-04T09:50:04+00:00","description":"Vous cherchez un appartement \u00e0 vendre \u00e0 Tres Torres ? D\u00e9couvrez tout ce que vous devez savoir avec Loca Barcelona.","breadcrumb":{"@id":"https:\/\/locabarcelona.egluu.com\/fr\/vente-appartements-barcelone\/tres-torres\/#breadcrumb"},"inLanguage":"fr-FR","potentialAction":[{"@type":"ReadAction","target":["https:\/\/locabarcelona.egluu.com\/fr\/vente-appartements-barcelone\/tres-torres\/"]}]},{"@type":"BreadcrumbList","@id":"https:\/\/locabarcelona.egluu.com\/fr\/vente-appartements-barcelone\/tres-torres\/#breadcrumb","itemListElement":[{"@type":"ListItem","position":1,"name":"Inicio","item":"https:\/\/www.locabarcelona.com\/fr\/home\/"},{"@type":"ListItem","position":2,"name":"Vente d\u2019appartements \u00e0 Barcelone","item":"https:\/\/www.locabarcelona.com\/fr\/vente-appartements-barcelone\/"},{"@type":"ListItem","position":3,"name":"Appartements \u00e0 vendre \u00e0 Tres Torres"}]},{"@type":"WebSite","@id":"https:\/\/locabarcelona.egluu.com\/fr\/#website","url":"https:\/\/locabarcelona.egluu.com\/fr\/","name":"Loca Barcelona","description":"Real Estate Services","publisher":{"@id":"https:\/\/locabarcelona.egluu.com\/fr\/#organization"},"potentialAction":[{"@type":"SearchAction","target":{"@type":"EntryPoint","urlTemplate":"https:\/\/locabarcelona.egluu.com\/fr\/?s={search_term_string}"},"query-input":"required name=search_term_string"}],"inLanguage":"fr-FR"},{"@type":"Organization","@id":"https:\/\/locabarcelona.egluu.com\/fr\/#organization","name":"Loca Barcelona","url":"https:\/\/locabarcelona.egluu.com\/fr\/","logo":{"@type":"ImageObject","inLanguage":"fr-FR","@id":"https:\/\/locabarcelona.egluu.com\/fr\/#\/schema\/logo\/image\/","url":"https:\/\/locabarcelona.egluu.com\/wp-content\/uploads\/2021\/10\/logo_locabarcelona_small.png","contentUrl":"https:\/\/locabarcelona.egluu.com\/wp-content\/uploads\/2021\/10\/logo_locabarcelona_small.png","width":250,"height":149,"caption":"Loca Barcelona"},"image":{"@id":"https:\/\/locabarcelona.egluu.com\/fr\/#\/schema\/logo\/image\/"}}]}},"_links":{"self":[{"href":"https:\/\/locabarcelona.egluu.com\/fr\/wp-json\/wp\/v2\/pages\/546128"}],"collection":[{"href":"https:\/\/locabarcelona.egluu.com\/fr\/wp-json\/wp\/v2\/pages"}],"about":[{"href":"https:\/\/locabarcelona.egluu.com\/fr\/wp-json\/wp\/v2\/types\/page"}],"author":[{"embeddable":true,"href":"https:\/\/locabarcelona.egluu.com\/fr\/wp-json\/wp\/v2\/users\/344"}],"replies":[{"embeddable":true,"href":"https:\/\/locabarcelona.egluu.com\/fr\/wp-json\/wp\/v2\/comments?post=546128"}],"version-history":[{"count":4,"href":"https:\/\/locabarcelona.egluu.com\/fr\/wp-json\/wp\/v2\/pages\/546128\/revisions"}],"predecessor-version":[{"id":546133,"href":"https:\/\/locabarcelona.egluu.com\/fr\/wp-json\/wp\/v2\/pages\/546128\/revisions\/546133"}],"up":[{"embeddable":true,"href":"https:\/\/locabarcelona.egluu.com\/fr\/wp-json\/wp\/v2\/pages\/506318"}],"wp:attachment":[{"href":"https:\/\/locabarcelona.egluu.com\/fr\/wp-json\/wp\/v2\/media?parent=546128"}],"curies":[{"name":"wp","href":"https:\/\/api.w.org\/{rel}","templated":true}]}}