{"id":546141,"date":"2024-10-04T12:09:34","date_gmt":"2024-10-04T10:09:34","guid":{"rendered":"https:\/\/locabarcelona.egluu.com\/?page_id=546141"},"modified":"2024-10-04T12:17:02","modified_gmt":"2024-10-04T10:17:02","slug":"sant-marti-provencals","status":"publish","type":"page","link":"https:\/\/locabarcelona.egluu.com\/fr\/vente-appartements-barcelone\/sant-marti-provencals\/","title":{"rendered":"Appartements \u00e0 vendre \u00e0 Sant Mart\u00ed de Proven\u00e7als"},"content":{"rendered":"\t\t<div data-elementor-type=\"wp-page\" data-elementor-id=\"546141\" class=\"elementor elementor-546141 elementor-540591\" data-elementor-post-type=\"page\">\n\t\t\t\t\t\t<section class=\"elementor-section elementor-top-section elementor-element elementor-element-2fd2862a elementor-section-boxed elementor-section-height-default elementor-section-height-default\" data-id=\"2fd2862a\" data-element_type=\"section\">\n\t\t\t\t\t\t<div class=\"elementor-container elementor-column-gap-default\">\n\t\t\t\t\t<div class=\"elementor-column elementor-col-100 elementor-top-column elementor-element elementor-element-a3df5d7\" data-id=\"a3df5d7\" data-element_type=\"column\">\n\t\t\t<div class=\"elementor-widget-wrap elementor-element-populated\">\n\t\t\t\t\t\t<div class=\"elementor-element elementor-element-d447453 elementor-widget elementor-widget-heading\" data-id=\"d447453\" data-element_type=\"widget\" data-widget_type=\"heading.default\">\n\t\t\t\t<div class=\"elementor-widget-container\">\n\t\t\t<h2 class=\"elementor-heading-title elementor-size-default\">Pourquoi acheter un appartement \u00e0 Sant Mart\u00ed de Proven\u00e7als ?<\/h2>\t\t<\/div>\n\t\t\t\t<\/div>\n\t\t\t\t<div class=\"elementor-element elementor-element-4b68348 elementor-widget elementor-widget-text-editor\" data-id=\"4b68348\" data-element_type=\"widget\" data-widget_type=\"text-editor.default\">\n\t\t\t\t<div class=\"elementor-widget-container\">\n\t\t\t\t\t\t\t<p><strong>Acheter un appartement \u00e0 Sant Mart\u00ed de Proven\u00e7als<\/strong> est l&#8217;option id\u00e9ale pour toutes les personnes qui souhaitent profiter d&#8217;un quartier tr\u00e8s calme, avec de grands espaces verts et bien situ\u00e9.<\/p><p>Ce quartier se trouve \u00e0 seulement 20 minutes \u00e0 pied du centre commercial Diagonal Mar et de la plage. De plus, \u00e0 quelques arr\u00eats de bus se trouve La Sagrera, l&#8217;un des principaux points de Barcelone en termes de transports en commun.<\/p><p>Sant Mart\u00ed de Proven\u00e7als b\u00e9n\u00e9ficie d&#8217;une grande activit\u00e9 commerciale qui vous permettra de faire vos courses quotidiennes sans avoir \u00e0 vous \u00e9loigner de chez vous. De plus, un autre grand avantage pour la vie quotidienne que ce quartier offre est la grande vari\u00e9t\u00e9 d&#8217;\u00e9coles disponibles, ce qui fait de ce quartier une excellente option pour les familles.<\/p><p>En r\u00e9sum\u00e9, les appartements \u00e0 vendre \u00e0 Sant Mart\u00ed de Proven\u00e7als sont une excellente opportunit\u00e9 pour acc\u00e9der \u00e0 un niveau de vie \u00e9lev\u00e9.<\/p>\t\t\t\t\t\t<\/div>\n\t\t\t\t<\/div>\n\t\t\t\t<div class=\"elementor-element elementor-element-c1d95ea elementor-widget elementor-widget-heading\" data-id=\"c1d95ea\" data-element_type=\"widget\" data-widget_type=\"heading.default\">\n\t\t\t\t<div class=\"elementor-widget-container\">\n\t\t\t<h2 class=\"elementor-heading-title elementor-size-default\">Acheter un appartement \u00e0 Sant Mart\u00ed de Proven\u00e7als est facile avec Loca Barcelona<\/h2>\t\t<\/div>\n\t\t\t\t<\/div>\n\t\t\t\t<div class=\"elementor-element elementor-element-33a3cbf elementor-widget elementor-widget-text-editor\" data-id=\"33a3cbf\" data-element_type=\"widget\" data-widget_type=\"text-editor.default\">\n\t\t\t\t<div class=\"elementor-widget-container\">\n\t\t\t\t\t\t\t<p>En tant qu&#8217;experts locaux de l&#8217;immobilier, nous sommes fiers de pouvoir offrir un service complet et personnalis\u00e9 pour faciliter au maximum le processus d&#8217;achat d&#8217;un appartement \u00e0 Sant Mart\u00ed de Proven\u00e7als.<\/p><p>Si vous souhaitez qu&#8217;un agent immobilier se consacre sp\u00e9cialement \u00e0 trouver les meilleures offres d&#8217;appartements \u00e0 vendre \u00e0 Sant Mart\u00ed de Proven\u00e7als, notre service de <span style=\"text-decoration: underline;\"><a href=\"https:\/\/locabarcelona.egluu.com\/fr\/vente-appartements-barcelone\/personal-shopper-immobilier-a-barcelone\/\">personal shopper immobilier<\/a><\/span> est ce qu&#8217;il vous faut. Gr\u00e2ce \u00e0 ce service, vous b\u00e9n\u00e9ficierez du soutien de l&#8217;un de nos experts, aussi bien pour trouver un appartement que pour les d\u00e9marches administratives n\u00e9cessaires lors de l&#8217;achat.<\/p><p>En plus de cela, nous offrons \u00e9galement des services d\u00e9di\u00e9s \u00e0 tous les investisseurs qui ne r\u00e9sident pas en Espagne et qui sont int\u00e9ress\u00e9s par les propri\u00e9t\u00e9s \u00e0 vendre \u00e0 Sant Mart\u00ed de Proven\u00e7als. Chez Loca Barcelona, nous vous informons et vous aidons avec tout ce qui concerne le <span style=\"text-decoration: underline;\"><a href=\"https:\/\/locabarcelona.egluu.com\/fr\/vente-appartements-barcelone\/golden-visa-espagne\/\">Golden Visa<\/a><\/span>. Avec ce visa, vous pourrez non seulement investir dans l&#8217;immobilier en Espagne, mais aussi y r\u00e9sider.<\/p>\t\t\t\t\t\t<\/div>\n\t\t\t\t<\/div>\n\t\t\t\t<div class=\"elementor-element elementor-element-1544067 elementor-widget elementor-widget-heading\" data-id=\"1544067\" data-element_type=\"widget\" data-widget_type=\"heading.default\">\n\t\t\t\t<div class=\"elementor-widget-container\">\n\t\t\t<h2 class=\"elementor-heading-title elementor-size-default\">Souhaitez-vous vendre votre appartement \u00e0 Sant Mart\u00ed de Proven\u00e7als ?<\/h2>\t\t<\/div>\n\t\t\t\t<\/div>\n\t\t\t\t<div class=\"elementor-element elementor-element-1a8a150 elementor-widget elementor-widget-text-editor\" data-id=\"1a8a150\" data-element_type=\"widget\" data-widget_type=\"text-editor.default\">\n\t\t\t\t<div class=\"elementor-widget-container\">\n\t\t\t\t\t\t\t<p>Si vous \u00eates int\u00e9ress\u00e9 par la vente d&#8217;appartements \u00e0 Sant Mart\u00ed de Proven\u00e7als, chez Loca Barcelona nous vous facilitons la t\u00e2che plus que jamais. Nous nous engageons dans tout le processus de vente afin de vous garantir le meilleur prix pour votre maison. Pour ce faire, vous n&#8217;avez qu&#8217;\u00e0 suivre ces \u00e9tapes simples :<\/p><ol><li>Remplissez notre <span style=\"text-decoration: underline;\"><a href=\"https:\/\/locabarcelona.egluu.com\/fr\/qui-sommes-nous\/contactez-nous\/\">formulaire de contact<\/a><\/span> pour que nous puissions vous contacter d\u00e8s que possible.<\/li><li>Nous organiserons une date qui vous convient pour qu&#8217;un de nos experts \u00e9valuateurs visite votre maison \u00e0 vendre \u00e0 Sant Mart\u00ed de Proven\u00e7als et en d\u00e9termine une valeur pr\u00e9cise.<\/li><li>Chez Loca Barcelona, nous nous occupons de tout ce qui concerne la publicit\u00e9 et la promotion de votre appartement \u00e0 vendre. En outre, nous le pr\u00e9senterons aux acheteurs potentiels.<\/li><li>Nous r\u00e9digerons les contrats et vous aiderons dans la gestion de toutes les d\u00e9marches n\u00e9cessaires sous la supervision d&#8217;un avocat.<\/li><li>Enfin, nous compl\u00e9terons le processus de vente devant un notaire pour le rendre officiel.<\/li><\/ol><p>De plus, si vous souhaitez conna\u00eetre le prix approximatif de votre maison \u00e0 vendre \u00e0 Sant Mart\u00ed de Proven\u00e7als, rappelez-vous que vous pouvez utiliser notre <span style=\"text-decoration: underline;\"><a href=\"https:\/\/locabarcelona.egluu.com\/fr\/vente-appartements-barcelone\/estimation-bien-immobilier\/\">\u00e9valuateur en ligne<\/a><\/span> enti\u00e8rement gratuit.<\/p><p>N&#8217;oubliez pas que cet outil vous fournira une valeur approximative ; il est toujours pr\u00e9f\u00e9rable d&#8217;avoir une \u00e9valuation plus pr\u00e9cise d&#8217;un professionnel. Rappelez-vous qu&#8217;avec Loca Barcelona, nous mettons nos experts \u00e9valuateurs \u00e0 votre disposition. Ils vous offriront une valeur plus pr\u00e9cise de votre appartement \u00e0 vendre \u00e0 Sant Mart\u00ed de Proven\u00e7als, ainsi que des informations tr\u00e8s utiles telles que la tendance des prix au m\u00b2 \u00e0 Sant Mart\u00ed.<\/p>\t\t\t\t\t\t<\/div>\n\t\t\t\t<\/div>\n\t\t\t\t<div class=\"elementor-element elementor-element-d4e0925 elementor-widget elementor-widget-heading\" data-id=\"d4e0925\" data-element_type=\"widget\" data-widget_type=\"heading.default\">\n\t\t\t\t<div class=\"elementor-widget-container\">\n\t\t\t<h2 class=\"elementor-heading-title elementor-size-default\">Loca Barcelona : votre agence immobili\u00e8re de confiance \u00e0 Sant Mart\u00ed de Proven\u00e7als<\/h2>\t\t<\/div>\n\t\t\t\t<\/div>\n\t\t\t\t<div class=\"elementor-element elementor-element-8ab9fc0 elementor-widget elementor-widget-text-editor\" data-id=\"8ab9fc0\" data-element_type=\"widget\" data-widget_type=\"text-editor.default\">\n\t\t\t\t<div class=\"elementor-widget-container\">\n\t\t\t\t\t\t\t<p>En tant qu&#8217;agence immobili\u00e8re locale, nous connaissons de premi\u00e8re main les divers avantages de vivre \u00e0 Sant Mart\u00ed de Proven\u00e7als. Par cons\u00e9quent, nous garantissons que vous obtenez le meilleur prix possible pour votre appartement de la mani\u00e8re la plus simple.<\/p>\t\t\t\t\t\t<\/div>\n\t\t\t\t<\/div>\n\t\t\t\t<div class=\"elementor-element elementor-element-d516972 elementor-widget elementor-widget-heading\" data-id=\"d516972\" data-element_type=\"widget\" data-widget_type=\"heading.default\">\n\t\t\t\t<div class=\"elementor-widget-container\">\n\t\t\t<h2 class=\"elementor-heading-title elementor-size-default\">Appartements en vente \u00e0 Barcelone par quartier<\/h2>\t\t<\/div>\n\t\t\t\t<\/div>\n\t\t\t\t\t<\/div>\n\t\t<\/div>\n\t\t\t\t\t<\/div>\n\t\t<\/section>\n\t\t<div class=\"elementor-element elementor-element-1d3f457 e-flex e-con-boxed e-con e-parent\" data-id=\"1d3f457\" data-element_type=\"container\">\n\t\t\t\t\t<div class=\"e-con-inner\">\n\t\t\t\t<div class=\"elementor-element elementor-element-506713 elementor-widget__width-inherit elementor-widget elementor-widget-global elementor-global-506713 elementor-widget-text-editor\" data-id=\"506713\" data-element_type=\"widget\" data-widget_type=\"text-editor.default\">\n\t\t\t\t<div class=\"elementor-widget-container\">\n\t\t\t\t\t\t\t<p><a href=\"https:\/\/locabarcelona.egluu.com\/fr\/vente-appartements-barcelone\/eixample\/\">Appartements \u00e0 vendre dans l&#8217;Eixample<\/a><br \/><a href=\"https:\/\/locabarcelona.egluu.com\/fr\/vente-appartements-barcelone\/eixample-dreta\/\">Appartements \u00e0 vendre dans l&#8217;Eixample Dreta<\/a><br \/><a href=\"https:\/\/locabarcelona.egluu.com\/fr\/vente-appartements-barcelone\/antiga-esquerra-eixample\/\">Appartements Antiga Esquerra de l&#8217;Eixample<\/a><br \/><a href=\"https:\/\/locabarcelona.egluu.com\/fr\/vente-appartements-barcelone\/nova-esquerra-eixample\/\">Appartements Nova Esquerra de l&#8217;Eixample<\/a><br \/><a href=\"https:\/\/locabarcelona.egluu.com\/fr\/vente-appartements-barcelone\/fort-pienc\/\">Appartements \u00e0 vendre dans Fort Pienc<\/a><br \/><a href=\"https:\/\/locabarcelona.egluu.com\/fr\/vente-appartements-barcelone\/sagrada-familia\/\">Appartements \u00e0 vendre dans la Sagrada Familia<\/a><br \/><a href=\"https:\/\/locabarcelona.egluu.com\/fr\/vente-appartements-barcelone\/sant-antoni\/\">Appartements \u00e0 vendre dans Sant Antoni<\/a><br \/><a href=\"https:\/\/locabarcelona.egluu.com\/fr\/vente-appartements-barcelone\/ciutat-vella\/\">Appartements \u00e0 vendre dans Ciutat Vella<\/a><br \/><a href=\"https:\/\/locabarcelona.egluu.com\/fr\/vente-appartements-barcelone\/gotico\/\">Appartements \u00e0 vendre dans le Gothic<\/a><br \/><a href=\"https:\/\/locabarcelona.egluu.com\/fr\/vente-appartements-barcelone\/el-raval\/\">Appartements \u00e0 vendre dans le Raval<\/a><br \/><a href=\"https:\/\/locabarcelona.egluu.com\/fr\/vente-appartements-barcelone\/el-born\/\">Appartements \u00e0 vendre dans le Born<\/a><br \/><a href=\"https:\/\/locabarcelona.egluu.com\/fr\/vente-appartements-barcelone\/barceloneta\/\">Appartements \u00e0 vendre dans la Barceloneta<\/a><br \/><a href=\"https:\/\/locabarcelona.egluu.com\/fr\/vente-appartements-barcelone\/sants-montjuic\/\">Appartements \u00e0 vendre dans Sants-Montju\u00efc<\/a><br \/><a href=\"https:\/\/locabarcelona.egluu.com\/fr\/vente-appartements-barcelone\/sants-badal\/\">Appartements \u00e0 vendre dans Sants Badal<\/a><br \/><a href=\"https:\/\/locabarcelona.egluu.com\/fr\/vente-appartements-barcelone\/poble-sec\/\">Appartements \u00e0 vendre dans Poble Sec<\/a><br \/><a href=\"https:\/\/locabarcelona.egluu.com\/fr\/vente-appartements-barcelone\/sants\/\">Appartements \u00e0 vendre dans Sants<\/a><br \/><a href=\"https:\/\/locabarcelona.egluu.com\/fr\/vente-appartements-barcelone\/tres-torres\/\">Appartements \u00e0 vendre dans Les Tres Torres<\/a><br \/><a href=\"https:\/\/locabarcelona.egluu.com\/fr\/vente-appartements-barcelone\/les-corts\/\">Appartements \u00e0 vendre dans Les Corts<\/a><br \/><a href=\"https:\/\/locabarcelona.egluu.com\/fr\/vente-appartements-barcelone\/pedralbes\/\">Appartements \u00e0 vendre dans Pedralbes<\/a><br \/><a href=\"https:\/\/locabarcelona.egluu.com\/fr\/vente-appartements-barcelone\/sarria-sant-gervasi\/\">Appartements \u00e0 vendre dans Sarria Sant Gervasi<\/a><br \/><a href=\"https:\/\/locabarcelona.egluu.com\/fr\/vente-appartements-barcelone\/gracia\/\">Appartements \u00e0 vendre dans Gracia<\/a><br \/><a href=\"https:\/\/locabarcelona.egluu.com\/fr\/vente-appartements-barcelone\/horta-guinardo\/\">Appartements \u00e0 vendre dans Horta-Guinardo<\/a><br \/><a href=\"https:\/\/locabarcelona.egluu.com\/fr\/vente-appartements-barcelone\/horta\/\">Appartements \u00e0 vendre dans Horta<\/a><br \/><a href=\"https:\/\/locabarcelona.egluu.com\/fr\/vente-appartements-barcelone\/nou-barris\/\">Appartements \u00e0 vendre dans Nou Barris<\/a><br \/><a href=\"https:\/\/locabarcelona.egluu.com\/fr\/vente-appartements-barcelone\/sant-andreu\/\">Appartements \u00e0 vendre dans Sant Andreu<\/a> <a href=\"https:\/\/locabarcelona.egluu.com\/fr\/vente-appartements-barcelone\/sant-antoni\/\">Appartements \u00e0 vendre dans Sant Antoni<\/a> <a href=\"https:\/\/locabarcelona.egluu.com\/fr\/vente-appartements-barcelone\/sant-marti\/\">Appartements \u00e0 vendre dans Sant Mart\u00ed<\/a><br \/><a href=\"https:\/\/locabarcelona.egluu.com\/fr\/vente-appartements-barcelone\/sant-marti-provencals\/\">Appartements dans Sant Mart\u00ed de Prove\u00e7als<\/a><br \/><a href=\"https:\/\/locabarcelona.egluu.com\/fr\/vente-appartements-barcelone\/el-clot\/\">Appartements \u00e0 vendre dans le Clot<\/a><br \/><a href=\"https:\/\/locabarcelona.egluu.com\/fr\/vente-appartements-barcelone\/poble-nou\/\">Appartements \u00e0 vendre dans Poblenou<\/a><br \/><a href=\"https:\/\/locabarcelona.egluu.com\/fr\/vente-appartements-barcelone\/diagonal-mar\/\">Appartements \u00e0 vendre dans Diagonal Mar<\/a><br \/><a href=\"https:\/\/locabarcelona.egluu.com\/fr\/vente-appartements-barcelone\/zona-franca\/\">Appartements \u00e0 vendre dans la Zona Franca<\/a><br \/><a href=\"https:\/\/locabarcelona.egluu.com\/fr\/vente-appartements-barcelone\/sagrera\/\">Appartements \u00e0 vendre dans La Sagrera<\/a><\/p>\t\t\t\t\t\t<\/div>\n\t\t\t\t<\/div>\n\t\t\t\t\t<\/div>\n\t\t\t\t<\/div>\n\t\t\t\t<\/div>\n\t\t","protected":false},"excerpt":{"rendered":"<p>Pourquoi acheter un appartement \u00e0 Sant Mart\u00ed de Proven\u00e7als ? Acheter un appartement \u00e0 Sant Mart\u00ed de Proven\u00e7als est l&#8217;option id\u00e9ale pour toutes les personnes qui souhaitent profiter d&#8217;un quartier tr\u00e8s calme, avec de grands espaces verts et bien situ\u00e9. Ce quartier se trouve \u00e0 seulement 20 minutes \u00e0 pied du centre commercial Diagonal Mar&#8230;<\/p>\n","protected":false},"author":344,"featured_media":0,"parent":506318,"menu_order":0,"comment_status":"closed","ping_status":"closed","template":"templates\/list-layout.php","meta":{"inline_featured_image":false,"footnotes":""},"yoast_head":"<!-- This site is optimized with the Yoast SEO Premium plugin v22.6 (Yoast SEO v22.6) - https:\/\/yoast.com\/wordpress\/plugins\/seo\/ -->\n<title>Appartements \u00e0 vendre \u00e0 Sant Mart\u00ed de Proven\u00e7als | Locabarcelona<\/title>\n<meta name=\"description\" content=\"Vous recherchez un appartement \u00e0 vendre \u00e0 Sant Marti de Proven\u00e7als ? D\u00e9couvrez tout ce dont vous aurez besoin avec Loca Barcelona\" \/>\n<meta name=\"robots\" content=\"noindex, follow, max-snippet:-1, max-image-preview:large, max-video-preview:-1\" \/>\n<meta property=\"og:locale\" content=\"fr_FR\" \/>\n<meta property=\"og:type\" content=\"article\" \/>\n<meta property=\"og:title\" content=\"Appartements \u00e0 vendre \u00e0 Sant Mart\u00ed de Proven\u00e7als | Locabarcelona\" \/>\n<meta property=\"og:description\" content=\"Vous recherchez un appartement \u00e0 vendre \u00e0 Sant Marti de Proven\u00e7als ? D\u00e9couvrez tout ce dont vous aurez besoin avec Loca Barcelona\" \/>\n<meta property=\"og:url\" content=\"https:\/\/locabarcelona.egluu.com\/fr\/vente-appartements-barcelone\/sant-marti-provencals\/\" \/>\n<meta property=\"og:site_name\" content=\"Locabarcelona\" \/>\n<meta property=\"article:modified_time\" content=\"2024-10-04T10:17:02+00:00\" \/>\n<meta name=\"twitter:card\" content=\"summary_large_image\" \/>\n<meta name=\"twitter:label1\" content=\"Est. reading time\" \/>\n\t<meta name=\"twitter:data1\" content=\"5 minutes\" \/>\n<script type=\"application\/ld+json\" class=\"yoast-schema-graph\">{\"@context\":\"https:\/\/schema.org\",\"@graph\":[{\"@type\":\"WebPage\",\"@id\":\"https:\/\/locabarcelona.egluu.com\/fr\/vente-appartements-barcelone\/sant-marti-provencals\/\",\"url\":\"https:\/\/locabarcelona.egluu.com\/fr\/vente-appartements-barcelone\/sant-marti-provencals\/\",\"name\":\"Appartements \u00e0 vendre \u00e0 Sant Mart\u00ed de Proven\u00e7als | Locabarcelona\",\"isPartOf\":{\"@id\":\"https:\/\/locabarcelona.egluu.com\/fr\/#website\"},\"datePublished\":\"2024-10-04T10:09:34+00:00\",\"dateModified\":\"2024-10-04T10:17:02+00:00\",\"description\":\"Vous recherchez un appartement \u00e0 vendre \u00e0 Sant Marti de Proven\u00e7als ? D\u00e9couvrez tout ce dont vous aurez besoin avec Loca Barcelona\",\"breadcrumb\":{\"@id\":\"https:\/\/locabarcelona.egluu.com\/fr\/vente-appartements-barcelone\/sant-marti-provencals\/#breadcrumb\"},\"inLanguage\":\"fr-FR\",\"potentialAction\":[{\"@type\":\"ReadAction\",\"target\":[\"https:\/\/locabarcelona.egluu.com\/fr\/vente-appartements-barcelone\/sant-marti-provencals\/\"]}]},{\"@type\":\"BreadcrumbList\",\"@id\":\"https:\/\/locabarcelona.egluu.com\/fr\/vente-appartements-barcelone\/sant-marti-provencals\/#breadcrumb\",\"itemListElement\":[{\"@type\":\"ListItem\",\"position\":1,\"name\":\"Inicio\",\"item\":\"https:\/\/www.locabarcelona.com\/fr\/home\/\"},{\"@type\":\"ListItem\",\"position\":2,\"name\":\"Vente d\u2019appartements \u00e0 Barcelone\",\"item\":\"https:\/\/www.locabarcelona.com\/fr\/vente-appartements-barcelone\/\"},{\"@type\":\"ListItem\",\"position\":3,\"name\":\"Appartements \u00e0 vendre \u00e0 Sant Mart\u00ed de Proven\u00e7als\"}]},{\"@type\":\"WebSite\",\"@id\":\"https:\/\/locabarcelona.egluu.com\/fr\/#website\",\"url\":\"https:\/\/locabarcelona.egluu.com\/fr\/\",\"name\":\"Loca Barcelona\",\"description\":\"Real Estate Services\",\"publisher\":{\"@id\":\"https:\/\/locabarcelona.egluu.com\/fr\/#organization\"},\"potentialAction\":[{\"@type\":\"SearchAction\",\"target\":{\"@type\":\"EntryPoint\",\"urlTemplate\":\"https:\/\/locabarcelona.egluu.com\/fr\/?s={search_term_string}\"},\"query-input\":\"required name=search_term_string\"}],\"inLanguage\":\"fr-FR\"},{\"@type\":\"Organization\",\"@id\":\"https:\/\/locabarcelona.egluu.com\/fr\/#organization\",\"name\":\"Loca Barcelona\",\"url\":\"https:\/\/locabarcelona.egluu.com\/fr\/\",\"logo\":{\"@type\":\"ImageObject\",\"inLanguage\":\"fr-FR\",\"@id\":\"https:\/\/locabarcelona.egluu.com\/fr\/#\/schema\/logo\/image\/\",\"url\":\"https:\/\/locabarcelona.egluu.com\/wp-content\/uploads\/2021\/10\/logo_locabarcelona_small.png\",\"contentUrl\":\"https:\/\/locabarcelona.egluu.com\/wp-content\/uploads\/2021\/10\/logo_locabarcelona_small.png\",\"width\":250,\"height\":149,\"caption\":\"Loca Barcelona\"},\"image\":{\"@id\":\"https:\/\/locabarcelona.egluu.com\/fr\/#\/schema\/logo\/image\/\"}}]}<\/script>\n<!-- \/ Yoast SEO Premium plugin. -->","yoast_head_json":{"title":"Appartements \u00e0 vendre \u00e0 Sant Mart\u00ed de Proven\u00e7als | Locabarcelona","description":"Vous recherchez un appartement \u00e0 vendre \u00e0 Sant Marti de Proven\u00e7als ? D\u00e9couvrez tout ce dont vous aurez besoin avec Loca Barcelona","robots":{"index":"noindex","follow":"follow","max-snippet":"max-snippet:-1","max-image-preview":"max-image-preview:large","max-video-preview":"max-video-preview:-1"},"og_locale":"fr_FR","og_type":"article","og_title":"Appartements \u00e0 vendre \u00e0 Sant Mart\u00ed de Proven\u00e7als | Locabarcelona","og_description":"Vous recherchez un appartement \u00e0 vendre \u00e0 Sant Marti de Proven\u00e7als ? D\u00e9couvrez tout ce dont vous aurez besoin avec Loca Barcelona","og_url":"https:\/\/locabarcelona.egluu.com\/fr\/vente-appartements-barcelone\/sant-marti-provencals\/","og_site_name":"Locabarcelona","article_modified_time":"2024-10-04T10:17:02+00:00","twitter_card":"summary_large_image","twitter_misc":{"Est. reading time":"5 minutes"},"schema":{"@context":"https:\/\/schema.org","@graph":[{"@type":"WebPage","@id":"https:\/\/locabarcelona.egluu.com\/fr\/vente-appartements-barcelone\/sant-marti-provencals\/","url":"https:\/\/locabarcelona.egluu.com\/fr\/vente-appartements-barcelone\/sant-marti-provencals\/","name":"Appartements \u00e0 vendre \u00e0 Sant Mart\u00ed de Proven\u00e7als | Locabarcelona","isPartOf":{"@id":"https:\/\/locabarcelona.egluu.com\/fr\/#website"},"datePublished":"2024-10-04T10:09:34+00:00","dateModified":"2024-10-04T10:17:02+00:00","description":"Vous recherchez un appartement \u00e0 vendre \u00e0 Sant Marti de Proven\u00e7als ? D\u00e9couvrez tout ce dont vous aurez besoin avec Loca Barcelona","breadcrumb":{"@id":"https:\/\/locabarcelona.egluu.com\/fr\/vente-appartements-barcelone\/sant-marti-provencals\/#breadcrumb"},"inLanguage":"fr-FR","potentialAction":[{"@type":"ReadAction","target":["https:\/\/locabarcelona.egluu.com\/fr\/vente-appartements-barcelone\/sant-marti-provencals\/"]}]},{"@type":"BreadcrumbList","@id":"https:\/\/locabarcelona.egluu.com\/fr\/vente-appartements-barcelone\/sant-marti-provencals\/#breadcrumb","itemListElement":[{"@type":"ListItem","position":1,"name":"Inicio","item":"https:\/\/www.locabarcelona.com\/fr\/home\/"},{"@type":"ListItem","position":2,"name":"Vente d\u2019appartements \u00e0 Barcelone","item":"https:\/\/www.locabarcelona.com\/fr\/vente-appartements-barcelone\/"},{"@type":"ListItem","position":3,"name":"Appartements \u00e0 vendre \u00e0 Sant Mart\u00ed de Proven\u00e7als"}]},{"@type":"WebSite","@id":"https:\/\/locabarcelona.egluu.com\/fr\/#website","url":"https:\/\/locabarcelona.egluu.com\/fr\/","name":"Loca Barcelona","description":"Real Estate Services","publisher":{"@id":"https:\/\/locabarcelona.egluu.com\/fr\/#organization"},"potentialAction":[{"@type":"SearchAction","target":{"@type":"EntryPoint","urlTemplate":"https:\/\/locabarcelona.egluu.com\/fr\/?s={search_term_string}"},"query-input":"required name=search_term_string"}],"inLanguage":"fr-FR"},{"@type":"Organization","@id":"https:\/\/locabarcelona.egluu.com\/fr\/#organization","name":"Loca Barcelona","url":"https:\/\/locabarcelona.egluu.com\/fr\/","logo":{"@type":"ImageObject","inLanguage":"fr-FR","@id":"https:\/\/locabarcelona.egluu.com\/fr\/#\/schema\/logo\/image\/","url":"https:\/\/locabarcelona.egluu.com\/wp-content\/uploads\/2021\/10\/logo_locabarcelona_small.png","contentUrl":"https:\/\/locabarcelona.egluu.com\/wp-content\/uploads\/2021\/10\/logo_locabarcelona_small.png","width":250,"height":149,"caption":"Loca Barcelona"},"image":{"@id":"https:\/\/locabarcelona.egluu.com\/fr\/#\/schema\/logo\/image\/"}}]}},"_links":{"self":[{"href":"https:\/\/locabarcelona.egluu.com\/fr\/wp-json\/wp\/v2\/pages\/546141"}],"collection":[{"href":"https:\/\/locabarcelona.egluu.com\/fr\/wp-json\/wp\/v2\/pages"}],"about":[{"href":"https:\/\/locabarcelona.egluu.com\/fr\/wp-json\/wp\/v2\/types\/page"}],"author":[{"embeddable":true,"href":"https:\/\/locabarcelona.egluu.com\/fr\/wp-json\/wp\/v2\/users\/344"}],"replies":[{"embeddable":true,"href":"https:\/\/locabarcelona.egluu.com\/fr\/wp-json\/wp\/v2\/comments?post=546141"}],"version-history":[{"count":4,"href":"https:\/\/locabarcelona.egluu.com\/fr\/wp-json\/wp\/v2\/pages\/546141\/revisions"}],"predecessor-version":[{"id":546146,"href":"https:\/\/locabarcelona.egluu.com\/fr\/wp-json\/wp\/v2\/pages\/546141\/revisions\/546146"}],"up":[{"embeddable":true,"href":"https:\/\/locabarcelona.egluu.com\/fr\/wp-json\/wp\/v2\/pages\/506318"}],"wp:attachment":[{"href":"https:\/\/locabarcelona.egluu.com\/fr\/wp-json\/wp\/v2\/media?parent=546141"}],"curies":[{"name":"wp","href":"https:\/\/api.w.org\/{rel}","templated":true}]}}